{"id":15205,"date":"2024-08-19T16:21:58","date_gmt":"2024-08-19T13:21:58","guid":{"rendered":"https:\/\/joldijagroup.com\/zrownowazony-rozwoj\/"},"modified":"2025-09-23T10:59:06","modified_gmt":"2025-09-23T07:59:06","slug":"trwalosc","status":"publish","type":"page","link":"https:\/\/joldijagroup.com\/pl\/trwalosc\/","title":{"rendered":"Trwa\u0142o\u015b\u0107"},"content":{"rendered":"\t\t<div data-elementor-type=\"wp-page\" data-elementor-id=\"15205\" class=\"elementor elementor-15205 elementor-12571\">\n\t\t\t\t\t\t<section class=\" elementor-section elementor-top-section elementor-element elementor-element-d0f034 elementor-section-full_width elementor-section-height-min-height alpha-section-stretched elementor-section-height-default elementor-section-items-middle\" data-id=\"d0f034\" data-element_type=\"section\">\r\n\t\t\t\t\t\t\t\t<div class=\"elementor-container elementor-column-gap-default\">\r\n\t\t\t\t\r\n\t\t\t\t\t\t\t\t<div class=\" elementor-column elementor-col-100 elementor-top-column elementor-element elementor-element-7edb8733 \" data-id=\"7edb8733\" data-element_type=\"column\">\r\n\r\n\t\t\t\t\r\n\t\t\t\t<div class=\"elementor-widget-wrap elementor-element-populated\">\r\n\t\t\t\t\t\t\t\t\t\t\r\n\t\t\t\t\t\t<div class=\"elementor-element elementor-element-c64c4e2 elementor-invisible elementor-widget elementor-widget-udesign_widget_banner\" data-id=\"c64c4e2\" data-element_type=\"widget\" data-settings=\"{&quot;_animation&quot;:&quot;fadeIn&quot;}\" data-widget_type=\"udesign_widget_banner.default\">\r\n\t\t\t\t<div class=\"elementor-widget-container\">\n\t\t\t<div class=\"banner banner-fixed\">\t<figure class=\"banner-img\">\r\n\t\t<img fetchpriority=\"high\" decoding=\"async\" width=\"1500\" height=\"500\" src=\"https:\/\/joldijagroup.com\/wp-content\/uploads\/2025\/01\/Untitled-design-5.png\" class=\"attachment-full size-full\" alt=\"Sustainability and growth Joldijagroup\" srcset=\"https:\/\/joldijagroup.com\/wp-content\/uploads\/2025\/01\/Untitled-design-5.png 1500w, https:\/\/joldijagroup.com\/wp-content\/uploads\/2025\/01\/Untitled-design-5-1024x341.png 1024w, https:\/\/joldijagroup.com\/wp-content\/uploads\/2025\/01\/Untitled-design-5-768x256.png 768w\" sizes=\"(max-width: 1500px) 100vw, 1500px\" \/>\t<\/figure>\r\n\t<div class=\"banner-content t-mc\"><div class=\"banner-item elementor-repeater-item-51d814a item-block\"  data-floating={\"type\":\"skr_fade_in\",\"m_track_dir\":\"\",\"m_track_speed\":0.5,\"scroll_size\":\"50\",\"scroll_stop\":\"center\"}><div class=\"floating-wrapper layer-wrapper elementor-repeater-item-51d814a-wrapper\" data-plugin='skrollr' data-options='{\"data-bottom-top\":\"transform: translate(0, 0); opacity: 0;\",\"data-center\":\"transform: translate(0%, 0%); opacity: 1;\"}' ><h3 class=\"text\">Trwa\u0142o\u015b\u0107<\/h3><\/div><\/div><p class=\"banner-item elementor-repeater-item-47d6081 item-block text\">Nasze ukierunkowanie na zr\u00f3wnowa\u017cony rozw\u00f3j zapewnia trwa\u0142\u0105 warto\u015b\u0107 poprzez odpowiedzialno\u015b\u0107 i wzrost<\/p><\/div><\/div>\t\t<\/div>\n\t\t\t\t<\/div>\n\t\t\t\t\t\t<\/div>\r\n\t\t\t\t<\/div>\r\n\t\t\t\t\t\t\t\t<\/div>\r\n\t\t\t<\/section>\r\n\t\t\t\t\t<section class=\" elementor-section elementor-top-section elementor-element elementor-element-7d55239 elementor-section-boxed elementor-section-height-default elementor-section-height-default\" data-id=\"7d55239\" data-element_type=\"section\">\r\n\t\t\t\t\t\t\t\t<div class=\"elementor-container elementor-column-gap-default\">\r\n\t\t\t\t\r\n\t\t\t\t\t\t\t\t<div class=\" elementor-column elementor-col-100 elementor-top-column elementor-element elementor-element-58e5503 \" data-id=\"58e5503\" data-element_type=\"column\">\r\n\r\n\t\t\t\t\r\n\t\t\t\t<div class=\"elementor-widget-wrap elementor-element-populated\">\r\n\t\t\t\t\t\t\t\t\t\t\r\n\t\t\t\t\t\t<div class=\"elementor-element elementor-element-c8429b7 elementor-widget elementor-widget-text-editor\" data-id=\"c8429b7\" data-element_type=\"widget\" data-widget_type=\"text-editor.default\">\n\t\t\t\t<div class=\"elementor-widget-container\">\n\t\t\t\t\t\t\t<p>Wierzymy, \u017ce firmy maj\u0105 obowi\u0105zek wywierania pozytywnego wp\u0142ywu na planet\u0119, jednocze\u015bnie dostarczaj\u0105c warto\u015b\u0107 naszym klientom, pracownikom i spo\u0142eczno\u015bciom. Nasze podej\u015bcie integruje zarz\u0105dzanie \u015brodowiskiem, odpowiedzialno\u015b\u0107 spo\u0142eczn\u0105 i innowacyjne praktyki w celu budowania bardziej zr\u00f3wnowa\u017conej przysz\u0142o\u015bci. Od zmniejszania \u015bladu w\u0119glowego i minimalizowania ilo\u015bci odpad\u00f3w po korzystanie z energii odnawialnej i promowanie etycznego zaopatrzenia, jeste\u015bmy zaanga\u017cowani we wdra\u017canie rozwi\u0105za\u0144, kt\u00f3re r\u00f3wnowa\u017c\u0105 wzrost z dobrobytem naszej planety. Razem nie tylko wyobra\u017camy sobie zr\u00f3wnowa\u017con\u0105 przysz\u0142o\u015b\u0107 &#8211; my j\u0105 tworzymy.   <\/p>\n\t\t\t\t\t\t<\/div>\n\t\t\t\t<\/div>\n\t\t\t\t\t\t<\/div>\r\n\t\t\t\t<\/div>\r\n\t\t\t\t\t\t\t\t<\/div>\r\n\t\t\t<\/section>\r\n\t\t\t\t\t<section class=\" elementor-section elementor-top-section elementor-element elementor-element-af7f9d1 elementor-section-boxed elementor-section-height-default elementor-section-height-default\" data-id=\"af7f9d1\" data-element_type=\"section\" data-settings=\"{&quot;background_background&quot;:&quot;classic&quot;}\">\r\n\t\t\t\t\t\t\t\t<div class=\"elementor-container elementor-column-gap-default\">\r\n\t\t\t\t\r\n\t\t\t\t\t\t\t\t<div class=\" elementor-column elementor-col-25 elementor-top-column elementor-element elementor-element-eb57fa7 elementor-invisible \" data-id=\"eb57fa7\" data-element_type=\"column\" data-settings=\"{&quot;background_background&quot;:&quot;classic&quot;,&quot;animation&quot;:&quot;fadeInLeft&quot;,&quot;animation_delay&quot;:400}\">\r\n\r\n\t\t\t\t\r\n\t\t\t\t<div class=\"elementor-widget-wrap elementor-element-populated\">\r\n\t\t\t\t\t\t\t\t\t\t\r\n\t\t\t\t\t\t<div class=\"elementor-element elementor-element-5e2ddaf elementor-widget elementor-widget-image\" data-id=\"5e2ddaf\" data-element_type=\"widget\" data-widget_type=\"image.default\">\n\t\t\t\t<div class=\"elementor-widget-container\">\n\t\t\t\t\t\t\t\t\t\t\t\t\t<img decoding=\"async\" src=\"https:\/\/joldijagroup.com\/wp-content\/uploads\/elementor\/thumbs\/footprint-qznp1o6k4u9h0qyw6hj1mcnxyjp8mmv94w71qy2sm4.png\" title=\"footprint\" alt=\"footprint\" loading=\"lazy\" \/>\t\t\t\t\t\t\t\t\t\t\t\t\t<\/div>\n\t\t\t\t<\/div>\n\t\t\t\t<div class=\"elementor-element elementor-element-9c0e431 elementor-widget elementor-widget-heading\" data-id=\"9c0e431\" data-element_type=\"widget\" data-widget_type=\"heading.default\">\n\t\t\t\t<div class=\"elementor-widget-container\">\n\t\t\t<h2 class=\"elementor-heading-title elementor-size-default\">\u015alad w\u0119glowy na poziomie 1,2<\/h2>\t\t<\/div>\n\t\t\t\t<\/div>\n\t\t\t\t<div class=\"elementor-element elementor-element-f8ed359 elementor-widget elementor-widget-text-editor\" data-id=\"f8ed359\" data-element_type=\"widget\" data-widget_type=\"text-editor.default\">\n\t\t\t\t<div class=\"elementor-widget-container\">\n\t\t\t\t\t\t\t<p>Mierzymy i zarz\u0105dzamy naszym \u015bladem w\u0119glowym, redukuj\u0105c emisje z dzia\u0142alno\u015bci operacyjnej i zakupionej energii w celu uzyskania zr\u00f3wnowa\u017conego \u015bladu w\u0119glowego.<\/p>\n\t\t\t\t\t\t<\/div>\n\t\t\t\t<\/div>\n\t\t\t\t\t\t<\/div>\r\n\t\t\t\t<\/div>\r\n\t\t\t\t\t\t\t\t\t<div class=\" elementor-column elementor-col-25 elementor-top-column elementor-element elementor-element-f7ebef7 elementor-invisible \" data-id=\"f7ebef7\" data-element_type=\"column\" data-settings=\"{&quot;background_background&quot;:&quot;classic&quot;,&quot;animation&quot;:&quot;fadeInLeft&quot;,&quot;animation_delay&quot;:300}\">\r\n\r\n\t\t\t\t\r\n\t\t\t\t<div class=\"elementor-widget-wrap elementor-element-populated\">\r\n\t\t\t\t\t\t\t\t\t\t\r\n\t\t\t\t\t\t<div class=\"elementor-element elementor-element-a768558 elementor-widget elementor-widget-image\" data-id=\"a768558\" data-element_type=\"widget\" data-widget_type=\"image.default\">\n\t\t\t\t<div class=\"elementor-widget-container\">\n\t\t\t\t\t\t\t\t\t\t\t\t\t<img decoding=\"async\" src=\"https:\/\/joldijagroup.com\/wp-content\/uploads\/elementor\/thumbs\/renewable-energy-icon-png-8-1-qznqf2l7bdvz6z7npu96nvw1vk7p5yzelehpqgtxlo.webp\" title=\"renewable-energy-icon-png-8 (1)\" alt=\"renewable-energy-icon-png-8 (1)\" loading=\"lazy\" \/>\t\t\t\t\t\t\t\t\t\t\t\t\t<\/div>\n\t\t\t\t<\/div>\n\t\t\t\t<div class=\"elementor-element elementor-element-c320dce elementor-widget elementor-widget-heading\" data-id=\"c320dce\" data-element_type=\"widget\" data-widget_type=\"heading.default\">\n\t\t\t\t<div class=\"elementor-widget-container\">\n\t\t\t<h2 class=\"elementor-heading-title elementor-size-default\">~70% energii odnawialnej<\/h2>\t\t<\/div>\n\t\t\t\t<\/div>\n\t\t\t\t<div class=\"elementor-element elementor-element-36d1b76 elementor-widget elementor-widget-text-editor\" data-id=\"36d1b76\" data-element_type=\"widget\" data-widget_type=\"text-editor.default\">\n\t\t\t\t<div class=\"elementor-widget-container\">\n\t\t\t\t\t\t\t<p>Priorytetowo traktujemy energi\u0119 odnawialn\u0105, pozyskuj\u0105c czyst\u0105 energi\u0119, aby zapewni\u0107 zr\u00f3wnowa\u017cony rozw\u00f3j i zmniejszy\u0107 nasz wp\u0142yw na \u015brodowisko.<\/p>\n\t\t\t\t\t\t<\/div>\n\t\t\t\t<\/div>\n\t\t\t\t\t\t<\/div>\r\n\t\t\t\t<\/div>\r\n\t\t\t\t\t\t\t\t\t<div class=\" elementor-column elementor-col-25 elementor-top-column elementor-element elementor-element-7ad2dac elementor-invisible \" data-id=\"7ad2dac\" data-element_type=\"column\" data-settings=\"{&quot;background_background&quot;:&quot;classic&quot;,&quot;animation&quot;:&quot;fadeInLeft&quot;,&quot;animation_delay&quot;:200}\">\r\n\r\n\t\t\t\t\r\n\t\t\t\t<div class=\"elementor-widget-wrap elementor-element-populated\">\r\n\t\t\t\t\t\t\t\t\t\t\r\n\t\t\t\t\t\t<div class=\"elementor-element elementor-element-a89afbc elementor-widget elementor-widget-image\" data-id=\"a89afbc\" data-element_type=\"widget\" data-widget_type=\"image.default\">\n\t\t\t\t<div class=\"elementor-widget-container\">\n\t\t\t\t\t\t\t\t\t\t\t\t\t<img decoding=\"async\" src=\"https:\/\/joldijagroup.com\/wp-content\/uploads\/elementor\/thumbs\/Untitled-design-7-e1736257589330-qznqs99p6pxs2225q1fs523tv58254buqnxx37a4bg.png\" title=\"Untitled design (7)\" alt=\"Untitled design (7)\" loading=\"lazy\" \/>\t\t\t\t\t\t\t\t\t\t\t\t\t<\/div>\n\t\t\t\t<\/div>\n\t\t\t\t<div class=\"elementor-element elementor-element-8526cd0 elementor-widget elementor-widget-heading\" data-id=\"8526cd0\" data-element_type=\"widget\" data-widget_type=\"heading.default\">\n\t\t\t\t<div class=\"elementor-widget-container\">\n\t\t\t<h2 class=\"elementor-heading-title elementor-size-default\">Korekta granicy emisji dwutlenku w\u0119gla  <\/h2>\t\t<\/div>\n\t\t\t\t<\/div>\n\t\t\t\t<div class=\"elementor-element elementor-element-c0179a6 elementor-widget elementor-widget-text-editor\" data-id=\"c0179a6\" data-element_type=\"widget\" data-widget_type=\"text-editor.default\">\n\t\t\t\t<div class=\"elementor-widget-container\">\n\t\t\t\t\t\t\t<p>Wspieramy mechanizm dostosowywania cen na granicach z uwzgl\u0119dnieniem emisji dwutlenku w\u0119gla, promuj\u0105c sprawiedliwy handel i ograniczaj\u0105c emisje dwutlenku w\u0119gla w \u0142a\u0144cuchach dostaw.<\/p>\n\t\t\t\t\t\t<\/div>\n\t\t\t\t<\/div>\n\t\t\t\t\t\t<\/div>\r\n\t\t\t\t<\/div>\r\n\t\t\t\t\t\t\t\t\t<div class=\" elementor-column elementor-col-25 elementor-top-column elementor-element elementor-element-13d98c8 elementor-invisible \" data-id=\"13d98c8\" data-element_type=\"column\" data-settings=\"{&quot;background_background&quot;:&quot;classic&quot;,&quot;animation&quot;:&quot;fadeInLeft&quot;,&quot;animation_delay&quot;:100}\">\r\n\r\n\t\t\t\t\r\n\t\t\t\t<div class=\"elementor-widget-wrap elementor-element-populated\">\r\n\t\t\t\t\t\t\t\t\t\t\r\n\t\t\t\t\t\t<div class=\"elementor-element elementor-element-4a8316b elementor-widget elementor-widget-image\" data-id=\"4a8316b\" data-element_type=\"widget\" data-widget_type=\"image.default\">\n\t\t\t\t<div class=\"elementor-widget-container\">\n\t\t\t\t\t\t\t\t\t\t\t\t\t<img decoding=\"async\" src=\"https:\/\/joldijagroup.com\/wp-content\/uploads\/elementor\/thumbs\/Untitled-design-9-e1736257961446-qznr1yxnt38g0zy908kzwlvauhcloiw02qmjm4vo0s.png\" title=\"Untitled design (9)\" alt=\"Untitled design (9)\" loading=\"lazy\" \/>\t\t\t\t\t\t\t\t\t\t\t\t\t<\/div>\n\t\t\t\t<\/div>\n\t\t\t\t<div class=\"elementor-element elementor-element-cd829ce elementor-widget elementor-widget-heading\" data-id=\"cd829ce\" data-element_type=\"widget\" data-widget_type=\"heading.default\">\n\t\t\t\t<div class=\"elementor-widget-container\">\n\t\t\t<h2 class=\"elementor-heading-title elementor-size-default\">Forest Stewardship Council<\/h2>\t\t<\/div>\n\t\t\t\t<\/div>\n\t\t\t\t<div class=\"elementor-element elementor-element-f89fbfe elementor-widget elementor-widget-text-editor\" data-id=\"f89fbfe\" data-element_type=\"widget\" data-widget_type=\"text-editor.default\">\n\t\t\t\t<div class=\"elementor-widget-container\">\n\t\t\t\t\t\t\t<p>Wspieramy Forest Stewardship Council, promuj\u0105c odpowiedzialn\u0105 gospodark\u0119 le\u015bn\u0105 i zr\u00f3wnowa\u017cone praktyki zaopatrzenia.<\/p>\n\t\t\t\t\t\t<\/div>\n\t\t\t\t<\/div>\n\t\t\t\t\t\t<\/div>\r\n\t\t\t\t<\/div>\r\n\t\t\t\t\t\t\t\t<\/div>\r\n\t\t\t<\/section>\r\n\t\t\t\t\t<section class=\" elementor-section elementor-top-section elementor-element elementor-element-c0893df elementor-section-boxed elementor-section-height-default elementor-section-height-default\" data-id=\"c0893df\" data-element_type=\"section\">\r\n\t\t\t\t\t\t\t\t<div class=\"elementor-container elementor-column-gap-default\">\r\n\t\t\t\t\r\n\t\t\t\t\t\t\t\t<div class=\" elementor-column elementor-col-100 elementor-top-column elementor-element elementor-element-ee6e64e \" data-id=\"ee6e64e\" data-element_type=\"column\">\r\n\r\n\t\t\t\t\r\n\t\t\t\t<div class=\"elementor-widget-wrap elementor-element-populated\">\r\n\t\t\t\t\t\t\t\t\t\t\r\n\t\t\t\t\t\t<div class=\"elementor-element elementor-element-801ef7d elementor-widget elementor-widget-spacer\" data-id=\"801ef7d\" data-element_type=\"widget\" data-widget_type=\"spacer.default\">\n\t\t\t\t<div class=\"elementor-widget-container\">\n\t\t\t\t\t<div class=\"elementor-spacer\">\n\t\t\t<div class=\"elementor-spacer-inner\"><\/div>\n\t\t<\/div>\n\t\t\t\t<\/div>\n\t\t\t\t<\/div>\n\t\t\t\t\t\t<\/div>\r\n\t\t\t\t<\/div>\r\n\t\t\t\t\t\t\t\t<\/div>\r\n\t\t\t<\/section>\r\n\t\t\t\t\t<section class=\" elementor-section elementor-top-section elementor-element elementor-element-5eab1cb elementor-section-boxed elementor-section-height-default elementor-section-height-default\" data-id=\"5eab1cb\" data-element_type=\"section\">\r\n\t\t\t\t\t\t\t\t<div class=\"elementor-container elementor-column-gap-default\">\r\n\t\t\t\t\r\n\t\t\t\t\t\t\t\t<div class=\" elementor-column elementor-col-100 elementor-top-column elementor-element elementor-element-5e91aaa \" data-id=\"5e91aaa\" data-element_type=\"column\">\r\n\r\n\t\t\t\t\r\n\t\t\t\t<div class=\"elementor-widget-wrap elementor-element-populated\">\r\n\t\t\t\t\t\t\t\t\t\t\r\n\t\t\t\t\t\t<div class=\"elementor-element elementor-element-9a7aec4 elementor-widget elementor-widget-heading\" data-id=\"9a7aec4\" data-element_type=\"widget\" data-widget_type=\"heading.default\">\n\t\t\t\t<div class=\"elementor-widget-container\">\n\t\t\t<h2 class=\"elementor-heading-title elementor-size-default\">Elektrownia s\u0142oneczna 230 kW  <\/h2>\t\t<\/div>\n\t\t\t\t<\/div>\n\t\t\t\t<div class=\"elementor-element elementor-element-fc545d1 elementor-widget elementor-widget-text-editor\" data-id=\"fc545d1\" data-element_type=\"widget\" data-widget_type=\"text-editor.default\">\n\t\t\t\t<div class=\"elementor-widget-container\">\n\t\t\t\t\t\t\t<div class=\"flex-shrink-0 flex flex-col relative items-end\"><div><div class=\"pt-0\"><div class=\"gizmo-bot-avatar flex h-8 w-8 items-center justify-center overflow-hidden rounded-full\"><div class=\"relative p-1 rounded-sm flex items-center justify-center bg-token-main-surface-primary text-token-text-primary h-8 w-8\">\u00a0<\/div><\/div><\/div><\/div><\/div><div class=\"group\/conversation-turn relative flex w-full min-w-0 flex-col agent-turn\"><div class=\"flex-col gap-1 md:gap-3\"><div class=\"flex max-w-full flex-col flex-grow\"><div class=\"min-h-8 text-message flex w-full flex-col items-end gap-2 whitespace-normal break-words text-start [.text-message+&amp;]:mt-5\" dir=\"auto\" data-message-author-role=\"assistant\" data-message-id=\"09a05415-5fab-49fb-9bda-6fc42f7d290d\" data-message-model-slug=\"gpt-4o\"><div class=\"flex w-full flex-col gap-1 empty:hidden first:pt-[3px]\"><div class=\"markdown prose w-full break-words dark:prose-invert light\"><p>Rozwijaj\u0105c i poszerzaj\u0105c nasze us\u0142ugi i asortyment, pozostajemy g\u0142\u0119boko zaanga\u017cowani w zr\u00f3wnowa\u017cony rozw\u00f3j &#8211; fundamentalny aspekt naszej dzia\u0142alno\u015bci. To zaanga\u017cowanie nap\u0119dza inicjatywy, takie jak inwestowanie w rozwi\u0105zania w zakresie energii odnawialnej, takie jak nasza elektrownia s\u0142oneczna. Wykorzystuj\u0105c czyst\u0105, zr\u00f3wnowa\u017con\u0105 energi\u0119, nie tylko zmniejszamy nasz\u0105 zale\u017cno\u015b\u0107 od paliw kopalnych, ale tak\u017ce znacznie obni\u017camy nasz \u015blad w\u0119glowy, dostosowuj\u0105c nasz rozw\u00f3j do zdrowia i dobrobytu planety<\/p><\/div><\/div><\/div><\/div><\/div><\/div>\t\t\t\t\t\t<\/div>\n\t\t\t\t<\/div>\n\t\t\t\t\t\t<\/div>\r\n\t\t\t\t<\/div>\r\n\t\t\t\t\t\t\t\t<\/div>\r\n\t\t\t<\/section>\r\n\t\t\t\t\t<section class=\" elementor-section elementor-top-section elementor-element elementor-element-59b2bf3 elementor-section-full_width elementor-section-height-default elementor-section-height-default\" data-id=\"59b2bf3\" data-element_type=\"section\">\r\n\t\t\t\t\t\t\t\t<div class=\"elementor-container elementor-column-gap-default\">\r\n\t\t\t\t\r\n\t\t\t\t\t\t\t\t<div class=\" elementor-column elementor-col-100 elementor-top-column elementor-element elementor-element-f1c5d66 \" data-id=\"f1c5d66\" data-element_type=\"column\">\r\n\r\n\t\t\t\t\r\n\t\t\t\t<div class=\"elementor-widget-wrap elementor-element-populated\">\r\n\t\t\t\t\t\t\t\t\t\t\r\n\t\t\t\t\t\t<div class=\"elementor-element elementor-element-ab372f2 elementor-invisible elementor-widget elementor-widget-image\" data-id=\"ab372f2\" data-element_type=\"widget\" data-settings=\"{&quot;_animation&quot;:&quot;slideInUp&quot;}\" data-widget_type=\"image.default\">\n\t\t\t\t<div class=\"elementor-widget-container\">\n\t\t\t\t\t\t\t\t\t\t\t\t\t<img decoding=\"async\" src=\"https:\/\/joldijagroup.com\/wp-content\/uploads\/2024\/08\/Dizainas-be-pavadinimo-2024-08-01T143210.560.jpg\" title=\"Dizainas be pavadinimo &#8211; 2024-08-01T143210.560\" alt=\"Dizainas be pavadinimo - 2024-08-01T143210.560\" loading=\"lazy\" \/>\t\t\t\t\t\t\t\t\t\t\t\t\t<\/div>\n\t\t\t\t<\/div>\n\t\t\t\t\t\t<\/div>\r\n\t\t\t\t<\/div>\r\n\t\t\t\t\t\t\t\t<\/div>\r\n\t\t\t<\/section>\r\n\t\t\t\t\t<section class=\" elementor-section elementor-top-section elementor-element elementor-element-98af8c7 elementor-section-boxed elementor-section-height-default elementor-section-height-default\" data-id=\"98af8c7\" data-element_type=\"section\">\r\n\t\t\t\t\t\t\t\t<div class=\"elementor-container elementor-column-gap-default\">\r\n\t\t\t\t\r\n\t\t\t\t\t\t\t\t<div class=\" elementor-column elementor-col-100 elementor-top-column elementor-element elementor-element-f0691f7 \" data-id=\"f0691f7\" data-element_type=\"column\">\r\n\r\n\t\t\t\t\r\n\t\t\t\t<div class=\"elementor-widget-wrap elementor-element-populated\">\r\n\t\t\t\t\t\t\t\t\t\t\r\n\t\t\t\t\t\t<div class=\"elementor-element elementor-element-ed8a1d6 elementor-widget elementor-widget-spacer\" data-id=\"ed8a1d6\" data-element_type=\"widget\" data-widget_type=\"spacer.default\">\n\t\t\t\t<div class=\"elementor-widget-container\">\n\t\t\t\t\t<div class=\"elementor-spacer\">\n\t\t\t<div class=\"elementor-spacer-inner\"><\/div>\n\t\t<\/div>\n\t\t\t\t<\/div>\n\t\t\t\t<\/div>\n\t\t\t\t\t\t<\/div>\r\n\t\t\t\t<\/div>\r\n\t\t\t\t\t\t\t\t<\/div>\r\n\t\t\t<\/section>\r\n\t\t\t\t\t<section class=\" elementor-section elementor-top-section elementor-element elementor-element-fc3a10a elementor-section-boxed elementor-section-height-default elementor-section-height-default\" data-id=\"fc3a10a\" data-element_type=\"section\">\r\n\t\t\t\t\t\t\t\t<div class=\"elementor-container elementor-column-gap-default\">\r\n\t\t\t\t\r\n\t\t\t\t\t\t\t\t<div class=\" elementor-column elementor-col-50 elementor-top-column elementor-element elementor-element-711285f \" data-id=\"711285f\" data-element_type=\"column\">\r\n\r\n\t\t\t\t\r\n\t\t\t\t<div class=\"elementor-widget-wrap elementor-element-populated\">\r\n\t\t\t\t\t\t\t\t\t\t\r\n\t\t\t\t\t\t<div class=\"elementor-element elementor-element-1cb2f60 elementor-invisible elementor-widget elementor-widget-image\" data-id=\"1cb2f60\" data-element_type=\"widget\" data-settings=\"{&quot;_animation&quot;:&quot;fadeInLeft&quot;}\" data-widget_type=\"image.default\">\n\t\t\t\t<div class=\"elementor-widget-container\">\n\t\t\t\t\t\t\t\t\t\t\t\t\t<img decoding=\"async\" width=\"800\" height=\"533\" src=\"https:\/\/joldijagroup.com\/wp-content\/uploads\/2025\/08\/Packaging2-mazinta.jpg\" class=\"attachment-large size-large wp-image-20778\" alt=\"\" srcset=\"https:\/\/joldijagroup.com\/wp-content\/uploads\/2025\/08\/Packaging2-mazinta.jpg 800w, https:\/\/joldijagroup.com\/wp-content\/uploads\/2025\/08\/Packaging2-mazinta-768x512.jpg 768w\" sizes=\"(max-width: 800px) 100vw, 800px\" \/>\t\t\t\t\t\t\t\t\t\t\t\t\t<\/div>\n\t\t\t\t<\/div>\n\t\t\t\t\t\t<\/div>\r\n\t\t\t\t<\/div>\r\n\t\t\t\t\t\t\t\t\t<div class=\" elementor-column elementor-col-50 elementor-top-column elementor-element elementor-element-5e004dd \" data-id=\"5e004dd\" data-element_type=\"column\">\r\n\r\n\t\t\t\t\r\n\t\t\t\t<div class=\"elementor-widget-wrap elementor-element-populated\">\r\n\t\t\t\t\t\t\t\t\t\t\r\n\t\t\t\t\t\t<div class=\"elementor-element elementor-element-54ecfc0 elementor-widget elementor-widget-heading\" data-id=\"54ecfc0\" data-element_type=\"widget\" data-widget_type=\"heading.default\">\n\t\t\t\t<div class=\"elementor-widget-container\">\n\t\t\t<h2 class=\"elementor-heading-title elementor-size-default\">Dlaczego ta zmiana jest wa\u017cna?<\/h2>\t\t<\/div>\n\t\t\t\t<\/div>\n\t\t\t\t<div class=\"elementor-element elementor-element-e6cf10f elementor-widget elementor-widget-text-editor\" data-id=\"e6cf10f\" data-element_type=\"widget\" data-widget_type=\"text-editor.default\">\n\t\t\t\t<div class=\"elementor-widget-container\">\n\t\t\t\t\t\t\t<p>Opakowania papierowe zapewniaj\u0105 niezawodn\u0105 ochron\u0119 naszych produkt\u00f3w, \u0142atwo poddaj\u0105 si\u0119 recyklingowi, zmniejszaj\u0105 wp\u0142yw na \u015brodowisko i odzwierciedlaj\u0105 nasze zaanga\u017cowanie w oferowanie klientom bardziej zr\u00f3wnowa\u017conych wybor\u00f3w.<\/p>\n<p>Z ka\u017cdym krokiem, kt\u00f3ry podejmujemy, zr\u00f3wnowa\u017cony rozw\u00f3j staje si\u0119 coraz bardziej zintegrowany we wszystkich obszarach dzia\u0142alno\u015bci Joldija &#8211; od naszych produkt\u00f3w i us\u0142ug po nasze codzienne praktyki. Razem mo\u017cemy wywrze\u0107 pozytywny wp\u0142yw na nasz\u0105 planet\u0119.   <\/p>\n<p>Wybierz opakowania papierowe i do\u0142\u0105cz do nas w podr\u00f3\u017cy ku bardziej ekologicznej przysz\u0142o\u015bci!<\/p>\n\t\t\t\t\t\t<\/div>\n\t\t\t\t<\/div>\n\t\t\t\t\t\t<\/div>\r\n\t\t\t\t<\/div>\r\n\t\t\t\t\t\t\t\t<\/div>\r\n\t\t\t<\/section>\r\n\t\t\t\t\t<\/div>\n\t\t","protected":false},"excerpt":{"rendered":"<p>Trwa\u0142o\u015b\u0107 Nasze ukierunkowanie na zr\u00f3wnowa\u017cony rozw\u00f3j zapewnia trwa\u0142\u0105 warto\u015b\u0107 poprzez odpowiedzialno\u015b\u0107 i wzrost Wierzymy, \u017ce firmy maj\u0105 obowi\u0105zek wywierania pozytywnego wp\u0142ywu na planet\u0119, jednocze\u015bnie dostarczaj\u0105c warto\u015b\u0107 naszym klientom, pracownikom i spo\u0142eczno\u015bciom. Nasze podej\u015bcie integruje zarz\u0105dzanie \u015brodowiskiem, odpowiedzialno\u015b\u0107 spo\u0142eczn\u0105 i innowacyjne praktyki w celu budowania bardziej zr\u00f3wnowa\u017conej przysz\u0142o\u015bci. Od zmniejszania \u015bladu w\u0119glowego i minimalizowania ilo\u015bci odpad\u00f3w [&hellip;]<\/p>\n","protected":false},"author":3,"featured_media":0,"parent":0,"menu_order":0,"comment_status":"closed","ping_status":"closed","template":"elementor_header_footer","meta":{"footnotes":""},"class_list":["post-15205","page","type-page","status-publish","hentry"],"aioseo_notices":[],"_links":{"self":[{"href":"https:\/\/joldijagroup.com\/pl\/wp-json\/wp\/v2\/pages\/15205","targetHints":{"allow":["GET"]}}],"collection":[{"href":"https:\/\/joldijagroup.com\/pl\/wp-json\/wp\/v2\/pages"}],"about":[{"href":"https:\/\/joldijagroup.com\/pl\/wp-json\/wp\/v2\/types\/page"}],"author":[{"embeddable":true,"href":"https:\/\/joldijagroup.com\/pl\/wp-json\/wp\/v2\/users\/3"}],"replies":[{"embeddable":true,"href":"https:\/\/joldijagroup.com\/pl\/wp-json\/wp\/v2\/comments?post=15205"}],"version-history":[{"count":24,"href":"https:\/\/joldijagroup.com\/pl\/wp-json\/wp\/v2\/pages\/15205\/revisions"}],"predecessor-version":[{"id":21055,"href":"https:\/\/joldijagroup.com\/pl\/wp-json\/wp\/v2\/pages\/15205\/revisions\/21055"}],"wp:attachment":[{"href":"https:\/\/joldijagroup.com\/pl\/wp-json\/wp\/v2\/media?parent=15205"}],"curies":[{"name":"wp","href":"https:\/\/api.w.org\/{rel}","templated":true}]}}