{"id":22421,"date":"2025-12-22T13:52:33","date_gmt":"2025-12-22T11:52:33","guid":{"rendered":"https:\/\/joldijagroup.com\/kandidato-kontaktine-forma\/"},"modified":"2025-12-22T15:21:04","modified_gmt":"2025-12-22T13:21:04","slug":"kandidato-kontaktine-forma","status":"publish","type":"page","link":"https:\/\/joldijagroup.com\/lt\/kandidato-kontaktine-forma\/","title":{"rendered":"Kandidato kontaktin\u0117 forma"},"content":{"rendered":"\t\t<div data-elementor-type=\"wp-page\" data-elementor-id=\"22421\" class=\"elementor elementor-22421 elementor-22388\">\n\t\t\t\t\t\t<section class=\" elementor-section elementor-top-section elementor-element elementor-element-335e10a elementor-section-boxed elementor-section-height-default elementor-section-height-default\" data-id=\"335e10a\" data-element_type=\"section\">\r\n\t\t\t\t\t\t\t\t<div class=\"elementor-container elementor-column-gap-default\">\r\n\t\t\t\t\r\n\t\t\t\t\t\t\t\t<div class=\" elementor-column elementor-col-100 elementor-top-column elementor-element elementor-element-b78b2cc \" data-id=\"b78b2cc\" data-element_type=\"column\">\r\n\r\n\t\t\t\t\r\n\t\t\t\t<div class=\"elementor-widget-wrap elementor-element-populated\">\r\n\t\t\t\t\t\t\t\t\t\t\r\n\t\t\t\t\t\t<div class=\"elementor-element elementor-element-63b811c elementor-invisible elementor-widget elementor-widget-text-editor\" data-id=\"63b811c\" data-element_type=\"widget\" data-settings=\"{&quot;_animation&quot;:&quot;fadeInLeft&quot;}\" data-widget_type=\"text-editor.default\">\n\t\t\t\t<div class=\"elementor-widget-container\">\n\t\t\t\t\t\t\t<h3><strong>ESAME D\u0116KINGI U\u017d GALIMYB\u0118 DIRBTI KARTU SU TALENTINGAIS IR \u012eKVEPIAN\u010cIAIS \u017dMON\u0116MIS PRIE NEPAPRAST\u0172 PROJEKT\u0172 IR TAPTI M\u016aS\u0172 KOMANDOS DALIMI.<\/strong><\/h3>\n\t\t\t\t\t\t<\/div>\n\t\t\t\t<\/div>\n\t\t\t\t\t\t<\/div>\r\n\t\t\t\t<\/div>\r\n\t\t\t\t\t\t\t\t<\/div>\r\n\t\t\t<\/section>\r\n\t\t\t\t\t<section class=\" elementor-section elementor-top-section elementor-element elementor-element-a9f3ab1 elementor-section-boxed elementor-section-height-default elementor-section-height-default\" data-id=\"a9f3ab1\" data-element_type=\"section\">\r\n\t\t\t\t\t\t\t\t<div class=\"elementor-container elementor-column-gap-default\">\r\n\t\t\t\t\r\n\t\t\t\t\t\t\t\t<div class=\" elementor-column elementor-col-100 elementor-top-column elementor-element elementor-element-7d5f7b2 \" data-id=\"7d5f7b2\" data-element_type=\"column\">\r\n\r\n\t\t\t\t\r\n\t\t\t\t<div class=\"elementor-widget-wrap elementor-element-populated\">\r\n\t\t\t\t\t\t\t\t\t\t\r\n\t\t\t\t\t\t<div class=\"elementor-element elementor-element-3d6707d elementor-widget elementor-widget-text-editor\" data-id=\"3d6707d\" data-element_type=\"widget\" data-widget_type=\"text-editor.default\">\n\t\t\t\t<div class=\"elementor-widget-container\">\n\t\t\t\t\t\t\t<p>\u201eJoldijagroup\u201c glaud\u017eiai bendradarbiauja su savo komanda visuose produkto k\u016brimo ir gamybos etapuose \u2013 nuo pradin\u0117s id\u0117jos iki pateikimo rinkai. Dirbdami kartu, kuriame inovatyvius sprendimus ir taikome visapusi\u0161k\u0105 po\u017ei\u016br\u012f \u2013 nuo nauj\u0173 produkt\u0173 vystymo iki didel\u0117s apimties gamybos, suteikdami galimyb\u0119 darbuotojams augti, tobul\u0117ti ir prisid\u0117ti prie reik\u0161ming\u0173 projekt\u0173. <\/p>\n<p>Skiriame laiko suprasti j\u016bs\u0173 stipri\u0105sias puses ir tikslus. Kartu tyrin\u0117jame galimybes, planuojame terminus, valdome projektus ir r\u016bpinam\u0117s, kad kiekvienas \u017eingsnis b\u016bt\u0173 ai\u0161kus, paremtas bendradarbiavimu ir prasmingas. <\/p>\n\t\t\t\t\t\t<\/div>\n\t\t\t\t<\/div>\n\t\t\t\t\t\t<\/div>\r\n\t\t\t\t<\/div>\r\n\t\t\t\t\t\t\t\t<\/div>\r\n\t\t\t<\/section>\r\n\t\t\t\t\t<section class=\" elementor-section elementor-top-section elementor-element elementor-element-4ff2787 elementor-section-boxed elementor-section-height-default elementor-section-height-default\" data-id=\"4ff2787\" data-element_type=\"section\">\r\n\t\t\t\t\t\t\t\t<div class=\"elementor-container elementor-column-gap-default\">\r\n\t\t\t\t\r\n\t\t\t\t\t\t\t\t<div class=\" elementor-column elementor-col-100 elementor-top-column elementor-element elementor-element-dd1439b \" data-id=\"dd1439b\" data-element_type=\"column\">\r\n\r\n\t\t\t\t\r\n\t\t\t\t<div class=\"elementor-widget-wrap elementor-element-populated\">\r\n\t\t\t\t\t\t\t\t\t\t\r\n\t\t\t\t\t\t<div class=\"elementor-element elementor-element-4fdaa9b elementor-widget elementor-widget-text-editor\" data-id=\"4fdaa9b\" data-element_type=\"widget\" data-widget_type=\"text-editor.default\">\n\t\t\t\t<div class=\"elementor-widget-container\">\n\t\t\t\t\t\t\t<h4><strong>Jei turite klausim\u0173 apie &#8220;Joldijagroup&#8221; arba karjeros galimybes, susisiekite tiesiogiai nurodytais kontaktais arba u\u017epildykite \u017eemiau pateikt\u0105 form\u0105.<\/strong><\/h4>\n\t\t\t\t\t\t<\/div>\n\t\t\t\t<\/div>\n\t\t\t\t\t\t<\/div>\r\n\t\t\t\t<\/div>\r\n\t\t\t\t\t\t\t\t<\/div>\r\n\t\t\t<\/section>\r\n\t\t\t\t\t<div class=\" elementor-section elementor-top-section elementor-element elementor-element-05cb963 elementor-section-content-middle mt-1 mb-10 pb-10 alpha-section-stretched elementor-section-boxed elementor-section-height-default elementor-section-height-default\" data-id=\"05cb963\" data-element_type=\"section\" data-settings=\"{&quot;background_background&quot;:&quot;classic&quot;}\">\r\n\t\t\t\t\t\t\t\t<div class=\"elementor-container elementor-column-gap-default\">\r\n\t\t\t\t\r\n\t\t\t\t\t\t\t\t<div class=\" elementor-column elementor-col-50 elementor-top-column elementor-element elementor-element-b6e397c cs21-contact-info mb-1 \" data-id=\"b6e397c\" data-element_type=\"column\">\r\n\r\n\t\t\t\t\r\n\t\t\t\t<div class=\"elementor-widget-wrap elementor-element-populated\">\r\n\t\t\t\t\t\t\t\t\t\t\r\n\t\t\t\t\t\t<div class=\"elementor-element elementor-element-25cb232 mb-4 cs21-icon-box address elementor-invisible elementor-widget elementor-widget-udesign_widget_iconbox\" data-id=\"25cb232\" data-element_type=\"widget\" data-settings=\"{&quot;_animation&quot;:&quot;fadeIn&quot;,&quot;_animation_delay&quot;:600}\" data-widget_type=\"udesign_widget_iconbox.default\">\n\t\t\t\t<div class=\"elementor-widget-container\">\n\t\t\t<div class=\"icon-box icon-box-side position-left icon-stacked icon-box-icon-shadow shape-circle\"><div class=\"icon-box-feature\"><i class=\"  a-icon-map-marker\"><\/i><\/div><div class=\"icon-box-content\"><h3 class=\"icon-box-title\">Adresas<\/h3><p class=\"icon-box-desc\">Tikslo g. 10, Kauno rajonas, Lietuva \n<br>  LT-54311<\/p><\/div><\/div>\t\t<\/div>\n\t\t\t\t<\/div>\n\t\t\t\t<div class=\"elementor-element elementor-element-3352594 mb-4 cs21-icon-box address elementor-invisible elementor-widget elementor-widget-udesign_widget_iconbox\" data-id=\"3352594\" data-element_type=\"widget\" data-settings=\"{&quot;_animation&quot;:&quot;fadeIn&quot;,&quot;_animation_delay&quot;:800}\" data-widget_type=\"udesign_widget_iconbox.default\">\n\t\t\t\t<div class=\"elementor-widget-container\">\n\t\t\t<div class=\"icon-box icon-box-side position-left icon-stacked icon-box-icon-shadow shape-circle\"><div class=\"icon-box-feature\"><i class=\"  u-icon-phone4\"><\/i><\/div><div class=\"icon-box-content\"><h3 class=\"icon-box-title\">Telefonas<\/h3><p class=\"icon-box-desc\"><a href=\"tel.:0611%2071%20940\">(0-611) 71940<\/a><\/p><\/div><\/div>\t\t<\/div>\n\t\t\t\t<\/div>\n\t\t\t\t<div class=\"elementor-element elementor-element-14a96e0 mb-4 cs-icon-box address elementor-invisible elementor-widget elementor-widget-udesign_widget_iconbox\" data-id=\"14a96e0\" data-element_type=\"widget\" data-settings=\"{&quot;_animation&quot;:&quot;fadeIn&quot;,&quot;_animation_delay&quot;:1000}\" data-widget_type=\"udesign_widget_iconbox.default\">\n\t\t\t\t<div class=\"elementor-widget-container\">\n\t\t\t<div class=\"icon-box icon-box-side position-left icon-stacked icon-box-icon-shadow shape-circle\"><div class=\"icon-box-feature\"><i class=\"  u-icon-envelop3\"><\/i><\/div><div class=\"icon-box-content\"><h3 class=\"icon-box-title\">El. pa\u0161tas<\/h3><p class=\"icon-box-desc\"><a href=\"mailto:personalas@joldija.lt\" aria-label=\"Mail to\">personalas@joldija.lt<\/a><\/p><\/div><\/div>\t\t<\/div>\n\t\t\t\t<\/div>\n\t\t\t\t\t\t<\/div>\r\n\t\t\t\t<\/div>\r\n\t\t\t\t\t\t\t\t\t<div class=\" elementor-column elementor-col-50 elementor-top-column elementor-element elementor-element-90ed5d6 mb-1 \" data-id=\"90ed5d6\" data-element_type=\"column\" data-settings=\"{&quot;background_background&quot;:&quot;classic&quot;}\">\r\n\r\n\t\t\t\t\r\n\t\t\t\t<div class=\"elementor-widget-wrap elementor-element-populated\">\r\n\t\t\t\t\t\t\t\t\t\t\r\n\t\t\t\t\t\t<section class=\" elementor-section elementor-inner-section elementor-element elementor-element-10fba72 cs21-contact-form elementor-section-boxed elementor-section-height-default elementor-section-height-default elementor-invisible\" data-id=\"10fba72\" data-element_type=\"section\" data-settings=\"{&quot;background_background&quot;:&quot;classic&quot;,&quot;animation&quot;:&quot;fadeInRightShorter&quot;,&quot;animation_delay&quot;:1400}\">\r\n\t\t\t\t\t\t\t\t<div class=\"elementor-container elementor-column-gap-no\">\r\n\t\t\t\t\r\n\t\t\t\t\t\t\t\t<div class=\" elementor-column elementor-col-100 elementor-inner-column elementor-element elementor-element-1b13f33 \" data-id=\"1b13f33\" data-element_type=\"column\">\r\n\r\n\t\t\t\t\r\n\t\t\t\t<div class=\"elementor-widget-wrap elementor-element-populated\">\r\n\t\t\t\t\t\t\t\t\t\t\r\n\t\t\t\t\t\t<div class=\"elementor-element elementor-element-e0e78bd elementor-widget elementor-widget-wpforms\" data-id=\"e0e78bd\" data-element_type=\"widget\" data-widget_type=\"wpforms.default\">\n\t\t\t\t<div class=\"elementor-widget-container\">\n\t\t\t<div class=\"wpforms-container wpforms-container-full wpforms-error-fixed\" id=\"wpforms-13794\"><form id=\"wpforms-form-13794\" class=\"wpforms-validate wpforms-form wpforms-ajax-form\" data-formid=\"13794\" method=\"post\" enctype=\"multipart\/form-data\" action=\"\/lt\/wp-json\/wp\/v2\/pages\/22421\" data-token=\"7ba45b18480cd13da6c12a0afed805cc\" data-token-time=\"1777132650\"><noscript class=\"wpforms-error-noscript\">Please enable JavaScript in your browser to complete this form.<\/noscript><div class=\"wpforms-field-container\"><div id=\"wpforms-13794-field_1-container\" class=\"wpforms-field wpforms-field-name\" data-field-id=\"1\"><label class=\"wpforms-field-label wpforms-label-hide\" for=\"wpforms-13794-field_1\">Name <span class=\"wpforms-required-label\">*<\/span><\/label><input type=\"text\" id=\"wpforms-13794-field_1\" class=\"wpforms-field-large wpforms-field-required\" name=\"wpforms[fields][1]\" placeholder=\"Your Name\" required><\/div><div id=\"wpforms-13794-field_2-container\" class=\"wpforms-field wpforms-field-email\" data-field-id=\"2\"><label class=\"wpforms-field-label wpforms-label-hide\" for=\"wpforms-13794-field_2\">Email <span class=\"wpforms-required-label\">*<\/span><\/label><input type=\"email\" id=\"wpforms-13794-field_2\" class=\"wpforms-field-large wpforms-field-required\" name=\"wpforms[fields][2]\" placeholder=\"E-mail Address\" spellcheck=\"false\" required><\/div><div id=\"wpforms-13794-field_3-container\" class=\"wpforms-field wpforms-field-textarea\" data-field-id=\"3\"><label class=\"wpforms-field-label wpforms-label-hide\" for=\"wpforms-13794-field_3\">Paragraph Text<\/label><textarea id=\"wpforms-13794-field_3\" class=\"wpforms-field-medium\" name=\"wpforms[fields][3]\" placeholder=\"Your Message\" ><\/textarea><\/div><\/div><!-- .wpforms-field-container --><div class=\"wpforms-recaptcha-container wpforms-is-recaptcha wpforms-is-recaptcha-type-v2\" ><div class=\"g-recaptcha\" data-sitekey=\"6Lf-DmksAAAAAD5bxeq-f_YRJtNHCDQ8NRKYuI2x\"><\/div><input type=\"text\" name=\"g-recaptcha-hidden\" class=\"wpforms-recaptcha-hidden\" style=\"position:absolute!important;clip:rect(0,0,0,0)!important;height:1px!important;width:1px!important;border:0!important;overflow:hidden!important;padding:0!important;margin:0!important;\" data-rule-recaptcha=\"1\"><\/div><div class=\"wpforms-submit-container\" ><input type=\"hidden\" name=\"wpforms[id]\" value=\"13794\"><input type=\"hidden\" name=\"page_title\" value=\"\"><input type=\"hidden\" name=\"page_url\" value=\"https:\/\/joldijagroup.com\/lt\/wp-json\/wp\/v2\/pages\/22421\"><input type=\"hidden\" name=\"url_referer\" value=\"\"><button type=\"submit\" name=\"wpforms[submit]\" id=\"wpforms-submit-13794\" class=\"wpforms-submit wpforms-submit-icon\" data-alt-text=\"Sending...\" data-submit-text=\"Submit\" aria-live=\"assertive\" value=\"wpforms-submit\">Submit<\/button><img decoding=\"async\" src=\"https:\/\/joldijagroup.com\/wp-content\/plugins\/wpforms\/assets\/images\/submit-spin.svg\" class=\"wpforms-submit-spinner\" style=\"display: none;\" width=\"26\" height=\"26\" alt=\"Loading\"><\/div><\/form><\/div>  <!-- .wpforms-container -->\t\t<\/div>\n\t\t\t\t<\/div>\n\t\t\t\t\t\t<\/div>\r\n\t\t\t\t<\/div>\r\n\t\t\t\t\t\t\t\t<\/div>\r\n\t\t\t<\/section>\r\n\t\t\t\t\t\t\t<\/div>\r\n\t\t\t\t<\/div>\r\n\t\t\t\t\t\t\t\t<\/div>\r\n\t\t\t<\/div>\r\n\t\t\t\t\t<div class=\" elementor-section elementor-top-section elementor-element elementor-element-a1f07f5 elementor-section-full_width alpha-section-stretched elementor-section-height-default elementor-section-height-default\" data-id=\"a1f07f5\" data-element_type=\"section\">\r\n\t\t\t\t\t\t\t\t<div class=\"elementor-container elementor-column-gap-no\">\r\n\t\t\t\t\r\n\t\t\t\t\t\t\t\t<div class=\" elementor-column elementor-col-100 elementor-top-column elementor-element elementor-element-1c85b28 \" data-id=\"1c85b28\" data-element_type=\"column\">\r\n\r\n\t\t\t\t\r\n\t\t\t\t<div class=\"elementor-widget-wrap elementor-element-populated\">\r\n\t\t\t\t\t\t\t\t\t\t\r\n\t\t\t\t\t\t<div class=\"elementor-element elementor-element-9ed56c4 elementor-invisible elementor-widget elementor-widget-google_maps\" data-id=\"9ed56c4\" data-element_type=\"widget\" data-settings=\"{&quot;_animation&quot;:&quot;fadeIn&quot;}\" data-widget_type=\"google_maps.default\">\n\t\t\t\t<div class=\"elementor-widget-container\">\n\t\t\t\t\t<div class=\"elementor-custom-embed\">\n\t\t\t<iframe loading=\"lazy\"\n\t\t\t\t\tsrc=\"https:\/\/maps.google.com\/maps?q=joldija&#038;t=m&#038;z=4&#038;output=embed&#038;iwloc=near\"\n\t\t\t\t\ttitle=\"joldija\"\n\t\t\t\t\taria-label=\"joldija\"\n\t\t\t><\/iframe>\n\t\t<\/div>\n\t\t\t\t<\/div>\n\t\t\t\t<\/div>\n\t\t\t\t\t\t<\/div>\r\n\t\t\t\t<\/div>\r\n\t\t\t\t\t\t\t\t<\/div>\r\n\t\t\t<\/div>\r\n\t\t\t\t\t<\/div>\n\t\t","protected":false},"excerpt":{"rendered":"<p>ESAME D\u0116KINGI U\u017d GALIMYB\u0118 DIRBTI KARTU SU TALENTINGAIS IR \u012eKVEPIAN\u010cIAIS \u017dMON\u0116MIS PRIE NEPAPRAST\u0172 PROJEKT\u0172 IR TAPTI M\u016aS\u0172 KOMANDOS DALIMI. \u201eJoldijagroup\u201c glaud\u017eiai bendradarbiauja su savo komanda visuose produkto k\u016brimo ir gamybos etapuose \u2013 nuo pradin\u0117s id\u0117jos iki pateikimo rinkai. Dirbdami kartu, kuriame inovatyvius sprendimus ir taikome visapusi\u0161k\u0105 po\u017ei\u016br\u012f \u2013 nuo nauj\u0173 produkt\u0173 vystymo iki didel\u0117s apimties [&hellip;]<\/p>\n","protected":false},"author":3,"featured_media":0,"parent":0,"menu_order":0,"comment_status":"closed","ping_status":"closed","template":"","meta":{"footnotes":""},"class_list":["post-22421","page","type-page","status-publish","hentry"],"aioseo_notices":[],"_links":{"self":[{"href":"https:\/\/joldijagroup.com\/lt\/wp-json\/wp\/v2\/pages\/22421","targetHints":{"allow":["GET"]}}],"collection":[{"href":"https:\/\/joldijagroup.com\/lt\/wp-json\/wp\/v2\/pages"}],"about":[{"href":"https:\/\/joldijagroup.com\/lt\/wp-json\/wp\/v2\/types\/page"}],"author":[{"embeddable":true,"href":"https:\/\/joldijagroup.com\/lt\/wp-json\/wp\/v2\/users\/3"}],"replies":[{"embeddable":true,"href":"https:\/\/joldijagroup.com\/lt\/wp-json\/wp\/v2\/comments?post=22421"}],"version-history":[{"count":4,"href":"https:\/\/joldijagroup.com\/lt\/wp-json\/wp\/v2\/pages\/22421\/revisions"}],"predecessor-version":[{"id":22507,"href":"https:\/\/joldijagroup.com\/lt\/wp-json\/wp\/v2\/pages\/22421\/revisions\/22507"}],"wp:attachment":[{"href":"https:\/\/joldijagroup.com\/lt\/wp-json\/wp\/v2\/media?parent=22421"}],"curies":[{"name":"wp","href":"https:\/\/api.w.org\/{rel}","templated":true}]}}