{"id":22029,"date":"2025-09-24T10:40:59","date_gmt":"2025-09-24T07:40:59","guid":{"rendered":"https:\/\/joldijagroup.com\/privatumo-pranesimas\/"},"modified":"2025-11-20T14:33:05","modified_gmt":"2025-11-20T12:33:05","slug":"privatumo-pranesimas","status":"publish","type":"page","link":"https:\/\/joldijagroup.com\/lt\/privatumo-pranesimas\/","title":{"rendered":"Privatumo prane\u0161imas"},"content":{"rendered":"\t\t<div data-elementor-type=\"wp-page\" data-elementor-id=\"22029\" class=\"elementor elementor-22029 elementor-21167\">\n\t\t\t\t\t\t<section class=\" elementor-section elementor-top-section elementor-element elementor-element-f981e44 elementor-section-boxed elementor-section-height-default elementor-section-height-default\" data-id=\"f981e44\" data-element_type=\"section\">\r\n\t\t\t\t\t\t\t\t<div class=\"elementor-container elementor-column-gap-default\">\r\n\t\t\t\t\r\n\t\t\t\t\t\t\t\t<div class=\" elementor-column elementor-col-100 elementor-top-column elementor-element elementor-element-8d6e93c \" data-id=\"8d6e93c\" data-element_type=\"column\">\r\n\r\n\t\t\t\t\r\n\t\t\t\t<div class=\"elementor-widget-wrap elementor-element-populated\">\r\n\t\t\t\t\t\t\t\t\t\t\r\n\t\t\t\t\t\t<div class=\"elementor-element elementor-element-88b875f elementor-widget elementor-widget-text-editor\" data-id=\"88b875f\" data-element_type=\"widget\" data-widget_type=\"text-editor.default\">\n\t\t\t\t<div class=\"elementor-widget-container\">\n\t\t\t\t\t\t\t<h2 class=\"main-heading info__title\">KANDIDAT\u0172 \u012e DARB\u0104 PRIVATUMO PRANE\u0160IMAS  <\/h2>\n<p data-start=\"102\" data-end=\"400\">Asmen\u0173, siekian\u010di\u0173 \u012fsidarbinti <strong data-start=\"157\" data-end=\"174\">UAB &#8220;Joldija<\/strong> &#8221; (toliau &#8211; Valdytojas), asmens duomenis Valdytojas tvarko tik darbuotoj\u0173 atrankos ir \u012fdarbinimo tikslu, remdamasis teis\u0117tu interesu \u012fvertinti kandidato tinkamum\u0105 pageidaujamoms pareigoms.<\/p>\n<p data-start=\"402\" data-end=\"1163\">Duomen\u0173 valdytojas gauna kandidat\u0173 asmens duomenis i\u0161 tre\u010di\u0173j\u0173 \u0161ali\u0173, pavyzd\u017eiui: internetini\u0173 darbo paie\u0161kos portal\u0173, specializuot\u0173 karjeros socialini\u0173 tinkl\u0173 (pvz., LinkedIn), \u012fdarbinimo agent\u016br\u0173, Lietuvos darbo bir\u017eos arba tiesiogiai elektroniniu pa\u0161tu i\u0161 duomen\u0173 subjekto, kai jis atsako \u012f m\u016bs\u0173 darbo skelbim\u0105 ir (arba) pateikia savo gyvenimo apra\u0161ym\u0105 (CV), kandidato anket\u0105 ir (arba) kitus kandidato dokumentus. Informacija apie duomen\u0173 subjekto kvalifikacij\u0105, profesinius \u012fg\u016bd\u017eius ir asmenines savybes taip pat gali b\u016bti gaunama, pavyzd\u017eiui, i\u0161 referent\u0173, esam\u0173 ar buvusi\u0173 darbdavi\u0173. Duomen\u0173 valdytojas gali rinkti duomenis i\u0161 buvusio darbdavio i\u0161 anksto informav\u0119s kandidat\u0105, o i\u0161 dabartinio darbdavio &#8211; tik tuo atveju, jei duomen\u0173 subjektas duoda sutikim\u0105.  <\/p>\n<p data-start=\"1165\" data-end=\"1747\">Duomen\u0173 valdytojas laiko, kad duomen\u0173 subjekto sutikimas tvarkyti jo gyvenimo apra\u0161yme, kandidato anketoje ir (arba) kituose parai\u0161kos dokumentuose pateiktus asmens duomenis \u0161iame politikos skyriuje nurodytais tikslais yra duotas, kai duomen\u0173 subjektas pateikia duomen\u0173 valdytojui savo gyvenimo apra\u0161ym\u0105, kandidato anket\u0105 ir (arba) kitus dokumentus. Kai Valdytojas gauna informacij\u0105 apie duomen\u0173 subjekt\u0105 i\u0161 tre\u010di\u0173j\u0173 \u0161ali\u0173, laikoma, kad duomen\u0173 subjektas buvo informuotas apie jo duomen\u0173 tvarkym\u0105 ir dav\u0117 sutikim\u0105 tokiam tvarkymui atitinkamam paslaug\u0173 teik\u0117jui. <\/p>\n<p data-start=\"1749\" data-end=\"1911\">Vykdydamas atrank\u0105 \u012f laisvas darbo vietas Bendrov\u0117je ir vertindamas j\u016bs\u0173 kandidat\u016br\u0105, duomen\u0173 valdytojas tvarko \u0161i\u0173 kategorij\u0173 asmens duomenis:<\/p>\n\t\t\t\t\t\t<\/div>\n\t\t\t\t<\/div>\n\t\t\t\t\t\t<\/div>\r\n\t\t\t\t<\/div>\r\n\t\t\t\t\t\t\t\t<\/div>\r\n\t\t\t<\/section>\r\n\t\t\t\t\t<section class=\" elementor-section elementor-top-section elementor-element elementor-element-55df09f elementor-section-boxed elementor-section-height-default elementor-section-height-default\" data-id=\"55df09f\" data-element_type=\"section\">\r\n\t\t\t\t\t\t\t\t<div class=\"elementor-container elementor-column-gap-default\">\r\n\t\t\t\t\r\n\t\t\t\t\t\t\t\t<div class=\" elementor-column elementor-col-50 elementor-top-column elementor-element elementor-element-91ab794 \" data-id=\"91ab794\" data-element_type=\"column\">\r\n\r\n\t\t\t\t\r\n\t\t\t\t<div class=\"elementor-widget-wrap elementor-element-populated\">\r\n\t\t\t\t\t\t\t\t\t\t\r\n\t\t\t\t\t\t<div class=\"elementor-element elementor-element-22599cd elementor-widget elementor-widget-text-editor\" data-id=\"22599cd\" data-element_type=\"widget\" data-widget_type=\"text-editor.default\">\n\t\t\t\t<div class=\"elementor-widget-container\">\n\t\t\t\t\t\t\t<p>Duomen\u0173 kategorijos<\/p>\n\t\t\t\t\t\t<\/div>\n\t\t\t\t<\/div>\n\t\t\t\t\t\t<\/div>\r\n\t\t\t\t<\/div>\r\n\t\t\t\t\t\t\t\t\t<div class=\" elementor-column elementor-col-50 elementor-top-column elementor-element elementor-element-f97653a \" data-id=\"f97653a\" data-element_type=\"column\">\r\n\r\n\t\t\t\t\r\n\t\t\t\t<div class=\"elementor-widget-wrap elementor-element-populated\">\r\n\t\t\t\t\t\t\t\t\t\t\r\n\t\t\t\t\t\t<div class=\"elementor-element elementor-element-2ec4314 elementor-widget elementor-widget-text-editor\" data-id=\"2ec4314\" data-element_type=\"widget\" data-widget_type=\"text-editor.default\">\n\t\t\t\t<div class=\"elementor-widget-container\">\n\t\t\t\t\t\t\t<p data-start=\"1937\" data-end=\"2254\">Bendra informacija apie kandidat\u0105: vardas, pavard\u0117, el. pa\u0161to adresas ir (arba) telefono numeris, informacija apie darbo patirt\u012f, i\u0161silavinim\u0105, profesin\u012f tobul\u0117jim\u0105, kalb\u0173 mok\u0117jim\u0105, IT ir vairavimo \u012fg\u016bd\u017eius, kitas kompetencijas ir kita informacija, kuri\u0105 pateikiate savo gyvenimo apra\u0161yme, motyvaciniame lai\u0161ke ar kituose parai\u0161kos dokumentuose.<\/p>\n<p data-start=\"2257\" data-end=\"2381\">Rekomendacijos, darbdavio rekomendacijos: referento vardas, pavard\u0117 ir kontaktiniai duomenys, rekomendacijos ar rekomendacijos turinys.<\/p>\n<p data-start=\"2384\" data-end=\"2507\">Kandidat\u0173 vertinimo duomenys: pokalbio santrauka, \u012fdarbintojo \u012f\u017evalgos ir nuomon\u0117, praktini\u0173 u\u017eduo\u010di\u0173 ir (arba) test\u0173 rezultatai.<\/p>\n<p data-start=\"2510\" data-end=\"2525\">Sveikatos duomenys*<\/p>\n<p data-start=\"2510\" data-end=\"2525\">bet kokia papildoma informacija, kuri\u0105 kandidatas pateikia savo nuo\u017ei\u016bra (pvz., gimimo data, prid\u0117ta nuotrauka, pom\u0117giai ir pan.), nenurodyta pirmiau i\u0161vardytose duomen\u0173 kategorijose, u\u017e kurios tvarkym\u0105 atsako tokius duomenis pateik\u0119s kandidatas.<\/p>\n\t\t\t\t\t\t<\/div>\n\t\t\t\t<\/div>\n\t\t\t\t\t\t<\/div>\r\n\t\t\t\t<\/div>\r\n\t\t\t\t\t\t\t\t<\/div>\r\n\t\t\t<\/section>\r\n\t\t\t\t\t<section class=\" elementor-section elementor-top-section elementor-element elementor-element-f7e9667 elementor-section-boxed elementor-section-height-default elementor-section-height-default\" data-id=\"f7e9667\" data-element_type=\"section\">\r\n\t\t\t\t\t\t\t\t<div class=\"elementor-container elementor-column-gap-default\">\r\n\t\t\t\t\r\n\t\t\t\t\t\t\t\t<div class=\" elementor-column elementor-col-50 elementor-top-column elementor-element elementor-element-63eabc2 \" data-id=\"63eabc2\" data-element_type=\"column\">\r\n\r\n\t\t\t\t\r\n\t\t\t\t<div class=\"elementor-widget-wrap elementor-element-populated\">\r\n\t\t\t\t\t\t\t\t\t\t\r\n\t\t\t\t\t\t<div class=\"elementor-element elementor-element-85f2e82 elementor-widget elementor-widget-text-editor\" data-id=\"85f2e82\" data-element_type=\"widget\" data-widget_type=\"text-editor.default\">\n\t\t\t\t<div class=\"elementor-widget-container\">\n\t\t\t\t\t\t\t<p>Teisinis duomen\u0173 tvarkymo pagrindas<\/p>\n\t\t\t\t\t\t<\/div>\n\t\t\t\t<\/div>\n\t\t\t\t\t\t<\/div>\r\n\t\t\t\t<\/div>\r\n\t\t\t\t\t\t\t\t\t<div class=\" elementor-column elementor-col-50 elementor-top-column elementor-element elementor-element-39bad3b \" data-id=\"39bad3b\" data-element_type=\"column\">\r\n\r\n\t\t\t\t\r\n\t\t\t\t<div class=\"elementor-widget-wrap elementor-element-populated\">\r\n\t\t\t\t\t\t\t\t\t\t\r\n\t\t\t\t\t\t<div class=\"elementor-element elementor-element-f8071e8 elementor-widget elementor-widget-text-editor\" data-id=\"f8071e8\" data-element_type=\"widget\" data-widget_type=\"text-editor.default\">\n\t\t\t\t<div class=\"elementor-widget-container\">\n\t\t\t\t\t\t\t<p>J\u016bs\u0173 sutikimas ir teis\u0117tas interesas.<\/p>\n\t\t\t\t\t\t<\/div>\n\t\t\t\t<\/div>\n\t\t\t\t\t\t<\/div>\r\n\t\t\t\t<\/div>\r\n\t\t\t\t\t\t\t\t<\/div>\r\n\t\t\t<\/section>\r\n\t\t\t\t\t<section class=\" elementor-section elementor-top-section elementor-element elementor-element-dcb4a9c elementor-section-boxed elementor-section-height-default elementor-section-height-default\" data-id=\"dcb4a9c\" data-element_type=\"section\">\r\n\t\t\t\t\t\t\t\t<div class=\"elementor-container elementor-column-gap-default\">\r\n\t\t\t\t\r\n\t\t\t\t\t\t\t\t<div class=\" elementor-column elementor-col-50 elementor-top-column elementor-element elementor-element-7615b8d \" data-id=\"7615b8d\" data-element_type=\"column\">\r\n\r\n\t\t\t\t\r\n\t\t\t\t<div class=\"elementor-widget-wrap elementor-element-populated\">\r\n\t\t\t\t\t\t\t\t\t\t\r\n\t\t\t\t\t\t<div class=\"elementor-element elementor-element-516409f elementor-widget elementor-widget-text-editor\" data-id=\"516409f\" data-element_type=\"widget\" data-widget_type=\"text-editor.default\">\n\t\t\t\t<div class=\"elementor-widget-container\">\n\t\t\t\t\t\t\t<p>Duomen\u0173 saugojimo laikotarpis<\/p>\n\t\t\t\t\t\t<\/div>\n\t\t\t\t<\/div>\n\t\t\t\t\t\t<\/div>\r\n\t\t\t\t<\/div>\r\n\t\t\t\t\t\t\t\t\t<div class=\" elementor-column elementor-col-50 elementor-top-column elementor-element elementor-element-39af9e3 \" data-id=\"39af9e3\" data-element_type=\"column\">\r\n\r\n\t\t\t\t\r\n\t\t\t\t<div class=\"elementor-widget-wrap elementor-element-populated\">\r\n\t\t\t\t\t\t\t\t\t\t\r\n\t\t\t\t\t\t<div class=\"elementor-element elementor-element-e70f091 elementor-widget elementor-widget-text-editor\" data-id=\"e70f091\" data-element_type=\"widget\" data-widget_type=\"text-editor.default\">\n\t\t\t\t<div class=\"elementor-widget-container\">\n\t\t\t\t\t\t\t<p>\u012edarbinimo \u012f konkre\u010di\u0105 (-ias) darbo viet\u0105 (-as) proceso metu ir jam pasibaigus, bet ne ilgiau kaip dvejus metus nuo \u012fdarbinimo pabaigos.<\/p>\n\t\t\t\t\t\t<\/div>\n\t\t\t\t<\/div>\n\t\t\t\t\t\t<\/div>\r\n\t\t\t\t<\/div>\r\n\t\t\t\t\t\t\t\t<\/div>\r\n\t\t\t<\/section>\r\n\t\t\t\t\t<section class=\" elementor-section elementor-top-section elementor-element elementor-element-05528a9 elementor-section-boxed elementor-section-height-default elementor-section-height-default\" data-id=\"05528a9\" data-element_type=\"section\">\r\n\t\t\t\t\t\t\t\t<div class=\"elementor-container elementor-column-gap-default\">\r\n\t\t\t\t\r\n\t\t\t\t\t\t\t\t<div class=\" elementor-column elementor-col-100 elementor-top-column elementor-element elementor-element-169660e \" data-id=\"169660e\" data-element_type=\"column\">\r\n\r\n\t\t\t\t\r\n\t\t\t\t<div class=\"elementor-widget-wrap elementor-element-populated\">\r\n\t\t\t\t\t\t\t\t\t\t\r\n\t\t\t\t\t\t<div class=\"elementor-element elementor-element-baa2435 elementor-widget elementor-widget-text-editor\" data-id=\"baa2435\" data-element_type=\"widget\" data-widget_type=\"text-editor.default\">\n\t\t\t\t<div class=\"elementor-widget-container\">\n\t\t\t\t\t\t\t<h2 class=\"main-heading info__title\">&nbsp;<\/h2>\n<p data-start=\"3051\" data-end=\"3451\">*<em>  Duomen\u0173 subjekto sveikatos duomenys renkami ir tvarkomi \u012fdarbinimo proceso metu pagal galiojan\u010dius teisinius reikalavimus, siekiant \u012fvertinti duomen\u0173 subjekto geb\u0117jim\u0105 dirbti, darbo vietos tinkamum\u0105 jo sveikatos b\u016bklei ir (arba) geb\u0117jim\u0105 dirbti profesin\u0117s rizikos s\u0105lygomis. Duomenys apie sveikat\u0105 renkami tik galutiniuose \u012fdarbinimo proceso etapuose. <\/em><\/p>\n<p data-start=\"3453\" data-end=\"3834\">Jei po \u012fdarbinimo proceso duomen\u0173 valdytojas nepasirenka duomen\u0173 subjekto kandidat\u016bros ir nesudaro darbo sutarties, visi \u012fdarbinimo tikslais surinkti asmens duomenys bus \u012ftraukti \u012f Bendrov\u0117s kandidat\u0173 duomen\u0173 baz\u0119 ir tvarkomi siekiant susisiekti su duomen\u0173 subjektu d\u0117l dalyvavimo \u012fdarbinant \u012f kitas laisvas darbo vietas.<\/p>\n<p data-start=\"3836\" data-end=\"4087\">Duomen\u0173 subjektas gali nesutikti, kad jo duomenys b\u016bt\u0173 \u012ftraukti \u012f kandidat\u0173 duomen\u0173 baz\u0119 ir toliau tvarkomi po \u012fdarbinimo proceso, taip pat gali bet kada at\u0161aukti sutikim\u0105 ir papra\u0161yti pa\u0161alinti jo duomenis i\u0161 kandidat\u0173 duomen\u0173 baz\u0117s.<\/p>\n<p data-start=\"4089\" data-end=\"4340\">Pasibaigus \u0161ioje Politikoje nustatytam duomen\u0173 tvarkymo ir saugojimo laikotarpiui arba gavus duomen\u0173 subjekto pra\u0161ym\u0105, asmens duomenys bus saugiai sunaikinti. Ilgesnis nei \u0161ioje Politikoje nurodytas saugojimo laikotarpis gali b\u016bti taikomas tik tuo atveju, jei: <\/p>\n<p data-start=\"4343\" data-end=\"4417\">&#8211; yra pagr\u012fst\u0173 \u012ftarim\u0173, kad tiriamas neteis\u0117tas elgesys;<\/p>\n<p data-start=\"4420\" data-end=\"4505\">&#8211; asmens duomenys yra b\u016btini siekiant tinkamai i\u0161spr\u0119sti gin\u010d\u0105 ar skund\u0105;<\/p>\n<p data-start=\"4508\" data-end=\"4563\">&#8211; yra kit\u0173 teisini\u0173 pagrind\u0173, numatyt\u0173 taikytinoje teis\u0117je.<\/p>\n<p data-start=\"4565\" data-end=\"4739\">Bet kuriuo atveju duomen\u0173 valdytojas gali ilgiau saugoti duomen\u0173 subjekto sutikim\u0105 ir jo \u012frodymus, jei tai b\u016btina siekiant apsiginti nuo pretenzij\u0173, skund\u0173 ar teisini\u0173 veiksm\u0173.<\/p>\t\t\t\t\t\t<\/div>\n\t\t\t\t<\/div>\n\t\t\t\t\t\t<\/div>\r\n\t\t\t\t<\/div>\r\n\t\t\t\t\t\t\t\t<\/div>\r\n\t\t\t<\/section>\r\n\t\t\t\t\t<\/div>\n\t\t","protected":false},"excerpt":{"rendered":"<p>KANDIDAT\u0172 \u012e DARB\u0104 PRIVATUMO PRANE\u0160IMAS Asmen\u0173, siekian\u010di\u0173 \u012fsidarbinti UAB &#8220;Joldija &#8221; (toliau &#8211; Valdytojas), asmens duomenis Valdytojas tvarko tik darbuotoj\u0173 atrankos ir \u012fdarbinimo tikslu, remdamasis teis\u0117tu interesu \u012fvertinti kandidato tinkamum\u0105 pageidaujamoms pareigoms. Duomen\u0173 valdytojas gauna kandidat\u0173 asmens duomenis i\u0161 tre\u010di\u0173j\u0173 \u0161ali\u0173, pavyzd\u017eiui: internetini\u0173 darbo paie\u0161kos portal\u0173, specializuot\u0173 karjeros socialini\u0173 tinkl\u0173 (pvz., LinkedIn), \u012fdarbinimo agent\u016br\u0173, Lietuvos [&hellip;]<\/p>\n","protected":false},"author":3,"featured_media":0,"parent":0,"menu_order":0,"comment_status":"closed","ping_status":"closed","template":"","meta":{"footnotes":""},"class_list":["post-22029","page","type-page","status-publish","hentry"],"aioseo_notices":[],"_links":{"self":[{"href":"https:\/\/joldijagroup.com\/lt\/wp-json\/wp\/v2\/pages\/22029","targetHints":{"allow":["GET"]}}],"collection":[{"href":"https:\/\/joldijagroup.com\/lt\/wp-json\/wp\/v2\/pages"}],"about":[{"href":"https:\/\/joldijagroup.com\/lt\/wp-json\/wp\/v2\/types\/page"}],"author":[{"embeddable":true,"href":"https:\/\/joldijagroup.com\/lt\/wp-json\/wp\/v2\/users\/3"}],"replies":[{"embeddable":true,"href":"https:\/\/joldijagroup.com\/lt\/wp-json\/wp\/v2\/comments?post=22029"}],"version-history":[{"count":1,"href":"https:\/\/joldijagroup.com\/lt\/wp-json\/wp\/v2\/pages\/22029\/revisions"}],"predecessor-version":[{"id":22030,"href":"https:\/\/joldijagroup.com\/lt\/wp-json\/wp\/v2\/pages\/22029\/revisions\/22030"}],"wp:attachment":[{"href":"https:\/\/joldijagroup.com\/lt\/wp-json\/wp\/v2\/media?parent=22029"}],"curies":[{"name":"wp","href":"https:\/\/api.w.org\/{rel}","templated":true}]}}