{"id":19145,"date":"2024-07-31T08:46:43","date_gmt":"2024-07-31T05:46:43","guid":{"rendered":"https:\/\/joldijagroup.com\/surinkimo-elementai\/"},"modified":"2025-12-03T09:32:46","modified_gmt":"2025-12-03T07:32:46","slug":"surinkimo-elementai","status":"publish","type":"page","link":"https:\/\/joldijagroup.com\/lt\/surinkimo-elementai\/","title":{"rendered":"Surinkimo elementai"},"content":{"rendered":"\t\t<div data-elementor-type=\"wp-page\" data-elementor-id=\"19145\" class=\"elementor elementor-19145 elementor-12047\">\n\t\t\t\t\t\t<section class=\" elementor-section elementor-top-section elementor-element elementor-element-3a6bbec2 elementor-section-full_width elementor-section-height-min-height alpha-section-stretched elementor-section-height-default elementor-section-items-middle\" data-id=\"3a6bbec2\" data-element_type=\"section\">\r\n\t\t\t\t\t\t\t\t<div class=\"elementor-container elementor-column-gap-default\">\r\n\t\t\t\t\r\n\t\t\t\t\t\t\t\t<div class=\" elementor-column elementor-col-100 elementor-top-column elementor-element elementor-element-43055779 \" data-id=\"43055779\" data-element_type=\"column\">\r\n\r\n\t\t\t\t\r\n\t\t\t\t<div class=\"elementor-widget-wrap elementor-element-populated\">\r\n\t\t\t\t\t\t\t\t\t\t\r\n\t\t\t\t\t\t<div class=\"elementor-element elementor-element-4caf1d17 elementor-widget elementor-widget-udesign_widget_banner\" data-id=\"4caf1d17\" data-element_type=\"widget\" data-widget_type=\"udesign_widget_banner.default\">\r\n\t\t\t\t<div class=\"elementor-widget-container\">\n\t\t\t<div class=\"banner banner-fixed\">\t<figure class=\"banner-img\">\r\n\t\t<img fetchpriority=\"high\" decoding=\"async\" width=\"1500\" height=\"500\" src=\"https:\/\/joldijagroup.com\/wp-content\/uploads\/2024\/07\/Dizainas-be-pavadinimo-2024-07-31T092650.231.jpg\" class=\"attachment-full size-full\" alt=\"Fittings for furniture producers\" srcset=\"https:\/\/joldijagroup.com\/wp-content\/uploads\/2024\/07\/Dizainas-be-pavadinimo-2024-07-31T092650.231.jpg 1500w, https:\/\/joldijagroup.com\/wp-content\/uploads\/2024\/07\/Dizainas-be-pavadinimo-2024-07-31T092650.231-1024x341.jpg 1024w, https:\/\/joldijagroup.com\/wp-content\/uploads\/2024\/07\/Dizainas-be-pavadinimo-2024-07-31T092650.231-768x256.jpg 768w\" sizes=\"(max-width: 1500px) 100vw, 1500px\" \/>\t<\/figure>\r\n\t<div class=\"banner-content t-mc\"><h3 class=\"banner-item elementor-repeater-item-51d814a item-block text\">Surinkimo elementai<\/h3><p class=\"banner-item elementor-repeater-item-47d6081 item-block text\">Si\u016blome plat\u0173 standartini\u0173 sraigt\u0173, var\u017et\u0173 ir tvirtinimo detali\u0173 \u012fvairioms pramon\u0117s \u0161akoms asortiment\u0105.<\/p><\/div><\/div>\t\t<\/div>\n\t\t\t\t<\/div>\n\t\t\t\t\t\t<\/div>\r\n\t\t\t\t<\/div>\r\n\t\t\t\t\t\t\t\t<\/div>\r\n\t\t\t<\/section>\r\n\t\t\t\t\t<section class=\" elementor-section elementor-top-section elementor-element elementor-element-9deb4b3 elementor-section-height-min-height elementor-section-boxed elementor-section-height-default elementor-section-items-middle\" data-id=\"9deb4b3\" data-element_type=\"section\">\r\n\t\t\t\t\t\t\t\t<div class=\"elementor-container elementor-column-gap-default\">\r\n\t\t\t\t\r\n\t\t\t\t\t\t\t\t<div class=\" elementor-column elementor-col-100 elementor-top-column elementor-element elementor-element-a55c9b7 \" data-id=\"a55c9b7\" data-element_type=\"column\">\r\n\r\n\t\t\t\t\r\n\t\t\t\t<div class=\"elementor-widget-wrap\">\r\n\t\t\t\t\t\t\t\t\t\t\r\n\t\t\t\t\t\t\t\t<\/div>\r\n\t\t\t\t<\/div>\r\n\t\t\t\t\t\t\t\t<\/div>\r\n\t\t\t<\/section>\r\n\t\t\t\t\t<section class=\" elementor-section elementor-top-section elementor-element elementor-element-70cd1252 elementor-section-boxed elementor-section-height-default elementor-section-height-default\" data-id=\"70cd1252\" data-element_type=\"section\">\r\n\t\t\t\t\t\t\t\t<div class=\"elementor-container elementor-column-gap-default\">\r\n\t\t\t\t\r\n\t\t\t\t\t\t\t\t<div class=\" elementor-column elementor-col-100 elementor-top-column elementor-element elementor-element-11ae5001 \" data-id=\"11ae5001\" data-element_type=\"column\">\r\n\r\n\t\t\t\t\r\n\t\t\t\t<div class=\"elementor-widget-wrap elementor-element-populated\">\r\n\t\t\t\t\t\t\t\t\t\t\r\n\t\t\t\t\t\t<div class=\"elementor-element elementor-element-5e4d340f elementor-invisible elementor-widget elementor-widget-heading\" data-id=\"5e4d340f\" data-element_type=\"widget\" data-settings=\"{&quot;_animation&quot;:&quot;fadeInLeft&quot;}\" data-widget_type=\"heading.default\">\n\t\t\t\t<div class=\"elementor-widget-container\">\n\t\t\t<h2 class=\"elementor-heading-title elementor-size-default\">Tinkamas sriegis. Tinkamas var\u017etas. Visada po ranka.  <\/h2>\t\t<\/div>\n\t\t\t\t<\/div>\n\t\t\t\t<div class=\"elementor-element elementor-element-2fcfab66 elementor-widget elementor-widget-text-editor\" data-id=\"2fcfab66\" data-element_type=\"widget\" data-widget_type=\"text-editor.default\">\n\t\t\t\t<div class=\"elementor-widget-container\">\n\t\t\t\t\t\t\t<p>Si\u016blome plat\u0173 standartini\u0173 sraigt\u0173, var\u017et\u0173 ir tvirtinimo detali\u0173 pasirinkim\u0105, atitinkant\u012f \u012fvairi\u0173 pramon\u0117s \u0161ak\u0173 poreikius. Nuo bald\u0173 gamybos iki statyb\u0173 ir kit\u0173 sri\u010di\u0173 &#8211; m\u016bs\u0173 gaminiai u\u017etikrina tvirtas ir patikimas jungtis, kuriomis galite pasitik\u0117ti kiekvien\u0105 dien\u0105. <\/p>\n\t\t\t\t\t\t<\/div>\n\t\t\t\t<\/div>\n\t\t\t\t<div class=\"elementor-element elementor-element-c832a5a elementor-widget__width-initial elementor-widget elementor-widget-image\" data-id=\"c832a5a\" data-element_type=\"widget\" data-widget_type=\"image.default\">\n\t\t\t\t<div class=\"elementor-widget-container\">\n\t\t\t\t\t\t\t\t\t\t\t\t\t<img decoding=\"async\" width=\"2560\" height=\"1280\" src=\"https:\/\/joldijagroup.com\/wp-content\/uploads\/2025\/12\/100A5144-jpg-1-scaled.jpg\" class=\"attachment-full size-full wp-image-22167\" alt=\"\" srcset=\"https:\/\/joldijagroup.com\/wp-content\/uploads\/2025\/12\/100A5144-jpg-1-scaled.jpg 2560w, https:\/\/joldijagroup.com\/wp-content\/uploads\/2025\/12\/100A5144-jpg-1-1024x512.jpg 1024w, https:\/\/joldijagroup.com\/wp-content\/uploads\/2025\/12\/100A5144-jpg-1-768x384.jpg 768w, https:\/\/joldijagroup.com\/wp-content\/uploads\/2025\/12\/100A5144-jpg-1-1536x768.jpg 1536w, https:\/\/joldijagroup.com\/wp-content\/uploads\/2025\/12\/100A5144-jpg-1-2048x1024.jpg 2048w\" sizes=\"(max-width: 2560px) 100vw, 2560px\" \/>\t\t\t\t\t\t\t\t\t\t\t\t\t<\/div>\n\t\t\t\t<\/div>\n\t\t\t\t\t\t<\/div>\r\n\t\t\t\t<\/div>\r\n\t\t\t\t\t\t\t\t<\/div>\r\n\t\t\t<\/section>\r\n\t\t\t\t\t<section class=\" elementor-section elementor-top-section elementor-element elementor-element-911cd4a elementor-section-boxed elementor-section-height-default elementor-section-height-default elementor-invisible\" data-id=\"911cd4a\" data-element_type=\"section\" data-settings=\"{&quot;background_background&quot;:&quot;classic&quot;,&quot;animation&quot;:&quot;fadeInRight&quot;}\">\r\n\t\t\t\t\t\t\t\t<div class=\"elementor-container elementor-column-gap-default\">\r\n\t\t\t\t\r\n\t\t\t\t\t\t\t\t<div class=\" elementor-column elementor-col-100 elementor-top-column elementor-element elementor-element-c6a0d78 \" data-id=\"c6a0d78\" data-element_type=\"column\">\r\n\r\n\t\t\t\t\r\n\t\t\t\t<div class=\"elementor-widget-wrap elementor-element-populated\">\r\n\t\t\t\t\t\t\t\t\t\t\r\n\t\t\t\t\t\t<div class=\"elementor-element elementor-element-5317980 elementor-invisible elementor-widget elementor-widget-heading\" data-id=\"5317980\" data-element_type=\"widget\" data-settings=\"{&quot;_animation&quot;:&quot;fadeInLeft&quot;}\" data-widget_type=\"heading.default\">\n\t\t\t\t<div class=\"elementor-widget-container\">\n\t\t\t<h2 class=\"elementor-heading-title elementor-size-default\">Kai standartini\u0173 sprendim\u0173 nepakanka, mes sukuriame tobul\u0105 sprendim\u0105.<\/h2>\t\t<\/div>\n\t\t\t\t<\/div>\n\t\t\t\t\t\t<\/div>\r\n\t\t\t\t<\/div>\r\n\t\t\t\t\t\t\t\t<\/div>\r\n\t\t\t<\/section>\r\n\t\t\t\t\t<section class=\" elementor-section elementor-top-section elementor-element elementor-element-1da5956 elementor-section-boxed elementor-section-height-default elementor-section-height-default\" data-id=\"1da5956\" data-element_type=\"section\">\r\n\t\t\t\t\t\t\t\t<div class=\"elementor-container elementor-column-gap-default\">\r\n\t\t\t\t\r\n\t\t\t\t\t\t\t\t<div class=\" elementor-column elementor-col-50 elementor-top-column elementor-element elementor-element-e46f2e9 \" data-id=\"e46f2e9\" data-element_type=\"column\">\r\n\r\n\t\t\t\t\r\n\t\t\t\t<div class=\"elementor-widget-wrap elementor-element-populated\">\r\n\t\t\t\t\t\t\t\t\t\t\r\n\t\t\t\t\t\t<div class=\"elementor-element elementor-element-e78274e elementor-widget elementor-widget-image\" data-id=\"e78274e\" data-element_type=\"widget\" data-widget_type=\"image.default\">\n\t\t\t\t<div class=\"elementor-widget-container\">\n\t\t\t\t\t\t\t\t\t\t\t\t\t<img decoding=\"async\" width=\"570\" height=\"400\" src=\"https:\/\/joldijagroup.com\/wp-content\/uploads\/2025\/05\/Assembly-items3-570x400.jpg\" class=\"attachment-alpha-thumb-custom-5 size-alpha-thumb-custom-5 wp-image-19112\" alt=\"\" srcset=\"https:\/\/joldijagroup.com\/wp-content\/uploads\/2025\/05\/Assembly-items3-570x400.jpg 570w, https:\/\/joldijagroup.com\/wp-content\/uploads\/2025\/05\/Assembly-items3-400x280.jpg 400w\" sizes=\"(max-width: 570px) 100vw, 570px\" \/>\t\t\t\t\t\t\t\t\t\t\t\t\t<\/div>\n\t\t\t\t<\/div>\n\t\t\t\t\t\t<\/div>\r\n\t\t\t\t<\/div>\r\n\t\t\t\t\t\t\t\t\t<div class=\" elementor-column elementor-col-50 elementor-top-column elementor-element elementor-element-fefa5cd \" data-id=\"fefa5cd\" data-element_type=\"column\">\r\n\r\n\t\t\t\t\r\n\t\t\t\t<div class=\"elementor-widget-wrap elementor-element-populated\">\r\n\t\t\t\t\t\t\t\t\t\t\r\n\t\t\t\t\t\t<div class=\"elementor-element elementor-element-f0c4eac elementor-widget elementor-widget-text-editor\" data-id=\"f0c4eac\" data-element_type=\"widget\" data-widget_type=\"text-editor.default\">\n\t\t\t\t<div class=\"elementor-widget-container\">\n\t\t\t\t\t\t\t<p>Kai kuriems projektams reikia daugiau nei gatav\u0173 sprendim\u0173. B\u016btent \u0161ioje srityje mes esame prana\u0161esni &#8211; teikiame tiksliai pagamintus nestandartinius komponentus, pritaikytus pagal tikslius j\u016bs\u0173 reikalavimus. Esame j\u016bs\u0173 partneris sprend\u017eiant nestandartinius surinkimo i\u0161\u0161\u016bkius &#8211; nuo unikali\u0173 tvirtinimo detali\u0173 iki sud\u0117ting\u0173 metalini\u0173 \u012fd\u0117kl\u0173, skirt\u0173 plastiko liejimo procesams.  <br data-start=\"1167\" data-end=\"1170\"><\/p>\n\t\t\t\t\t\t<\/div>\n\t\t\t\t<\/div>\n\t\t\t\t\t\t<\/div>\r\n\t\t\t\t<\/div>\r\n\t\t\t\t\t\t\t\t<\/div>\r\n\t\t\t<\/section>\r\n\t\t\t\t\t<\/div>\n\t\t","protected":false},"excerpt":{"rendered":"<p>Surinkimo elementai Si\u016blome plat\u0173 standartini\u0173 sraigt\u0173, var\u017et\u0173 ir tvirtinimo detali\u0173 \u012fvairioms pramon\u0117s \u0161akoms asortiment\u0105. Tinkamas sriegis. Tinkamas var\u017etas. Visada po ranka. Si\u016blome plat\u0173 standartini\u0173 sraigt\u0173, var\u017et\u0173 ir tvirtinimo detali\u0173 pasirinkim\u0105, atitinkant\u012f \u012fvairi\u0173 pramon\u0117s \u0161ak\u0173 poreikius. Nuo bald\u0173 gamybos iki statyb\u0173 ir kit\u0173 sri\u010di\u0173 &#8211; m\u016bs\u0173 gaminiai u\u017etikrina tvirtas ir patikimas jungtis, kuriomis galite pasitik\u0117ti kiekvien\u0105 [&hellip;]<\/p>\n","protected":false},"author":3,"featured_media":0,"parent":0,"menu_order":0,"comment_status":"closed","ping_status":"closed","template":"","meta":{"footnotes":""},"class_list":["post-19145","page","type-page","status-publish","hentry"],"aioseo_notices":[],"_links":{"self":[{"href":"https:\/\/joldijagroup.com\/lt\/wp-json\/wp\/v2\/pages\/19145","targetHints":{"allow":["GET"]}}],"collection":[{"href":"https:\/\/joldijagroup.com\/lt\/wp-json\/wp\/v2\/pages"}],"about":[{"href":"https:\/\/joldijagroup.com\/lt\/wp-json\/wp\/v2\/types\/page"}],"author":[{"embeddable":true,"href":"https:\/\/joldijagroup.com\/lt\/wp-json\/wp\/v2\/users\/3"}],"replies":[{"embeddable":true,"href":"https:\/\/joldijagroup.com\/lt\/wp-json\/wp\/v2\/comments?post=19145"}],"version-history":[{"count":4,"href":"https:\/\/joldijagroup.com\/lt\/wp-json\/wp\/v2\/pages\/19145\/revisions"}],"predecessor-version":[{"id":22176,"href":"https:\/\/joldijagroup.com\/lt\/wp-json\/wp\/v2\/pages\/19145\/revisions\/22176"}],"wp:attachment":[{"href":"https:\/\/joldijagroup.com\/lt\/wp-json\/wp\/v2\/media?parent=19145"}],"curies":[{"name":"wp","href":"https:\/\/api.w.org\/{rel}","templated":true}]}}