{"id":16705,"date":"2024-08-12T15:53:33","date_gmt":"2024-08-12T12:53:33","guid":{"rendered":"https:\/\/joldijagroup.com\/kontaktai\/"},"modified":"2026-02-20T11:13:05","modified_gmt":"2026-02-20T09:13:05","slug":"kontaktai","status":"publish","type":"page","link":"https:\/\/joldijagroup.com\/lt\/kontaktai\/","title":{"rendered":"Kontaktai"},"content":{"rendered":"\t\t<div data-elementor-type=\"wp-page\" data-elementor-id=\"16705\" class=\"elementor elementor-16705 elementor-12499\">\n\t\t\t\t\t\t<section class=\" elementor-section elementor-top-section elementor-element elementor-element-7449cb1 elementor-section-boxed elementor-section-height-default elementor-section-height-default\" data-id=\"7449cb1\" data-element_type=\"section\">\r\n\t\t\t\t\t\t\t\t<div class=\"elementor-container elementor-column-gap-default\">\r\n\t\t\t\t\r\n\t\t\t\t\t\t\t\t<div class=\" elementor-column elementor-col-100 elementor-top-column elementor-element elementor-element-0d46954 \" data-id=\"0d46954\" data-element_type=\"column\">\r\n\r\n\t\t\t\t\r\n\t\t\t\t<div class=\"elementor-widget-wrap elementor-element-populated\">\r\n\t\t\t\t\t\t\t\t\t\t\r\n\t\t\t\t\t\t<div class=\"elementor-element elementor-element-49b0970 elementor-invisible elementor-widget elementor-widget-text-editor\" data-id=\"49b0970\" data-element_type=\"widget\" data-settings=\"{&quot;_animation&quot;:&quot;fadeInLeft&quot;}\" data-widget_type=\"text-editor.default\">\n\t\t\t\t<div class=\"elementor-widget-container\">\n\t\t\t\t\t\t\t<h3><strong>ESAME D\u0116KINGI U\u017d GALIMYB\u0118 BENDRADARBIAUTI SU \u012eKVEPIAN\u010cIAIS \u017dMON\u0116MIS \u012eGYVENDINANT DAUGYB\u0118 NEPAPRAST\u0172 PROJEKT\u0172.<\/strong><\/h3>\n\t\t\t\t\t\t<\/div>\n\t\t\t\t<\/div>\n\t\t\t\t\t\t<\/div>\r\n\t\t\t\t<\/div>\r\n\t\t\t\t\t\t\t\t<\/div>\r\n\t\t\t<\/section>\r\n\t\t\t\t\t<section class=\" elementor-section elementor-top-section elementor-element elementor-element-dd6d7dd elementor-section-boxed elementor-section-height-default elementor-section-height-default\" data-id=\"dd6d7dd\" data-element_type=\"section\">\r\n\t\t\t\t\t\t\t\t<div class=\"elementor-container elementor-column-gap-default\">\r\n\t\t\t\t\r\n\t\t\t\t\t\t\t\t<div class=\" elementor-column elementor-col-100 elementor-top-column elementor-element elementor-element-6b9a66d \" data-id=\"6b9a66d\" data-element_type=\"column\">\r\n\r\n\t\t\t\t\r\n\t\t\t\t<div class=\"elementor-widget-wrap elementor-element-populated\">\r\n\t\t\t\t\t\t\t\t\t\t\r\n\t\t\t\t\t\t<div class=\"elementor-element elementor-element-ad63f83 elementor-widget elementor-widget-text-editor\" data-id=\"ad63f83\" data-element_type=\"widget\" data-widget_type=\"text-editor.default\">\n\t\t\t\t<div class=\"elementor-widget-container\">\n\t\t\t\t\t\t\t<p>Bendradarbiaujame su partneriais vis\u0105 k\u016brimo ir gamybos laikotarp\u012f, dalyvaujame visame produkto gyvavimo cikle &#8211; nuo id\u0117jos iki pateikimo rinkai. Teikiame plataus spektro pa\u017eangiausius sprendimus, taikydami kompleksin\u012f po\u017ei\u016br\u012f nuo naujo gaminio k\u016brimo iki didel\u0117s apimties gamybos.  Gilinam\u0117s \u012f tai, ko jums reikia. Aptarsime galimybes, terminus, projekto valdym\u0105 ir biud\u017eet\u0105. <\/p>\n\t\t\t\t\t\t<\/div>\n\t\t\t\t<\/div>\n\t\t\t\t\t\t<\/div>\r\n\t\t\t\t<\/div>\r\n\t\t\t\t\t\t\t\t<\/div>\r\n\t\t\t<\/section>\r\n\t\t\t\t\t<section class=\" elementor-section elementor-top-section elementor-element elementor-element-ad1e2b1 elementor-section-boxed elementor-section-height-default elementor-section-height-default\" data-id=\"ad1e2b1\" data-element_type=\"section\">\r\n\t\t\t\t\t\t\t\t<div class=\"elementor-container elementor-column-gap-default\">\r\n\t\t\t\t\r\n\t\t\t\t\t\t\t\t<div class=\" elementor-column elementor-col-100 elementor-top-column elementor-element elementor-element-a100a06 \" data-id=\"a100a06\" data-element_type=\"column\">\r\n\r\n\t\t\t\t\r\n\t\t\t\t<div class=\"elementor-widget-wrap elementor-element-populated\">\r\n\t\t\t\t\t\t\t\t\t\t\r\n\t\t\t\t\t\t<div class=\"elementor-element elementor-element-9b323b2 elementor-widget elementor-widget-text-editor\" data-id=\"9b323b2\" data-element_type=\"widget\" data-widget_type=\"text-editor.default\">\n\t\t\t\t<div class=\"elementor-widget-container\">\n\t\t\t\t\t\t\t<h4><strong>BENDRADARBIAUKITE SU MUMIS, KAD OPTIMIZUOTUM\u0116TE, AUGTUM\u0116TE IR DIDINTUM\u0116TE SAVO PRODUKT\u0172 K\u016aRIM\u0104<\/strong><strong>! PASIKALB\u0116KIME APIE TAI, K\u0104 &#8220;JOLDIJA GROUP&#8221; GALI PADARYTI J\u016aS\u0172 VERSLUI.<\/strong><\/h4>\t\t\t\t\t\t<\/div>\n\t\t\t\t<\/div>\n\t\t\t\t\t\t<\/div>\r\n\t\t\t\t<\/div>\r\n\t\t\t\t\t\t\t\t<\/div>\r\n\t\t\t<\/section>\r\n\t\t\t\t\t<div class=\" elementor-section elementor-top-section elementor-element elementor-element-450bd86 elementor-section-content-middle mt-1 mb-10 pb-10 alpha-section-stretched elementor-section-boxed elementor-section-height-default elementor-section-height-default\" data-id=\"450bd86\" data-element_type=\"section\" data-settings=\"{&quot;background_background&quot;:&quot;classic&quot;}\">\r\n\t\t\t\t\t\t\t\t<div class=\"elementor-container elementor-column-gap-default\">\r\n\t\t\t\t\r\n\t\t\t\t\t\t\t\t<div class=\" elementor-column elementor-col-50 elementor-top-column elementor-element elementor-element-6380f88 cs21-contact-info mb-1 \" data-id=\"6380f88\" data-element_type=\"column\">\r\n\r\n\t\t\t\t\r\n\t\t\t\t<div class=\"elementor-widget-wrap elementor-element-populated\">\r\n\t\t\t\t\t\t\t\t\t\t\r\n\t\t\t\t\t\t<div class=\"elementor-element elementor-element-bd26abb mb-4 cs21-icon-box address elementor-invisible elementor-widget elementor-widget-udesign_widget_iconbox\" data-id=\"bd26abb\" data-element_type=\"widget\" data-settings=\"{&quot;_animation&quot;:&quot;fadeIn&quot;,&quot;_animation_delay&quot;:600}\" data-widget_type=\"udesign_widget_iconbox.default\">\n\t\t\t\t<div class=\"elementor-widget-container\">\n\t\t\t<div class=\"icon-box icon-box-side position-left icon-stacked icon-box-icon-shadow shape-circle\"><div class=\"icon-box-feature\"><i class=\"  a-icon-map-marker\"><\/i><\/div><div class=\"icon-box-content\"><h3 class=\"icon-box-title\">Adresas<\/h3><p class=\"icon-box-desc\">Tikslo g. 10, Kauno rajonas, Lietuva \n<br>  LT-54311<\/p><\/div><\/div>\t\t<\/div>\n\t\t\t\t<\/div>\n\t\t\t\t<div class=\"elementor-element elementor-element-5b99cdc mb-4 cs21-icon-box address elementor-invisible elementor-widget elementor-widget-udesign_widget_iconbox\" data-id=\"5b99cdc\" data-element_type=\"widget\" data-settings=\"{&quot;_animation&quot;:&quot;fadeIn&quot;,&quot;_animation_delay&quot;:800}\" data-widget_type=\"udesign_widget_iconbox.default\">\n\t\t\t\t<div class=\"elementor-widget-container\">\n\t\t\t<div class=\"icon-box icon-box-side position-left icon-stacked icon-box-icon-shadow shape-circle\"><div class=\"icon-box-feature\"><i class=\"  u-icon-phone4\"><\/i><\/div><div class=\"icon-box-content\"><h3 class=\"icon-box-title\">Telefonas<\/h3><p class=\"icon-box-desc\"><a href=\"tel.:+370617%2014%20607\">(+370) 617 14 607<\/a><\/p><\/div><\/div>\t\t<\/div>\n\t\t\t\t<\/div>\n\t\t\t\t<div class=\"elementor-element elementor-element-7c74973 mb-4 cs-icon-box address elementor-invisible elementor-widget elementor-widget-udesign_widget_iconbox\" data-id=\"7c74973\" data-element_type=\"widget\" data-settings=\"{&quot;_animation&quot;:&quot;fadeIn&quot;,&quot;_animation_delay&quot;:1000}\" data-widget_type=\"udesign_widget_iconbox.default\">\n\t\t\t\t<div class=\"elementor-widget-container\">\n\t\t\t<div class=\"icon-box icon-box-side position-left icon-stacked icon-box-icon-shadow shape-circle\"><div class=\"icon-box-feature\"><i class=\"  u-icon-envelop3\"><\/i><\/div><div class=\"icon-box-content\"><h3 class=\"icon-box-title\">El. pa\u0161tas<\/h3><p class=\"icon-box-desc\"><a href=\"mailto:sales@joldijagroup.com\" aria-label=\"Mail to\">sales@joldijagroup.com<\/a><\/p><\/div><\/div>\t\t<\/div>\n\t\t\t\t<\/div>\n\t\t\t\t\t\t<\/div>\r\n\t\t\t\t<\/div>\r\n\t\t\t\t\t\t\t\t\t<div class=\" elementor-column elementor-col-50 elementor-top-column elementor-element elementor-element-4bc43c0 mb-1 \" data-id=\"4bc43c0\" data-element_type=\"column\" data-settings=\"{&quot;background_background&quot;:&quot;classic&quot;}\">\r\n\r\n\t\t\t\t\r\n\t\t\t\t<div class=\"elementor-widget-wrap elementor-element-populated\">\r\n\t\t\t\t\t\t\t\t\t\t\r\n\t\t\t\t\t\t<section class=\" elementor-section elementor-inner-section elementor-element elementor-element-3caa136 cs21-contact-form elementor-section-boxed elementor-section-height-default elementor-section-height-default elementor-invisible\" data-id=\"3caa136\" data-element_type=\"section\" data-settings=\"{&quot;background_background&quot;:&quot;classic&quot;,&quot;animation&quot;:&quot;fadeInRightShorter&quot;,&quot;animation_delay&quot;:1400}\">\r\n\t\t\t\t\t\t\t\t<div class=\"elementor-container elementor-column-gap-no\">\r\n\t\t\t\t\r\n\t\t\t\t\t\t\t\t<div class=\" elementor-column elementor-col-100 elementor-inner-column elementor-element elementor-element-7270b41 \" data-id=\"7270b41\" data-element_type=\"column\">\r\n\r\n\t\t\t\t\r\n\t\t\t\t<div class=\"elementor-widget-wrap elementor-element-populated\">\r\n\t\t\t\t\t\t\t\t\t\t\r\n\t\t\t\t\t\t<div class=\"elementor-element elementor-element-f990e5f elementor-widget elementor-widget-wpforms\" data-id=\"f990e5f\" data-element_type=\"widget\" data-widget_type=\"wpforms.default\">\n\t\t\t\t<div class=\"elementor-widget-container\">\n\t\t\t<div class=\"wpforms-container wpforms-container-full wpforms-error-fixed\" id=\"wpforms-13794\"><form id=\"wpforms-form-13794\" class=\"wpforms-validate wpforms-form wpforms-ajax-form\" data-formid=\"13794\" method=\"post\" enctype=\"multipart\/form-data\" action=\"\/lt\/wp-json\/wp\/v2\/pages\/16705\" data-token=\"7ba45b18480cd13da6c12a0afed805cc\" data-token-time=\"1777127750\"><noscript class=\"wpforms-error-noscript\">Please enable JavaScript in your browser to complete this form.<\/noscript><div class=\"wpforms-field-container\"><div id=\"wpforms-13794-field_1-container\" class=\"wpforms-field wpforms-field-name\" data-field-id=\"1\"><label class=\"wpforms-field-label wpforms-label-hide\" for=\"wpforms-13794-field_1\">Name <span class=\"wpforms-required-label\">*<\/span><\/label><input type=\"text\" id=\"wpforms-13794-field_1\" class=\"wpforms-field-large wpforms-field-required\" name=\"wpforms[fields][1]\" placeholder=\"Your Name\" required><\/div><div id=\"wpforms-13794-field_2-container\" class=\"wpforms-field wpforms-field-email\" data-field-id=\"2\"><label class=\"wpforms-field-label wpforms-label-hide\" for=\"wpforms-13794-field_2\">Email <span class=\"wpforms-required-label\">*<\/span><\/label><input type=\"email\" id=\"wpforms-13794-field_2\" class=\"wpforms-field-large wpforms-field-required\" name=\"wpforms[fields][2]\" placeholder=\"E-mail Address\" spellcheck=\"false\" required><\/div><div id=\"wpforms-13794-field_3-container\" class=\"wpforms-field wpforms-field-textarea\" data-field-id=\"3\"><label class=\"wpforms-field-label wpforms-label-hide\" for=\"wpforms-13794-field_3\">Paragraph Text<\/label><textarea id=\"wpforms-13794-field_3\" class=\"wpforms-field-medium\" name=\"wpforms[fields][3]\" placeholder=\"Your Message\" ><\/textarea><\/div><\/div><!-- .wpforms-field-container --><div class=\"wpforms-recaptcha-container wpforms-is-recaptcha wpforms-is-recaptcha-type-v2\" ><div class=\"g-recaptcha\" data-sitekey=\"6Lf-DmksAAAAAD5bxeq-f_YRJtNHCDQ8NRKYuI2x\"><\/div><input type=\"text\" name=\"g-recaptcha-hidden\" class=\"wpforms-recaptcha-hidden\" style=\"position:absolute!important;clip:rect(0,0,0,0)!important;height:1px!important;width:1px!important;border:0!important;overflow:hidden!important;padding:0!important;margin:0!important;\" data-rule-recaptcha=\"1\"><\/div><div class=\"wpforms-submit-container\" ><input type=\"hidden\" name=\"wpforms[id]\" value=\"13794\"><input type=\"hidden\" name=\"page_title\" value=\"\"><input type=\"hidden\" name=\"page_url\" value=\"https:\/\/joldijagroup.com\/lt\/wp-json\/wp\/v2\/pages\/16705\"><input type=\"hidden\" name=\"url_referer\" value=\"\"><button type=\"submit\" name=\"wpforms[submit]\" id=\"wpforms-submit-13794\" class=\"wpforms-submit wpforms-submit-icon\" data-alt-text=\"Sending...\" data-submit-text=\"Submit\" aria-live=\"assertive\" value=\"wpforms-submit\">Submit<\/button><img decoding=\"async\" src=\"https:\/\/joldijagroup.com\/wp-content\/plugins\/wpforms\/assets\/images\/submit-spin.svg\" class=\"wpforms-submit-spinner\" style=\"display: none;\" width=\"26\" height=\"26\" alt=\"Loading\"><\/div><\/form><\/div>  <!-- .wpforms-container -->\t\t<\/div>\n\t\t\t\t<\/div>\n\t\t\t\t\t\t<\/div>\r\n\t\t\t\t<\/div>\r\n\t\t\t\t\t\t\t\t<\/div>\r\n\t\t\t<\/section>\r\n\t\t\t\t\t\t\t<\/div>\r\n\t\t\t\t<\/div>\r\n\t\t\t\t\t\t\t\t<\/div>\r\n\t\t\t<\/div>\r\n\t\t\t\t\t<div class=\" elementor-section elementor-top-section elementor-element elementor-element-842debc elementor-section-full_width alpha-section-stretched elementor-section-height-default elementor-section-height-default\" data-id=\"842debc\" data-element_type=\"section\">\r\n\t\t\t\t\t\t\t\t<div class=\"elementor-container elementor-column-gap-no\">\r\n\t\t\t\t\r\n\t\t\t\t\t\t\t\t<div class=\" elementor-column elementor-col-100 elementor-top-column elementor-element elementor-element-3341364 \" data-id=\"3341364\" data-element_type=\"column\">\r\n\r\n\t\t\t\t\r\n\t\t\t\t<div class=\"elementor-widget-wrap elementor-element-populated\">\r\n\t\t\t\t\t\t\t\t\t\t\r\n\t\t\t\t\t\t<div class=\"elementor-element elementor-element-55a56eb elementor-invisible elementor-widget elementor-widget-google_maps\" data-id=\"55a56eb\" data-element_type=\"widget\" data-settings=\"{&quot;_animation&quot;:&quot;fadeIn&quot;}\" data-widget_type=\"google_maps.default\">\n\t\t\t\t<div class=\"elementor-widget-container\">\n\t\t\t\t\t<div class=\"elementor-custom-embed\">\n\t\t\t<iframe loading=\"lazy\"\n\t\t\t\t\tsrc=\"https:\/\/maps.google.com\/maps?q=joldija&#038;t=m&#038;z=4&#038;output=embed&#038;iwloc=near\"\n\t\t\t\t\ttitle=\"joldija\"\n\t\t\t\t\taria-label=\"joldija\"\n\t\t\t><\/iframe>\n\t\t<\/div>\n\t\t\t\t<\/div>\n\t\t\t\t<\/div>\n\t\t\t\t\t\t<\/div>\r\n\t\t\t\t<\/div>\r\n\t\t\t\t\t\t\t\t<\/div>\r\n\t\t\t<\/div>\r\n\t\t\t\t\t<\/div>\n\t\t","protected":false},"excerpt":{"rendered":"<p>ESAME D\u0116KINGI U\u017d GALIMYB\u0118 BENDRADARBIAUTI SU \u012eKVEPIAN\u010cIAIS \u017dMON\u0116MIS \u012eGYVENDINANT DAUGYB\u0118 NEPAPRAST\u0172 PROJEKT\u0172. Bendradarbiaujame su partneriais vis\u0105 k\u016brimo ir gamybos laikotarp\u012f, dalyvaujame visame produkto gyvavimo cikle &#8211; nuo id\u0117jos iki pateikimo rinkai. Teikiame plataus spektro pa\u017eangiausius sprendimus, taikydami kompleksin\u012f po\u017ei\u016br\u012f nuo naujo gaminio k\u016brimo iki didel\u0117s apimties gamybos. Gilinam\u0117s \u012f tai, ko jums reikia. Aptarsime galimybes, [&hellip;]<\/p>\n","protected":false},"author":3,"featured_media":0,"parent":0,"menu_order":0,"comment_status":"closed","ping_status":"closed","template":"","meta":{"footnotes":""},"class_list":["post-16705","page","type-page","status-publish","hentry"],"aioseo_notices":[],"_links":{"self":[{"href":"https:\/\/joldijagroup.com\/lt\/wp-json\/wp\/v2\/pages\/16705","targetHints":{"allow":["GET"]}}],"collection":[{"href":"https:\/\/joldijagroup.com\/lt\/wp-json\/wp\/v2\/pages"}],"about":[{"href":"https:\/\/joldijagroup.com\/lt\/wp-json\/wp\/v2\/types\/page"}],"author":[{"embeddable":true,"href":"https:\/\/joldijagroup.com\/lt\/wp-json\/wp\/v2\/users\/3"}],"replies":[{"embeddable":true,"href":"https:\/\/joldijagroup.com\/lt\/wp-json\/wp\/v2\/comments?post=16705"}],"version-history":[{"count":13,"href":"https:\/\/joldijagroup.com\/lt\/wp-json\/wp\/v2\/pages\/16705\/revisions"}],"predecessor-version":[{"id":23337,"href":"https:\/\/joldijagroup.com\/lt\/wp-json\/wp\/v2\/pages\/16705\/revisions\/23337"}],"wp:attachment":[{"href":"https:\/\/joldijagroup.com\/lt\/wp-json\/wp\/v2\/media?parent=16705"}],"curies":[{"name":"wp","href":"https:\/\/api.w.org\/{rel}","templated":true}]}}