{"id":14499,"date":"2024-08-19T16:21:58","date_gmt":"2024-08-19T13:21:58","guid":{"rendered":"https:\/\/joldijagroup.com\/tvarumas\/"},"modified":"2025-12-18T10:19:47","modified_gmt":"2025-12-18T08:19:47","slug":"tvarumas","status":"publish","type":"page","link":"https:\/\/joldijagroup.com\/lt\/tvarumas\/","title":{"rendered":"Tvarumas"},"content":{"rendered":"\t\t<div data-elementor-type=\"wp-page\" data-elementor-id=\"14499\" class=\"elementor elementor-14499 elementor-12571\">\n\t\t\t\t\t\t<section class=\" elementor-section elementor-top-section elementor-element elementor-element-d0f034 elementor-section-full_width elementor-section-height-min-height alpha-section-stretched elementor-section-height-default elementor-section-items-middle\" data-id=\"d0f034\" data-element_type=\"section\">\r\n\t\t\t\t\t\t\t\t<div class=\"elementor-container elementor-column-gap-default\">\r\n\t\t\t\t\r\n\t\t\t\t\t\t\t\t<div class=\" elementor-column elementor-col-100 elementor-top-column elementor-element elementor-element-7edb8733 \" data-id=\"7edb8733\" data-element_type=\"column\">\r\n\r\n\t\t\t\t\r\n\t\t\t\t<div class=\"elementor-widget-wrap elementor-element-populated\">\r\n\t\t\t\t\t\t\t\t\t\t\r\n\t\t\t\t\t\t<div class=\"elementor-element elementor-element-c64c4e2 elementor-invisible elementor-widget elementor-widget-udesign_widget_banner\" data-id=\"c64c4e2\" data-element_type=\"widget\" data-settings=\"{&quot;_animation&quot;:&quot;fadeIn&quot;}\" data-widget_type=\"udesign_widget_banner.default\">\r\n\t\t\t\t<div class=\"elementor-widget-container\">\n\t\t\t<div class=\"banner banner-fixed\">\t<figure class=\"banner-img\">\r\n\t\t<img fetchpriority=\"high\" decoding=\"async\" width=\"1500\" height=\"500\" src=\"https:\/\/joldijagroup.com\/wp-content\/uploads\/2025\/01\/Untitled-design-5.png\" class=\"attachment-full size-full\" alt=\"Sustainability and growth Joldijagroup\" srcset=\"https:\/\/joldijagroup.com\/wp-content\/uploads\/2025\/01\/Untitled-design-5.png 1500w, https:\/\/joldijagroup.com\/wp-content\/uploads\/2025\/01\/Untitled-design-5-1024x341.png 1024w, https:\/\/joldijagroup.com\/wp-content\/uploads\/2025\/01\/Untitled-design-5-768x256.png 768w\" sizes=\"(max-width: 1500px) 100vw, 1500px\" \/>\t<\/figure>\r\n\t<div class=\"banner-content t-mc\"><div class=\"banner-item elementor-repeater-item-51d814a item-block\"  data-floating={\"type\":\"skr_fade_in\",\"m_track_dir\":\"\",\"m_track_speed\":0.5,\"scroll_size\":\"50\",\"scroll_stop\":\"center\"}><div class=\"floating-wrapper layer-wrapper elementor-repeater-item-51d814a-wrapper\" data-plugin='skrollr' data-options='{\"data-bottom-top\":\"transform: translate(0, 0); opacity: 0;\",\"data-center\":\"transform: translate(0%, 0%); opacity: 1;\"}' ><h3 class=\"text\">Tvarumas<\/h3><\/div><\/div><p class=\"banner-item elementor-repeater-item-47d6081 item-block text\">M\u016bs\u0173 d\u0117mesys tvarumui u\u017etikrina ilgalaik\u0119 vert\u0119 per atsakomyb\u0119 ir augim\u0105<\/p><\/div><\/div>\t\t<\/div>\n\t\t\t\t<\/div>\n\t\t\t\t\t\t<\/div>\r\n\t\t\t\t<\/div>\r\n\t\t\t\t\t\t\t\t<\/div>\r\n\t\t\t<\/section>\r\n\t\t\t\t\t<section class=\" elementor-section elementor-top-section elementor-element elementor-element-7d55239 elementor-section-boxed elementor-section-height-default elementor-section-height-default\" data-id=\"7d55239\" data-element_type=\"section\">\r\n\t\t\t\t\t\t\t\t<div class=\"elementor-container elementor-column-gap-default\">\r\n\t\t\t\t\r\n\t\t\t\t\t\t\t\t<div class=\" elementor-column elementor-col-100 elementor-top-column elementor-element elementor-element-58e5503 \" data-id=\"58e5503\" data-element_type=\"column\">\r\n\r\n\t\t\t\t\r\n\t\t\t\t<div class=\"elementor-widget-wrap elementor-element-populated\">\r\n\t\t\t\t\t\t\t\t\t\t\r\n\t\t\t\t\t\t<div class=\"elementor-element elementor-element-c8429b7 elementor-widget elementor-widget-text-editor\" data-id=\"c8429b7\" data-element_type=\"widget\" data-widget_type=\"text-editor.default\">\n\t\t\t\t<div class=\"elementor-widget-container\">\n\t\t\t\t\t\t\t<p>Tikime, kad \u012fmon\u0117s privalo daryti teigiam\u0105 poveik\u012f planetai ir kartu teikti naud\u0105 klientams, darbuotojams ir bendruomen\u0117ms. Siekdami kurti tvaresn\u0119 ateit\u012f, integruojame aplinkosaug\u0105, socialin\u0119 atsakomyb\u0119 ir novatori\u0161k\u0105 praktik\u0105. Nuo anglies p\u0117dsako ma\u017einimo ir atliek\u0173 ma\u017einimo iki atsinaujinan\u010dios energijos naudojimo ir eti\u0161ko tiekimo skatinimo &#8211; esame pasiry\u017e\u0119 \u012fgyvendinti sprendimus, kurie suderina augim\u0105 ir m\u016bs\u0173 planetos gerov\u0119. Kartu ne tik \u012fsivaizduojame tvari\u0105 ateit\u012f &#8211; mes j\u0105 kuriame.   <\/p>\n\t\t\t\t\t\t<\/div>\n\t\t\t\t<\/div>\n\t\t\t\t\t\t<\/div>\r\n\t\t\t\t<\/div>\r\n\t\t\t\t\t\t\t\t<\/div>\r\n\t\t\t<\/section>\r\n\t\t\t\t\t<section class=\" elementor-section elementor-top-section elementor-element elementor-element-af7f9d1 elementor-section-boxed elementor-section-height-default elementor-section-height-default\" data-id=\"af7f9d1\" data-element_type=\"section\" data-settings=\"{&quot;background_background&quot;:&quot;classic&quot;}\">\r\n\t\t\t\t\t\t\t\t<div class=\"elementor-container elementor-column-gap-default\">\r\n\t\t\t\t\r\n\t\t\t\t\t\t\t\t<div class=\" elementor-column elementor-col-25 elementor-top-column elementor-element elementor-element-eb57fa7 elementor-invisible \" data-id=\"eb57fa7\" data-element_type=\"column\" data-settings=\"{&quot;background_background&quot;:&quot;classic&quot;,&quot;animation&quot;:&quot;fadeInLeft&quot;,&quot;animation_delay&quot;:400}\">\r\n\r\n\t\t\t\t\r\n\t\t\t\t<div class=\"elementor-widget-wrap elementor-element-populated\">\r\n\t\t\t\t\t\t\t\t\t\t\r\n\t\t\t\t\t\t<div class=\"elementor-element elementor-element-5e2ddaf elementor-widget elementor-widget-image\" data-id=\"5e2ddaf\" data-element_type=\"widget\" data-widget_type=\"image.default\">\n\t\t\t\t<div class=\"elementor-widget-container\">\n\t\t\t\t\t\t\t\t\t\t\t\t\t<img decoding=\"async\" src=\"https:\/\/joldijagroup.com\/wp-content\/uploads\/elementor\/thumbs\/footprint-qznp1o6k4u9h0qyw6hj1mcnxyjp8mmv94w71qy2sm4.png\" title=\"footprint\" alt=\"footprint\" loading=\"lazy\" \/>\t\t\t\t\t\t\t\t\t\t\t\t\t<\/div>\n\t\t\t\t<\/div>\n\t\t\t\t<div class=\"elementor-element elementor-element-9c0e431 elementor-widget elementor-widget-heading\" data-id=\"9c0e431\" data-element_type=\"widget\" data-widget_type=\"heading.default\">\n\t\t\t\t<div class=\"elementor-widget-container\">\n\t\t\t<h2 class=\"elementor-heading-title elementor-size-default\">Anglies dioksido p\u0117dsako lygis 1,2<\/h2>\t\t<\/div>\n\t\t\t\t<\/div>\n\t\t\t\t<div class=\"elementor-element elementor-element-f8ed359 elementor-widget elementor-widget-text-editor\" data-id=\"f8ed359\" data-element_type=\"widget\" data-widget_type=\"text-editor.default\">\n\t\t\t\t<div class=\"elementor-widget-container\">\n\t\t\t\t\t\t\t<p>Vertiname ir valdome savo anglies dioksido p\u0117dsak\u0105, ma\u017einame veiklos ir \u012fsigyjamos energijos emisijas, kad u\u017etikrintume tvar\u0173 p\u0117dsak\u0105.<\/p>\n\t\t\t\t\t\t<\/div>\n\t\t\t\t<\/div>\n\t\t\t\t\t\t<\/div>\r\n\t\t\t\t<\/div>\r\n\t\t\t\t\t\t\t\t\t<div class=\" elementor-column elementor-col-25 elementor-top-column elementor-element elementor-element-f7ebef7 elementor-invisible \" data-id=\"f7ebef7\" data-element_type=\"column\" data-settings=\"{&quot;background_background&quot;:&quot;classic&quot;,&quot;animation&quot;:&quot;fadeInLeft&quot;,&quot;animation_delay&quot;:300}\">\r\n\r\n\t\t\t\t\r\n\t\t\t\t<div class=\"elementor-widget-wrap elementor-element-populated\">\r\n\t\t\t\t\t\t\t\t\t\t\r\n\t\t\t\t\t\t<div class=\"elementor-element elementor-element-a768558 elementor-widget elementor-widget-image\" data-id=\"a768558\" data-element_type=\"widget\" data-widget_type=\"image.default\">\n\t\t\t\t<div class=\"elementor-widget-container\">\n\t\t\t\t\t\t\t\t\t\t\t\t\t<img decoding=\"async\" src=\"https:\/\/joldijagroup.com\/wp-content\/uploads\/elementor\/thumbs\/renewable-energy-icon-png-8-1-qznqf2l7bdvz6z7npu96nvw1vk7p5yzelehpqgtxlo.webp\" title=\"renewable-energy-icon-png-8 (1)\" alt=\"renewable-energy-icon-png-8 (1)\" loading=\"lazy\" \/>\t\t\t\t\t\t\t\t\t\t\t\t\t<\/div>\n\t\t\t\t<\/div>\n\t\t\t\t<div class=\"elementor-element elementor-element-c320dce elementor-widget elementor-widget-heading\" data-id=\"c320dce\" data-element_type=\"widget\" data-widget_type=\"heading.default\">\n\t\t\t\t<div class=\"elementor-widget-container\">\n\t\t\t<h2 class=\"elementor-heading-title elementor-size-default\">~70 % atsinaujinan\u010diosios energijos<\/h2>\t\t<\/div>\n\t\t\t\t<\/div>\n\t\t\t\t<div class=\"elementor-element elementor-element-36d1b76 elementor-widget elementor-widget-text-editor\" data-id=\"36d1b76\" data-element_type=\"widget\" data-widget_type=\"text-editor.default\">\n\t\t\t\t<div class=\"elementor-widget-container\">\n\t\t\t\t\t\t\t<p>Pirmenyb\u0119 teikiame atsinaujinan\u010diajai energijai ir \u0161variai energijai, kad u\u017etikrintume tvarum\u0105 ir suma\u017eintume poveik\u012f aplinkai.<\/p>\n\t\t\t\t\t\t<\/div>\n\t\t\t\t<\/div>\n\t\t\t\t\t\t<\/div>\r\n\t\t\t\t<\/div>\r\n\t\t\t\t\t\t\t\t\t<div class=\" elementor-column elementor-col-25 elementor-top-column elementor-element elementor-element-7ad2dac elementor-invisible \" data-id=\"7ad2dac\" data-element_type=\"column\" data-settings=\"{&quot;background_background&quot;:&quot;classic&quot;,&quot;animation&quot;:&quot;fadeInLeft&quot;,&quot;animation_delay&quot;:200}\">\r\n\r\n\t\t\t\t\r\n\t\t\t\t<div class=\"elementor-widget-wrap elementor-element-populated\">\r\n\t\t\t\t\t\t\t\t\t\t\r\n\t\t\t\t\t\t<div class=\"elementor-element elementor-element-a89afbc elementor-widget elementor-widget-image\" data-id=\"a89afbc\" data-element_type=\"widget\" data-widget_type=\"image.default\">\n\t\t\t\t<div class=\"elementor-widget-container\">\n\t\t\t\t\t\t\t\t\t\t\t\t\t<img decoding=\"async\" src=\"https:\/\/joldijagroup.com\/wp-content\/uploads\/elementor\/thumbs\/Untitled-design-7-e1736257589330-qznqs99p6pxs2225q1fs523tv58254buqnxx37a4bg.png\" title=\"Untitled design (7)\" alt=\"Untitled design (7)\" loading=\"lazy\" \/>\t\t\t\t\t\t\t\t\t\t\t\t\t<\/div>\n\t\t\t\t<\/div>\n\t\t\t\t<div class=\"elementor-element elementor-element-8526cd0 elementor-widget elementor-widget-heading\" data-id=\"8526cd0\" data-element_type=\"widget\" data-widget_type=\"heading.default\">\n\t\t\t\t<div class=\"elementor-widget-container\">\n\t\t\t<h2 class=\"elementor-heading-title elementor-size-default\">Anglies pasienio koregavimas  <\/h2>\t\t<\/div>\n\t\t\t\t<\/div>\n\t\t\t\t<div class=\"elementor-element elementor-element-c0179a6 elementor-widget elementor-widget-text-editor\" data-id=\"c0179a6\" data-element_type=\"widget\" data-widget_type=\"text-editor.default\">\n\t\t\t\t<div class=\"elementor-widget-container\">\n\t\t\t\t\t\t\t<p>Palaikome anglies dioksido i\u0161metimo per sien\u0105 reguliavimo mechanizm\u0105, kuriuo skatinama s\u0105\u017eininga prekyba ir ma\u017einamas i\u0161metamo anglies dioksido kiekis tiekimo grandin\u0117se.<\/p>\n\t\t\t\t\t\t<\/div>\n\t\t\t\t<\/div>\n\t\t\t\t\t\t<\/div>\r\n\t\t\t\t<\/div>\r\n\t\t\t\t\t\t\t\t\t<div class=\" elementor-column elementor-col-25 elementor-top-column elementor-element elementor-element-13d98c8 elementor-invisible \" data-id=\"13d98c8\" data-element_type=\"column\" data-settings=\"{&quot;background_background&quot;:&quot;classic&quot;,&quot;animation&quot;:&quot;fadeInLeft&quot;,&quot;animation_delay&quot;:100}\">\r\n\r\n\t\t\t\t\r\n\t\t\t\t<div class=\"elementor-widget-wrap elementor-element-populated\">\r\n\t\t\t\t\t\t\t\t\t\t\r\n\t\t\t\t\t\t<div class=\"elementor-element elementor-element-4a8316b elementor-widget elementor-widget-image\" data-id=\"4a8316b\" data-element_type=\"widget\" data-widget_type=\"image.default\">\n\t\t\t\t<div class=\"elementor-widget-container\">\n\t\t\t\t\t\t\t\t\t\t\t\t\t<img decoding=\"async\" src=\"https:\/\/joldijagroup.com\/wp-content\/uploads\/elementor\/thumbs\/Untitled-design-9-e1736257961446-qznr1yxnt38g0zy908kzwlvauhcloiw02qmjm4vo0s.png\" title=\"Untitled design (9)\" alt=\"Untitled design (9)\" loading=\"lazy\" \/>\t\t\t\t\t\t\t\t\t\t\t\t\t<\/div>\n\t\t\t\t<\/div>\n\t\t\t\t<div class=\"elementor-element elementor-element-cd829ce elementor-widget elementor-widget-heading\" data-id=\"cd829ce\" data-element_type=\"widget\" data-widget_type=\"heading.default\">\n\t\t\t\t<div class=\"elementor-widget-container\">\n\t\t\t<h2 class=\"elementor-heading-title elementor-size-default\">Mi\u0161k\u0173 valdymo taryba<\/h2>\t\t<\/div>\n\t\t\t\t<\/div>\n\t\t\t\t<div class=\"elementor-element elementor-element-f89fbfe elementor-widget elementor-widget-text-editor\" data-id=\"f89fbfe\" data-element_type=\"widget\" data-widget_type=\"text-editor.default\">\n\t\t\t\t<div class=\"elementor-widget-container\">\n\t\t\t\t\t\t\t<p>Remiame Mi\u0161k\u0173 valdymo taryb\u0105, skatinan\u010di\u0105 atsaking\u0105 mi\u0161k\u0173 tvarkym\u0105 ir tvari\u0105 tiekimo praktik\u0105.<\/p>\n\t\t\t\t\t\t<\/div>\n\t\t\t\t<\/div>\n\t\t\t\t\t\t<\/div>\r\n\t\t\t\t<\/div>\r\n\t\t\t\t\t\t\t\t<\/div>\r\n\t\t\t<\/section>\r\n\t\t\t\t\t<section class=\" elementor-section elementor-top-section elementor-element elementor-element-c0893df elementor-section-boxed elementor-section-height-default elementor-section-height-default\" data-id=\"c0893df\" data-element_type=\"section\">\r\n\t\t\t\t\t\t\t\t<div class=\"elementor-container elementor-column-gap-default\">\r\n\t\t\t\t\r\n\t\t\t\t\t\t\t\t<div class=\" elementor-column elementor-col-100 elementor-top-column elementor-element elementor-element-ee6e64e \" data-id=\"ee6e64e\" data-element_type=\"column\">\r\n\r\n\t\t\t\t\r\n\t\t\t\t<div class=\"elementor-widget-wrap elementor-element-populated\">\r\n\t\t\t\t\t\t\t\t\t\t\r\n\t\t\t\t\t\t<div class=\"elementor-element elementor-element-801ef7d elementor-widget elementor-widget-spacer\" data-id=\"801ef7d\" data-element_type=\"widget\" data-widget_type=\"spacer.default\">\n\t\t\t\t<div class=\"elementor-widget-container\">\n\t\t\t\t\t<div class=\"elementor-spacer\">\n\t\t\t<div class=\"elementor-spacer-inner\"><\/div>\n\t\t<\/div>\n\t\t\t\t<\/div>\n\t\t\t\t<\/div>\n\t\t\t\t\t\t<\/div>\r\n\t\t\t\t<\/div>\r\n\t\t\t\t\t\t\t\t<\/div>\r\n\t\t\t<\/section>\r\n\t\t\t\t\t<section class=\" elementor-section elementor-top-section elementor-element elementor-element-5eab1cb elementor-section-boxed elementor-section-height-default elementor-section-height-default\" data-id=\"5eab1cb\" data-element_type=\"section\">\r\n\t\t\t\t\t\t\t\t<div class=\"elementor-container elementor-column-gap-default\">\r\n\t\t\t\t\r\n\t\t\t\t\t\t\t\t<div class=\" elementor-column elementor-col-100 elementor-top-column elementor-element elementor-element-5e91aaa \" data-id=\"5e91aaa\" data-element_type=\"column\">\r\n\r\n\t\t\t\t\r\n\t\t\t\t<div class=\"elementor-widget-wrap elementor-element-populated\">\r\n\t\t\t\t\t\t\t\t\t\t\r\n\t\t\t\t\t\t<div class=\"elementor-element elementor-element-9a7aec4 elementor-widget elementor-widget-heading\" data-id=\"9a7aec4\" data-element_type=\"widget\" data-widget_type=\"heading.default\">\n\t\t\t\t<div class=\"elementor-widget-container\">\n\t\t\t<h2 class=\"elementor-heading-title elementor-size-default\">230 kW saul\u0117s elektrin\u0117  <\/h2>\t\t<\/div>\n\t\t\t\t<\/div>\n\t\t\t\t<div class=\"elementor-element elementor-element-fc545d1 elementor-widget elementor-widget-text-editor\" data-id=\"fc545d1\" data-element_type=\"widget\" data-widget_type=\"text-editor.default\">\n\t\t\t\t<div class=\"elementor-widget-container\">\n\t\t\t\t\t\t\t<div class=\"flex-shrink-0 flex flex-col relative items-end\"><div><div class=\"pt-0\"><div class=\"gizmo-bot-avatar flex h-8 w-8 items-center justify-center overflow-hidden rounded-full\"><div class=\"relative p-1 rounded-sm flex items-center justify-center bg-token-main-surface-primary text-token-text-primary h-8 w-8\">\u00a0<\/div><\/div><\/div><\/div><\/div><div class=\"group\/conversation-turn relative flex w-full min-w-0 flex-col agent-turn\"><div class=\"flex-col gap-1 md:gap-3\"><div class=\"flex max-w-full flex-col flex-grow\"><div class=\"min-h-8 text-message flex w-full flex-col items-end gap-2 whitespace-normal break-words text-start [.text-message+&amp;]:mt-5\" dir=\"auto\" data-message-author-role=\"assistant\" data-message-id=\"09a05415-5fab-49fb-9bda-6fc42f7d290d\" data-message-model-slug=\"gpt-4o\"><div class=\"flex w-full flex-col gap-1 empty:hidden first:pt-[3px]\"><div class=\"markdown prose w-full break-words dark:prose-invert light\"><p>Augdami ir pl\u0117sdami savo paslaugas bei asortiment\u0105, mes ir toliau esame tvirtai \u012fsipareigoj\u0119 laikytis tvarumo principo, kuris yra esminis m\u016bs\u0173 veiklos aspektas. \u0160is \u012fsipareigojimas skatina tokias iniciatyvas kaip investicijos \u012f atsinaujinan\u010dios energijos sprendimus, pavyzd\u017eiui, m\u016bs\u0173 saul\u0117s elektrin\u0119. Naudodami \u0161vari\u0105, tvari\u0105 energij\u0105 ne tik ma\u017einame savo priklausomyb\u0119 nuo i\u0161kastinio kuro, bet ir \u017eenkliai suma\u017einame anglies p\u0117dsak\u0105, taip suderindami savo augim\u0105 su planetos sveikata ir gerove.<\/p><\/div><\/div><\/div><\/div><\/div><\/div>\t\t\t\t\t\t<\/div>\n\t\t\t\t<\/div>\n\t\t\t\t\t\t<\/div>\r\n\t\t\t\t<\/div>\r\n\t\t\t\t\t\t\t\t<\/div>\r\n\t\t\t<\/section>\r\n\t\t\t\t\t<section class=\" elementor-section elementor-top-section elementor-element elementor-element-59b2bf3 elementor-section-full_width elementor-section-height-default elementor-section-height-default\" data-id=\"59b2bf3\" data-element_type=\"section\">\r\n\t\t\t\t\t\t\t\t<div class=\"elementor-container elementor-column-gap-default\">\r\n\t\t\t\t\r\n\t\t\t\t\t\t\t\t<div class=\" elementor-column elementor-col-100 elementor-top-column elementor-element elementor-element-f1c5d66 \" data-id=\"f1c5d66\" data-element_type=\"column\">\r\n\r\n\t\t\t\t\r\n\t\t\t\t<div class=\"elementor-widget-wrap elementor-element-populated\">\r\n\t\t\t\t\t\t\t\t\t\t\r\n\t\t\t\t\t\t<div class=\"elementor-element elementor-element-ab372f2 elementor-invisible elementor-widget elementor-widget-image\" data-id=\"ab372f2\" data-element_type=\"widget\" data-settings=\"{&quot;_animation&quot;:&quot;slideInUp&quot;}\" data-widget_type=\"image.default\">\n\t\t\t\t<div class=\"elementor-widget-container\">\n\t\t\t\t\t\t\t\t\t\t\t\t\t<img decoding=\"async\" src=\"https:\/\/joldijagroup.com\/wp-content\/uploads\/2024\/08\/Dizainas-be-pavadinimo-2024-08-01T143210.560.jpg\" title=\"Dizainas be pavadinimo &#8211; 2024-08-01T143210.560\" alt=\"Dizainas be pavadinimo - 2024-08-01T143210.560\" loading=\"lazy\" \/>\t\t\t\t\t\t\t\t\t\t\t\t\t<\/div>\n\t\t\t\t<\/div>\n\t\t\t\t\t\t<\/div>\r\n\t\t\t\t<\/div>\r\n\t\t\t\t\t\t\t\t<\/div>\r\n\t\t\t<\/section>\r\n\t\t\t\t\t<section class=\" elementor-section elementor-top-section elementor-element elementor-element-98af8c7 elementor-section-boxed elementor-section-height-default elementor-section-height-default\" data-id=\"98af8c7\" data-element_type=\"section\">\r\n\t\t\t\t\t\t\t\t<div class=\"elementor-container elementor-column-gap-default\">\r\n\t\t\t\t\r\n\t\t\t\t\t\t\t\t<div class=\" elementor-column elementor-col-100 elementor-top-column elementor-element elementor-element-f0691f7 \" data-id=\"f0691f7\" data-element_type=\"column\">\r\n\r\n\t\t\t\t\r\n\t\t\t\t<div class=\"elementor-widget-wrap elementor-element-populated\">\r\n\t\t\t\t\t\t\t\t\t\t\r\n\t\t\t\t\t\t<div class=\"elementor-element elementor-element-ed8a1d6 elementor-widget elementor-widget-spacer\" data-id=\"ed8a1d6\" data-element_type=\"widget\" data-widget_type=\"spacer.default\">\n\t\t\t\t<div class=\"elementor-widget-container\">\n\t\t\t\t\t<div class=\"elementor-spacer\">\n\t\t\t<div class=\"elementor-spacer-inner\"><\/div>\n\t\t<\/div>\n\t\t\t\t<\/div>\n\t\t\t\t<\/div>\n\t\t\t\t\t\t<\/div>\r\n\t\t\t\t<\/div>\r\n\t\t\t\t\t\t\t\t<\/div>\r\n\t\t\t<\/section>\r\n\t\t\t\t\t<section class=\" elementor-section elementor-top-section elementor-element elementor-element-fc3a10a elementor-section-boxed elementor-section-height-default elementor-section-height-default\" data-id=\"fc3a10a\" data-element_type=\"section\">\r\n\t\t\t\t\t\t\t\t<div class=\"elementor-container elementor-column-gap-default\">\r\n\t\t\t\t\r\n\t\t\t\t\t\t\t\t<div class=\" elementor-column elementor-col-50 elementor-top-column elementor-element elementor-element-711285f \" data-id=\"711285f\" data-element_type=\"column\">\r\n\r\n\t\t\t\t\r\n\t\t\t\t<div class=\"elementor-widget-wrap elementor-element-populated\">\r\n\t\t\t\t\t\t\t\t\t\t\r\n\t\t\t\t\t\t<div class=\"elementor-element elementor-element-1cb2f60 elementor-invisible elementor-widget elementor-widget-image\" data-id=\"1cb2f60\" data-element_type=\"widget\" data-settings=\"{&quot;_animation&quot;:&quot;fadeInLeft&quot;}\" data-widget_type=\"image.default\">\n\t\t\t\t<div class=\"elementor-widget-container\">\n\t\t\t\t\t\t\t\t\t\t\t\t\t<img decoding=\"async\" width=\"800\" height=\"533\" src=\"https:\/\/joldijagroup.com\/wp-content\/uploads\/2025\/08\/Packaging2-mazinta.jpg\" class=\"attachment-large size-large wp-image-20777\" alt=\"\" srcset=\"https:\/\/joldijagroup.com\/wp-content\/uploads\/2025\/08\/Packaging2-mazinta.jpg 800w, https:\/\/joldijagroup.com\/wp-content\/uploads\/2025\/08\/Packaging2-mazinta-768x512.jpg 768w\" sizes=\"(max-width: 800px) 100vw, 800px\" \/>\t\t\t\t\t\t\t\t\t\t\t\t\t<\/div>\n\t\t\t\t<\/div>\n\t\t\t\t\t\t<\/div>\r\n\t\t\t\t<\/div>\r\n\t\t\t\t\t\t\t\t\t<div class=\" elementor-column elementor-col-50 elementor-top-column elementor-element elementor-element-5e004dd \" data-id=\"5e004dd\" data-element_type=\"column\">\r\n\r\n\t\t\t\t\r\n\t\t\t\t<div class=\"elementor-widget-wrap elementor-element-populated\">\r\n\t\t\t\t\t\t\t\t\t\t\r\n\t\t\t\t\t\t<div class=\"elementor-element elementor-element-54ecfc0 elementor-widget elementor-widget-heading\" data-id=\"54ecfc0\" data-element_type=\"widget\" data-widget_type=\"heading.default\">\n\t\t\t\t<div class=\"elementor-widget-container\">\n\t\t\t<h2 class=\"elementor-heading-title elementor-size-default\">Kod\u0117l \u0161is pokytis svarbus?<\/h2>\t\t<\/div>\n\t\t\t\t<\/div>\n\t\t\t\t<div class=\"elementor-element elementor-element-e6cf10f elementor-widget elementor-widget-text-editor\" data-id=\"e6cf10f\" data-element_type=\"widget\" data-widget_type=\"text-editor.default\">\n\t\t\t\t<div class=\"elementor-widget-container\">\n\t\t\t\t\t\t\t<p>Popierin\u0117s pakuot\u0117s patikimai apsaugo m\u016bs\u0173 gaminius, yra lengvai perdirbamos, ma\u017eina poveik\u012f aplinkai ir atspindi m\u016bs\u0173 \u012fsipareigojim\u0105 suteikti klientams tvaresn\u012f pasirinkim\u0105.<\/p><p>Su kiekvienu m\u016bs\u0173 \u017eingsniu tvarumas vis labiau integruojamas \u012f visas \u201eJoldija Group\u201c veiklos sritis &#8211; nuo m\u016bs\u0173 produkt\u0173 ir paslaug\u0173 iki kasdien\u0117s veiklos. Kartu galime daryti teigiam\u0105 poveik\u012f m\u016bs\u0173 planetai.<\/p><p>Rinkit\u0117s popierines pakuotes ir kartu su mumis keliaukite ekologi\u0161kesn\u0117s ateities link!<\/p>\t\t\t\t\t\t<\/div>\n\t\t\t\t<\/div>\n\t\t\t\t\t\t<\/div>\r\n\t\t\t\t<\/div>\r\n\t\t\t\t\t\t\t\t<\/div>\r\n\t\t\t<\/section>\r\n\t\t\t\t\t<\/div>\n\t\t","protected":false},"excerpt":{"rendered":"<p>Tvarumas M\u016bs\u0173 d\u0117mesys tvarumui u\u017etikrina ilgalaik\u0119 vert\u0119 per atsakomyb\u0119 ir augim\u0105 Tikime, kad \u012fmon\u0117s privalo daryti teigiam\u0105 poveik\u012f planetai ir kartu teikti naud\u0105 klientams, darbuotojams ir bendruomen\u0117ms. Siekdami kurti tvaresn\u0119 ateit\u012f, integruojame aplinkosaug\u0105, socialin\u0119 atsakomyb\u0119 ir novatori\u0161k\u0105 praktik\u0105. Nuo anglies p\u0117dsako ma\u017einimo ir atliek\u0173 ma\u017einimo iki atsinaujinan\u010dios energijos naudojimo ir eti\u0161ko tiekimo skatinimo &#8211; esame [&hellip;]<\/p>\n","protected":false},"author":3,"featured_media":0,"parent":0,"menu_order":0,"comment_status":"closed","ping_status":"closed","template":"elementor_header_footer","meta":{"footnotes":""},"class_list":["post-14499","page","type-page","status-publish","hentry"],"aioseo_notices":[],"_links":{"self":[{"href":"https:\/\/joldijagroup.com\/lt\/wp-json\/wp\/v2\/pages\/14499","targetHints":{"allow":["GET"]}}],"collection":[{"href":"https:\/\/joldijagroup.com\/lt\/wp-json\/wp\/v2\/pages"}],"about":[{"href":"https:\/\/joldijagroup.com\/lt\/wp-json\/wp\/v2\/types\/page"}],"author":[{"embeddable":true,"href":"https:\/\/joldijagroup.com\/lt\/wp-json\/wp\/v2\/users\/3"}],"replies":[{"embeddable":true,"href":"https:\/\/joldijagroup.com\/lt\/wp-json\/wp\/v2\/comments?post=14499"}],"version-history":[{"count":47,"href":"https:\/\/joldijagroup.com\/lt\/wp-json\/wp\/v2\/pages\/14499\/revisions"}],"predecessor-version":[{"id":22301,"href":"https:\/\/joldijagroup.com\/lt\/wp-json\/wp\/v2\/pages\/14499\/revisions\/22301"}],"wp:attachment":[{"href":"https:\/\/joldijagroup.com\/lt\/wp-json\/wp\/v2\/media?parent=14499"}],"curies":[{"name":"wp","href":"https:\/\/api.w.org\/{rel}","templated":true}]}}