{"id":14457,"date":"2024-08-19T16:21:58","date_gmt":"2024-08-19T13:21:58","guid":{"rendered":"https:\/\/joldijagroup.com\/sostenibilita\/"},"modified":"2025-09-23T10:56:50","modified_gmt":"2025-09-23T07:56:50","slug":"sostenibilita","status":"publish","type":"page","link":"https:\/\/joldijagroup.com\/it\/sostenibilita\/","title":{"rendered":"Sostenibilit\u00e0"},"content":{"rendered":"\t\t<div data-elementor-type=\"wp-page\" data-elementor-id=\"14457\" class=\"elementor elementor-14457 elementor-12571\">\n\t\t\t\t\t\t<section class=\" elementor-section elementor-top-section elementor-element elementor-element-d0f034 elementor-section-full_width elementor-section-height-min-height alpha-section-stretched elementor-section-height-default elementor-section-items-middle\" data-id=\"d0f034\" data-element_type=\"section\">\r\n\t\t\t\t\t\t\t\t<div class=\"elementor-container elementor-column-gap-default\">\r\n\t\t\t\t\r\n\t\t\t\t\t\t\t\t<div class=\" elementor-column elementor-col-100 elementor-top-column elementor-element elementor-element-7edb8733 \" data-id=\"7edb8733\" data-element_type=\"column\">\r\n\r\n\t\t\t\t\r\n\t\t\t\t<div class=\"elementor-widget-wrap elementor-element-populated\">\r\n\t\t\t\t\t\t\t\t\t\t\r\n\t\t\t\t\t\t<div class=\"elementor-element elementor-element-c64c4e2 elementor-invisible elementor-widget elementor-widget-udesign_widget_banner\" data-id=\"c64c4e2\" data-element_type=\"widget\" data-settings=\"{&quot;_animation&quot;:&quot;fadeIn&quot;}\" data-widget_type=\"udesign_widget_banner.default\">\r\n\t\t\t\t<div class=\"elementor-widget-container\">\n\t\t\t<div class=\"banner banner-fixed\">\t<figure class=\"banner-img\">\r\n\t\t<img fetchpriority=\"high\" decoding=\"async\" width=\"1500\" height=\"500\" src=\"https:\/\/joldijagroup.com\/wp-content\/uploads\/2025\/01\/Untitled-design-5.png\" class=\"attachment-full size-full\" alt=\"Sustainability and growth Joldijagroup\" srcset=\"https:\/\/joldijagroup.com\/wp-content\/uploads\/2025\/01\/Untitled-design-5.png 1500w, https:\/\/joldijagroup.com\/wp-content\/uploads\/2025\/01\/Untitled-design-5-1024x341.png 1024w, https:\/\/joldijagroup.com\/wp-content\/uploads\/2025\/01\/Untitled-design-5-768x256.png 768w\" sizes=\"(max-width: 1500px) 100vw, 1500px\" \/>\t<\/figure>\r\n\t<div class=\"banner-content t-mc\"><div class=\"banner-item elementor-repeater-item-51d814a item-block\"  data-floating={\"type\":\"skr_fade_in\",\"m_track_dir\":\"\",\"m_track_speed\":0.5,\"scroll_size\":\"50\",\"scroll_stop\":\"center\"}><div class=\"floating-wrapper layer-wrapper elementor-repeater-item-51d814a-wrapper\" data-plugin='skrollr' data-options='{\"data-bottom-top\":\"transform: translate(0, 0); opacity: 0;\",\"data-center\":\"transform: translate(0%, 0%); opacity: 1;\"}' ><h3 class=\"text\">Sostenibilit\u00e0<\/h3><\/div><\/div><p class=\"banner-item elementor-repeater-item-47d6081 item-block text\">La nostra attenzione alla sostenibilit\u00e0 garantisce un valore duraturo attraverso la responsabilit\u00e0 e la crescita<\/p><\/div><\/div>\t\t<\/div>\n\t\t\t\t<\/div>\n\t\t\t\t\t\t<\/div>\r\n\t\t\t\t<\/div>\r\n\t\t\t\t\t\t\t\t<\/div>\r\n\t\t\t<\/section>\r\n\t\t\t\t\t<section class=\" elementor-section elementor-top-section elementor-element elementor-element-7d55239 elementor-section-boxed elementor-section-height-default elementor-section-height-default\" data-id=\"7d55239\" data-element_type=\"section\">\r\n\t\t\t\t\t\t\t\t<div class=\"elementor-container elementor-column-gap-default\">\r\n\t\t\t\t\r\n\t\t\t\t\t\t\t\t<div class=\" elementor-column elementor-col-100 elementor-top-column elementor-element elementor-element-58e5503 \" data-id=\"58e5503\" data-element_type=\"column\">\r\n\r\n\t\t\t\t\r\n\t\t\t\t<div class=\"elementor-widget-wrap elementor-element-populated\">\r\n\t\t\t\t\t\t\t\t\t\t\r\n\t\t\t\t\t\t<div class=\"elementor-element elementor-element-c8429b7 elementor-widget elementor-widget-text-editor\" data-id=\"c8429b7\" data-element_type=\"widget\" data-widget_type=\"text-editor.default\">\n\t\t\t\t<div class=\"elementor-widget-container\">\n\t\t\t\t\t\t\t<p>Crediamo che le aziende abbiano la responsabilit\u00e0 di creare un impatto positivo sul pianeta, fornendo al contempo valore ai nostri clienti, dipendenti e comunit\u00e0. Il nostro approccio integra gestione ambientale, responsabilit\u00e0 sociale e pratiche innovative per costruire un futuro pi\u00f9 sostenibile. Dalla riduzione dell&#8217;impronta di carbonio e dalla minimizzazione dei rifiuti all&#8217;adozione di energie rinnovabili e alla promozione di un approvvigionamento etico, ci impegniamo a implementare soluzioni che bilancino la crescita con il benessere del nostro pianeta. Insieme, non stiamo solo immaginando un futuro sostenibile: lo stiamo creando.   <\/p>\n\t\t\t\t\t\t<\/div>\n\t\t\t\t<\/div>\n\t\t\t\t\t\t<\/div>\r\n\t\t\t\t<\/div>\r\n\t\t\t\t\t\t\t\t<\/div>\r\n\t\t\t<\/section>\r\n\t\t\t\t\t<section class=\" elementor-section elementor-top-section elementor-element elementor-element-af7f9d1 elementor-section-boxed elementor-section-height-default elementor-section-height-default\" data-id=\"af7f9d1\" data-element_type=\"section\" data-settings=\"{&quot;background_background&quot;:&quot;classic&quot;}\">\r\n\t\t\t\t\t\t\t\t<div class=\"elementor-container elementor-column-gap-default\">\r\n\t\t\t\t\r\n\t\t\t\t\t\t\t\t<div class=\" elementor-column elementor-col-25 elementor-top-column elementor-element elementor-element-eb57fa7 elementor-invisible \" data-id=\"eb57fa7\" data-element_type=\"column\" data-settings=\"{&quot;background_background&quot;:&quot;classic&quot;,&quot;animation&quot;:&quot;fadeInLeft&quot;,&quot;animation_delay&quot;:400}\">\r\n\r\n\t\t\t\t\r\n\t\t\t\t<div class=\"elementor-widget-wrap elementor-element-populated\">\r\n\t\t\t\t\t\t\t\t\t\t\r\n\t\t\t\t\t\t<div class=\"elementor-element elementor-element-5e2ddaf elementor-widget elementor-widget-image\" data-id=\"5e2ddaf\" data-element_type=\"widget\" data-widget_type=\"image.default\">\n\t\t\t\t<div class=\"elementor-widget-container\">\n\t\t\t\t\t\t\t\t\t\t\t\t\t<img decoding=\"async\" src=\"https:\/\/joldijagroup.com\/wp-content\/uploads\/elementor\/thumbs\/footprint-qznp1o6k4u9h0qyw6hj1mcnxyjp8mmv94w71qy2sm4.png\" title=\"footprint\" alt=\"footprint\" loading=\"lazy\" \/>\t\t\t\t\t\t\t\t\t\t\t\t\t<\/div>\n\t\t\t\t<\/div>\n\t\t\t\t<div class=\"elementor-element elementor-element-9c0e431 elementor-widget elementor-widget-heading\" data-id=\"9c0e431\" data-element_type=\"widget\" data-widget_type=\"heading.default\">\n\t\t\t\t<div class=\"elementor-widget-container\">\n\t\t\t<h2 class=\"elementor-heading-title elementor-size-default\">Livello di impronta di carbonio a 1,2<\/h2>\t\t<\/div>\n\t\t\t\t<\/div>\n\t\t\t\t<div class=\"elementor-element elementor-element-f8ed359 elementor-widget elementor-widget-text-editor\" data-id=\"f8ed359\" data-element_type=\"widget\" data-widget_type=\"text-editor.default\">\n\t\t\t\t<div class=\"elementor-widget-container\">\n\t\t\t\t\t\t\t<p>Misuriamo e gestiamo la nostra impronta di carbonio, riducendo le emissioni derivanti dalle operazioni e dall&#8217;energia acquistata per ottenere un&#8217;impronta sostenibile.<\/p>\n\t\t\t\t\t\t<\/div>\n\t\t\t\t<\/div>\n\t\t\t\t\t\t<\/div>\r\n\t\t\t\t<\/div>\r\n\t\t\t\t\t\t\t\t\t<div class=\" elementor-column elementor-col-25 elementor-top-column elementor-element elementor-element-f7ebef7 elementor-invisible \" data-id=\"f7ebef7\" data-element_type=\"column\" data-settings=\"{&quot;background_background&quot;:&quot;classic&quot;,&quot;animation&quot;:&quot;fadeInLeft&quot;,&quot;animation_delay&quot;:300}\">\r\n\r\n\t\t\t\t\r\n\t\t\t\t<div class=\"elementor-widget-wrap elementor-element-populated\">\r\n\t\t\t\t\t\t\t\t\t\t\r\n\t\t\t\t\t\t<div class=\"elementor-element elementor-element-a768558 elementor-widget elementor-widget-image\" data-id=\"a768558\" data-element_type=\"widget\" data-widget_type=\"image.default\">\n\t\t\t\t<div class=\"elementor-widget-container\">\n\t\t\t\t\t\t\t\t\t\t\t\t\t<img decoding=\"async\" src=\"https:\/\/joldijagroup.com\/wp-content\/uploads\/elementor\/thumbs\/renewable-energy-icon-png-8-1-qznqf2l7bdvz6z7npu96nvw1vk7p5yzelehpqgtxlo.webp\" title=\"renewable-energy-icon-png-8 (1)\" alt=\"renewable-energy-icon-png-8 (1)\" loading=\"lazy\" \/>\t\t\t\t\t\t\t\t\t\t\t\t\t<\/div>\n\t\t\t\t<\/div>\n\t\t\t\t<div class=\"elementor-element elementor-element-c320dce elementor-widget elementor-widget-heading\" data-id=\"c320dce\" data-element_type=\"widget\" data-widget_type=\"heading.default\">\n\t\t\t\t<div class=\"elementor-widget-container\">\n\t\t\t<h2 class=\"elementor-heading-title elementor-size-default\">~70% Energia rinnovabile<\/h2>\t\t<\/div>\n\t\t\t\t<\/div>\n\t\t\t\t<div class=\"elementor-element elementor-element-36d1b76 elementor-widget elementor-widget-text-editor\" data-id=\"36d1b76\" data-element_type=\"widget\" data-widget_type=\"text-editor.default\">\n\t\t\t\t<div class=\"elementor-widget-container\">\n\t\t\t\t\t\t\t<p>Diamo priorit\u00e0 alle energie rinnovabili, acquistando energia pulita per promuovere la sostenibilit\u00e0 e ridurre il nostro impatto ambientale.<\/p>\n\t\t\t\t\t\t<\/div>\n\t\t\t\t<\/div>\n\t\t\t\t\t\t<\/div>\r\n\t\t\t\t<\/div>\r\n\t\t\t\t\t\t\t\t\t<div class=\" elementor-column elementor-col-25 elementor-top-column elementor-element elementor-element-7ad2dac elementor-invisible \" data-id=\"7ad2dac\" data-element_type=\"column\" data-settings=\"{&quot;background_background&quot;:&quot;classic&quot;,&quot;animation&quot;:&quot;fadeInLeft&quot;,&quot;animation_delay&quot;:200}\">\r\n\r\n\t\t\t\t\r\n\t\t\t\t<div class=\"elementor-widget-wrap elementor-element-populated\">\r\n\t\t\t\t\t\t\t\t\t\t\r\n\t\t\t\t\t\t<div class=\"elementor-element elementor-element-a89afbc elementor-widget elementor-widget-image\" data-id=\"a89afbc\" data-element_type=\"widget\" data-widget_type=\"image.default\">\n\t\t\t\t<div class=\"elementor-widget-container\">\n\t\t\t\t\t\t\t\t\t\t\t\t\t<img decoding=\"async\" src=\"https:\/\/joldijagroup.com\/wp-content\/uploads\/elementor\/thumbs\/Untitled-design-7-e1736257589330-qznqs99p6pxs2225q1fs523tv58254buqnxx37a4bg.png\" title=\"Untitled design (7)\" alt=\"Untitled design (7)\" loading=\"lazy\" \/>\t\t\t\t\t\t\t\t\t\t\t\t\t<\/div>\n\t\t\t\t<\/div>\n\t\t\t\t<div class=\"elementor-element elementor-element-8526cd0 elementor-widget elementor-widget-heading\" data-id=\"8526cd0\" data-element_type=\"widget\" data-widget_type=\"heading.default\">\n\t\t\t\t<div class=\"elementor-widget-container\">\n\t\t\t<h2 class=\"elementor-heading-title elementor-size-default\">Adeguamento delle frontiere al carbonio  <\/h2>\t\t<\/div>\n\t\t\t\t<\/div>\n\t\t\t\t<div class=\"elementor-element elementor-element-c0179a6 elementor-widget elementor-widget-text-editor\" data-id=\"c0179a6\" data-element_type=\"widget\" data-widget_type=\"text-editor.default\">\n\t\t\t\t<div class=\"elementor-widget-container\">\n\t\t\t\t\t\t\t<p>Sosteniamo il Carbon Border Adjustment Mechanism, che promuove il commercio equo e la riduzione delle emissioni di carbonio nelle catene di approvvigionamento.<\/p>\n\t\t\t\t\t\t<\/div>\n\t\t\t\t<\/div>\n\t\t\t\t\t\t<\/div>\r\n\t\t\t\t<\/div>\r\n\t\t\t\t\t\t\t\t\t<div class=\" elementor-column elementor-col-25 elementor-top-column elementor-element elementor-element-13d98c8 elementor-invisible \" data-id=\"13d98c8\" data-element_type=\"column\" data-settings=\"{&quot;background_background&quot;:&quot;classic&quot;,&quot;animation&quot;:&quot;fadeInLeft&quot;,&quot;animation_delay&quot;:100}\">\r\n\r\n\t\t\t\t\r\n\t\t\t\t<div class=\"elementor-widget-wrap elementor-element-populated\">\r\n\t\t\t\t\t\t\t\t\t\t\r\n\t\t\t\t\t\t<div class=\"elementor-element elementor-element-4a8316b elementor-widget elementor-widget-image\" data-id=\"4a8316b\" data-element_type=\"widget\" data-widget_type=\"image.default\">\n\t\t\t\t<div class=\"elementor-widget-container\">\n\t\t\t\t\t\t\t\t\t\t\t\t\t<img decoding=\"async\" src=\"https:\/\/joldijagroup.com\/wp-content\/uploads\/elementor\/thumbs\/Untitled-design-9-e1736257961446-qznr1yxnt38g0zy908kzwlvauhcloiw02qmjm4vo0s.png\" title=\"Untitled design (9)\" alt=\"Untitled design (9)\" loading=\"lazy\" \/>\t\t\t\t\t\t\t\t\t\t\t\t\t<\/div>\n\t\t\t\t<\/div>\n\t\t\t\t<div class=\"elementor-element elementor-element-cd829ce elementor-widget elementor-widget-heading\" data-id=\"cd829ce\" data-element_type=\"widget\" data-widget_type=\"heading.default\">\n\t\t\t\t<div class=\"elementor-widget-container\">\n\t\t\t<h2 class=\"elementor-heading-title elementor-size-default\">Consiglio per la gestione forestale<\/h2>\t\t<\/div>\n\t\t\t\t<\/div>\n\t\t\t\t<div class=\"elementor-element elementor-element-f89fbfe elementor-widget elementor-widget-text-editor\" data-id=\"f89fbfe\" data-element_type=\"widget\" data-widget_type=\"text-editor.default\">\n\t\t\t\t<div class=\"elementor-widget-container\">\n\t\t\t\t\t\t\t<p>Sosteniamo il Forest Stewardship Council, che promuove la gestione responsabile delle foreste e le pratiche di approvvigionamento sostenibile.<\/p>\n\t\t\t\t\t\t<\/div>\n\t\t\t\t<\/div>\n\t\t\t\t\t\t<\/div>\r\n\t\t\t\t<\/div>\r\n\t\t\t\t\t\t\t\t<\/div>\r\n\t\t\t<\/section>\r\n\t\t\t\t\t<section class=\" elementor-section elementor-top-section elementor-element elementor-element-c0893df elementor-section-boxed elementor-section-height-default elementor-section-height-default\" data-id=\"c0893df\" data-element_type=\"section\">\r\n\t\t\t\t\t\t\t\t<div class=\"elementor-container elementor-column-gap-default\">\r\n\t\t\t\t\r\n\t\t\t\t\t\t\t\t<div class=\" elementor-column elementor-col-100 elementor-top-column elementor-element elementor-element-ee6e64e \" data-id=\"ee6e64e\" data-element_type=\"column\">\r\n\r\n\t\t\t\t\r\n\t\t\t\t<div class=\"elementor-widget-wrap elementor-element-populated\">\r\n\t\t\t\t\t\t\t\t\t\t\r\n\t\t\t\t\t\t<div class=\"elementor-element elementor-element-801ef7d elementor-widget elementor-widget-spacer\" data-id=\"801ef7d\" data-element_type=\"widget\" data-widget_type=\"spacer.default\">\n\t\t\t\t<div class=\"elementor-widget-container\">\n\t\t\t\t\t<div class=\"elementor-spacer\">\n\t\t\t<div class=\"elementor-spacer-inner\"><\/div>\n\t\t<\/div>\n\t\t\t\t<\/div>\n\t\t\t\t<\/div>\n\t\t\t\t\t\t<\/div>\r\n\t\t\t\t<\/div>\r\n\t\t\t\t\t\t\t\t<\/div>\r\n\t\t\t<\/section>\r\n\t\t\t\t\t<section class=\" elementor-section elementor-top-section elementor-element elementor-element-5eab1cb elementor-section-boxed elementor-section-height-default elementor-section-height-default\" data-id=\"5eab1cb\" data-element_type=\"section\">\r\n\t\t\t\t\t\t\t\t<div class=\"elementor-container elementor-column-gap-default\">\r\n\t\t\t\t\r\n\t\t\t\t\t\t\t\t<div class=\" elementor-column elementor-col-100 elementor-top-column elementor-element elementor-element-5e91aaa \" data-id=\"5e91aaa\" data-element_type=\"column\">\r\n\r\n\t\t\t\t\r\n\t\t\t\t<div class=\"elementor-widget-wrap elementor-element-populated\">\r\n\t\t\t\t\t\t\t\t\t\t\r\n\t\t\t\t\t\t<div class=\"elementor-element elementor-element-9a7aec4 elementor-widget elementor-widget-heading\" data-id=\"9a7aec4\" data-element_type=\"widget\" data-widget_type=\"heading.default\">\n\t\t\t\t<div class=\"elementor-widget-container\">\n\t\t\t<h2 class=\"elementor-heading-title elementor-size-default\">Impianto solare da 230 kW  <\/h2>\t\t<\/div>\n\t\t\t\t<\/div>\n\t\t\t\t<div class=\"elementor-element elementor-element-fc545d1 elementor-widget elementor-widget-text-editor\" data-id=\"fc545d1\" data-element_type=\"widget\" data-widget_type=\"text-editor.default\">\n\t\t\t\t<div class=\"elementor-widget-container\">\n\t\t\t\t\t\t\t<div class=\"flex-shrink-0 flex flex-col relative items-end\"><div><div class=\"pt-0\"><div class=\"gizmo-bot-avatar flex h-8 w-8 items-center justify-center overflow-hidden rounded-full\"><div class=\"relative p-1 rounded-sm flex items-center justify-center bg-token-main-surface-primary text-token-text-primary h-8 w-8\">\u00a0<\/div><\/div><\/div><\/div><\/div><div class=\"group\/conversation-turn relative flex w-full min-w-0 flex-col agent-turn\"><div class=\"flex-col gap-1 md:gap-3\"><div class=\"flex max-w-full flex-col flex-grow\"><div class=\"min-h-8 text-message flex w-full flex-col items-end gap-2 whitespace-normal break-words text-start [.text-message+&amp;]:mt-5\" dir=\"auto\" data-message-author-role=\"assistant\" data-message-id=\"09a05415-5fab-49fb-9bda-6fc42f7d290d\" data-message-model-slug=\"gpt-4o\"><div class=\"flex w-full flex-col gap-1 empty:hidden first:pt-[3px]\"><div class=\"markdown prose w-full break-words dark:prose-invert light\"><p>Pur crescendo e ampliando i nostri servizi e il nostro assortimento, rimaniamo profondamente impegnati nella sostenibilit\u00e0, un aspetto fondamentale delle nostre attivit\u00e0. Questo impegno \u00e8 alla base di iniziative come l&#8217;investimento in soluzioni di energia rinnovabile, come il nostro impianto solare. Sfruttando l&#8217;energia pulita e sostenibile, non solo riduciamo la nostra dipendenza dai combustibili fossili, ma abbassiamo anche in modo significativo la nostra impronta di carbonio, allineando la nostra crescita alla salute e al benessere del pianeta.<\/p><\/div><\/div><\/div><\/div><\/div><\/div>\t\t\t\t\t\t<\/div>\n\t\t\t\t<\/div>\n\t\t\t\t\t\t<\/div>\r\n\t\t\t\t<\/div>\r\n\t\t\t\t\t\t\t\t<\/div>\r\n\t\t\t<\/section>\r\n\t\t\t\t\t<section class=\" elementor-section elementor-top-section elementor-element elementor-element-59b2bf3 elementor-section-full_width elementor-section-height-default elementor-section-height-default\" data-id=\"59b2bf3\" data-element_type=\"section\">\r\n\t\t\t\t\t\t\t\t<div class=\"elementor-container elementor-column-gap-default\">\r\n\t\t\t\t\r\n\t\t\t\t\t\t\t\t<div class=\" elementor-column elementor-col-100 elementor-top-column elementor-element elementor-element-f1c5d66 \" data-id=\"f1c5d66\" data-element_type=\"column\">\r\n\r\n\t\t\t\t\r\n\t\t\t\t<div class=\"elementor-widget-wrap elementor-element-populated\">\r\n\t\t\t\t\t\t\t\t\t\t\r\n\t\t\t\t\t\t<div class=\"elementor-element elementor-element-ab372f2 elementor-invisible elementor-widget elementor-widget-image\" data-id=\"ab372f2\" data-element_type=\"widget\" data-settings=\"{&quot;_animation&quot;:&quot;slideInUp&quot;}\" data-widget_type=\"image.default\">\n\t\t\t\t<div class=\"elementor-widget-container\">\n\t\t\t\t\t\t\t\t\t\t\t\t\t<img decoding=\"async\" src=\"https:\/\/joldijagroup.com\/wp-content\/uploads\/2024\/08\/Dizainas-be-pavadinimo-2024-08-01T143210.560.jpg\" title=\"Dizainas be pavadinimo &#8211; 2024-08-01T143210.560\" alt=\"Dizainas be pavadinimo - 2024-08-01T143210.560\" loading=\"lazy\" \/>\t\t\t\t\t\t\t\t\t\t\t\t\t<\/div>\n\t\t\t\t<\/div>\n\t\t\t\t\t\t<\/div>\r\n\t\t\t\t<\/div>\r\n\t\t\t\t\t\t\t\t<\/div>\r\n\t\t\t<\/section>\r\n\t\t\t\t\t<section class=\" elementor-section elementor-top-section elementor-element elementor-element-98af8c7 elementor-section-boxed elementor-section-height-default elementor-section-height-default\" data-id=\"98af8c7\" data-element_type=\"section\">\r\n\t\t\t\t\t\t\t\t<div class=\"elementor-container elementor-column-gap-default\">\r\n\t\t\t\t\r\n\t\t\t\t\t\t\t\t<div class=\" elementor-column elementor-col-100 elementor-top-column elementor-element elementor-element-f0691f7 \" data-id=\"f0691f7\" data-element_type=\"column\">\r\n\r\n\t\t\t\t\r\n\t\t\t\t<div class=\"elementor-widget-wrap elementor-element-populated\">\r\n\t\t\t\t\t\t\t\t\t\t\r\n\t\t\t\t\t\t<div class=\"elementor-element elementor-element-ed8a1d6 elementor-widget elementor-widget-spacer\" data-id=\"ed8a1d6\" data-element_type=\"widget\" data-widget_type=\"spacer.default\">\n\t\t\t\t<div class=\"elementor-widget-container\">\n\t\t\t\t\t<div class=\"elementor-spacer\">\n\t\t\t<div class=\"elementor-spacer-inner\"><\/div>\n\t\t<\/div>\n\t\t\t\t<\/div>\n\t\t\t\t<\/div>\n\t\t\t\t\t\t<\/div>\r\n\t\t\t\t<\/div>\r\n\t\t\t\t\t\t\t\t<\/div>\r\n\t\t\t<\/section>\r\n\t\t\t\t\t<section class=\" elementor-section elementor-top-section elementor-element elementor-element-fc3a10a elementor-section-boxed elementor-section-height-default elementor-section-height-default\" data-id=\"fc3a10a\" data-element_type=\"section\">\r\n\t\t\t\t\t\t\t\t<div class=\"elementor-container elementor-column-gap-default\">\r\n\t\t\t\t\r\n\t\t\t\t\t\t\t\t<div class=\" elementor-column elementor-col-50 elementor-top-column elementor-element elementor-element-711285f \" data-id=\"711285f\" data-element_type=\"column\">\r\n\r\n\t\t\t\t\r\n\t\t\t\t<div class=\"elementor-widget-wrap elementor-element-populated\">\r\n\t\t\t\t\t\t\t\t\t\t\r\n\t\t\t\t\t\t<div class=\"elementor-element elementor-element-1cb2f60 elementor-invisible elementor-widget elementor-widget-image\" data-id=\"1cb2f60\" data-element_type=\"widget\" data-settings=\"{&quot;_animation&quot;:&quot;fadeInLeft&quot;}\" data-widget_type=\"image.default\">\n\t\t\t\t<div class=\"elementor-widget-container\">\n\t\t\t\t\t\t\t\t\t\t\t\t\t<img decoding=\"async\" width=\"800\" height=\"533\" src=\"https:\/\/joldijagroup.com\/wp-content\/uploads\/2025\/08\/Packaging2-mazinta.jpg\" class=\"attachment-large size-large wp-image-20776\" alt=\"\" srcset=\"https:\/\/joldijagroup.com\/wp-content\/uploads\/2025\/08\/Packaging2-mazinta.jpg 800w, https:\/\/joldijagroup.com\/wp-content\/uploads\/2025\/08\/Packaging2-mazinta-768x512.jpg 768w\" sizes=\"(max-width: 800px) 100vw, 800px\" \/>\t\t\t\t\t\t\t\t\t\t\t\t\t<\/div>\n\t\t\t\t<\/div>\n\t\t\t\t\t\t<\/div>\r\n\t\t\t\t<\/div>\r\n\t\t\t\t\t\t\t\t\t<div class=\" elementor-column elementor-col-50 elementor-top-column elementor-element elementor-element-5e004dd \" data-id=\"5e004dd\" data-element_type=\"column\">\r\n\r\n\t\t\t\t\r\n\t\t\t\t<div class=\"elementor-widget-wrap elementor-element-populated\">\r\n\t\t\t\t\t\t\t\t\t\t\r\n\t\t\t\t\t\t<div class=\"elementor-element elementor-element-54ecfc0 elementor-widget elementor-widget-heading\" data-id=\"54ecfc0\" data-element_type=\"widget\" data-widget_type=\"heading.default\">\n\t\t\t\t<div class=\"elementor-widget-container\">\n\t\t\t<h2 class=\"elementor-heading-title elementor-size-default\">Perch\u00e9 questo cambiamento \u00e8 importante?<\/h2>\t\t<\/div>\n\t\t\t\t<\/div>\n\t\t\t\t<div class=\"elementor-element elementor-element-e6cf10f elementor-widget elementor-widget-text-editor\" data-id=\"e6cf10f\" data-element_type=\"widget\" data-widget_type=\"text-editor.default\">\n\t\t\t\t<div class=\"elementor-widget-container\">\n\t\t\t\t\t\t\t<p>Gli imballaggi in carta offrono una protezione affidabile ai nostri prodotti, sono facilmente riciclabili, riducono l&#8217;impatto ambientale e riflettono il nostro impegno a offrire ai clienti scelte pi\u00f9 sostenibili.<\/p>\n<p>Ad ogni passo che compiamo, la sostenibilit\u00e0 \u00e8 sempre pi\u00f9 integrata in tutte le aree di attivit\u00e0 di Joldija, dai nostri prodotti e servizi alle nostre pratiche quotidiane. Insieme, possiamo avere un impatto positivo sul nostro pianeta.   <\/p>\n<p>Scegli gli imballaggi in carta e unisciti a noi in questo viaggio verso un futuro pi\u00f9 verde!<\/p>\n\t\t\t\t\t\t<\/div>\n\t\t\t\t<\/div>\n\t\t\t\t\t\t<\/div>\r\n\t\t\t\t<\/div>\r\n\t\t\t\t\t\t\t\t<\/div>\r\n\t\t\t<\/section>\r\n\t\t\t\t\t<\/div>\n\t\t","protected":false},"excerpt":{"rendered":"<p>Sostenibilit\u00e0 La nostra attenzione alla sostenibilit\u00e0 garantisce un valore duraturo attraverso la responsabilit\u00e0 e la crescita Crediamo che le aziende abbiano la responsabilit\u00e0 di creare un impatto positivo sul pianeta, fornendo al contempo valore ai nostri clienti, dipendenti e comunit\u00e0. Il nostro approccio integra gestione ambientale, responsabilit\u00e0 sociale e pratiche innovative per costruire un futuro [&hellip;]<\/p>\n","protected":false},"author":3,"featured_media":0,"parent":0,"menu_order":0,"comment_status":"closed","ping_status":"closed","template":"elementor_header_footer","meta":{"footnotes":""},"class_list":["post-14457","page","type-page","status-publish","hentry"],"aioseo_notices":[],"_links":{"self":[{"href":"https:\/\/joldijagroup.com\/it\/wp-json\/wp\/v2\/pages\/14457","targetHints":{"allow":["GET"]}}],"collection":[{"href":"https:\/\/joldijagroup.com\/it\/wp-json\/wp\/v2\/pages"}],"about":[{"href":"https:\/\/joldijagroup.com\/it\/wp-json\/wp\/v2\/types\/page"}],"author":[{"embeddable":true,"href":"https:\/\/joldijagroup.com\/it\/wp-json\/wp\/v2\/users\/3"}],"replies":[{"embeddable":true,"href":"https:\/\/joldijagroup.com\/it\/wp-json\/wp\/v2\/comments?post=14457"}],"version-history":[{"count":29,"href":"https:\/\/joldijagroup.com\/it\/wp-json\/wp\/v2\/pages\/14457\/revisions"}],"predecessor-version":[{"id":21049,"href":"https:\/\/joldijagroup.com\/it\/wp-json\/wp\/v2\/pages\/14457\/revisions\/21049"}],"wp:attachment":[{"href":"https:\/\/joldijagroup.com\/it\/wp-json\/wp\/v2\/media?parent=14457"}],"curies":[{"name":"wp","href":"https:\/\/api.w.org\/{rel}","templated":true}]}}