{"id":22828,"date":"2024-08-19T16:21:58","date_gmt":"2024-08-19T13:21:58","guid":{"rendered":"https:\/\/joldijagroup.com\/durabilite\/"},"modified":"2026-02-02T09:35:13","modified_gmt":"2026-02-02T07:35:13","slug":"durabilite","status":"publish","type":"page","link":"https:\/\/joldijagroup.com\/fr\/durabilite\/","title":{"rendered":"Durabilit\u00e9"},"content":{"rendered":"\t\t<div data-elementor-type=\"wp-page\" data-elementor-id=\"22828\" class=\"elementor elementor-22828 elementor-12571\">\n\t\t\t\t\t\t<section class=\" elementor-section elementor-top-section elementor-element elementor-element-d0f034 elementor-section-full_width elementor-section-height-min-height alpha-section-stretched elementor-section-height-default elementor-section-items-middle\" data-id=\"d0f034\" data-element_type=\"section\">\r\n\t\t\t\t\t\t\t\t<div class=\"elementor-container elementor-column-gap-default\">\r\n\t\t\t\t\r\n\t\t\t\t\t\t\t\t<div class=\" elementor-column elementor-col-100 elementor-top-column elementor-element elementor-element-7edb8733 \" data-id=\"7edb8733\" data-element_type=\"column\">\r\n\r\n\t\t\t\t\r\n\t\t\t\t<div class=\"elementor-widget-wrap elementor-element-populated\">\r\n\t\t\t\t\t\t\t\t\t\t\r\n\t\t\t\t\t\t<div class=\"elementor-element elementor-element-c64c4e2 elementor-invisible elementor-widget elementor-widget-udesign_widget_banner\" data-id=\"c64c4e2\" data-element_type=\"widget\" data-settings=\"{&quot;_animation&quot;:&quot;fadeIn&quot;}\" data-widget_type=\"udesign_widget_banner.default\">\r\n\t\t\t\t<div class=\"elementor-widget-container\">\n\t\t\t<div class=\"banner banner-fixed\">\t<figure class=\"banner-img\">\r\n\t\t<img fetchpriority=\"high\" decoding=\"async\" width=\"1500\" height=\"500\" src=\"https:\/\/joldijagroup.com\/wp-content\/uploads\/2025\/01\/Untitled-design-5.png\" class=\"attachment-full size-full\" alt=\"Sustainability and growth Joldijagroup\" srcset=\"https:\/\/joldijagroup.com\/wp-content\/uploads\/2025\/01\/Untitled-design-5.png 1500w, https:\/\/joldijagroup.com\/wp-content\/uploads\/2025\/01\/Untitled-design-5-1024x341.png 1024w, https:\/\/joldijagroup.com\/wp-content\/uploads\/2025\/01\/Untitled-design-5-768x256.png 768w\" sizes=\"(max-width: 1500px) 100vw, 1500px\" \/>\t<\/figure>\r\n\t<div class=\"banner-content t-mc\"><div class=\"banner-item elementor-repeater-item-51d814a item-block\"  data-floating={\"type\":\"skr_fade_in\",\"m_track_dir\":\"\",\"m_track_speed\":0.5,\"scroll_size\":\"50\",\"scroll_stop\":\"center\"}><div class=\"floating-wrapper layer-wrapper elementor-repeater-item-51d814a-wrapper\" data-plugin='skrollr' data-options='{\"data-bottom-top\":\"transform: translate(0, 0); opacity: 0;\",\"data-center\":\"transform: translate(0%, 0%); opacity: 1;\"}' ><h3 class=\"text\">Durabilit\u00e9<\/h3><\/div><\/div><p class=\"banner-item elementor-repeater-item-47d6081 item-block text\">L'accent que nous mettons sur le d\u00e9veloppement durable garantit une valeur durable gr\u00e2ce \u00e0 la responsabilit\u00e9 et \u00e0 la croissance.<\/p><\/div><\/div>\t\t<\/div>\n\t\t\t\t<\/div>\n\t\t\t\t\t\t<\/div>\r\n\t\t\t\t<\/div>\r\n\t\t\t\t\t\t\t\t<\/div>\r\n\t\t\t<\/section>\r\n\t\t\t\t\t<section class=\" elementor-section elementor-top-section elementor-element elementor-element-7d55239 elementor-section-boxed elementor-section-height-default elementor-section-height-default\" data-id=\"7d55239\" data-element_type=\"section\">\r\n\t\t\t\t\t\t\t\t<div class=\"elementor-container elementor-column-gap-default\">\r\n\t\t\t\t\r\n\t\t\t\t\t\t\t\t<div class=\" elementor-column elementor-col-100 elementor-top-column elementor-element elementor-element-58e5503 \" data-id=\"58e5503\" data-element_type=\"column\">\r\n\r\n\t\t\t\t\r\n\t\t\t\t<div class=\"elementor-widget-wrap elementor-element-populated\">\r\n\t\t\t\t\t\t\t\t\t\t\r\n\t\t\t\t\t\t<div class=\"elementor-element elementor-element-c8429b7 elementor-widget elementor-widget-text-editor\" data-id=\"c8429b7\" data-element_type=\"widget\" data-widget_type=\"text-editor.default\">\n\t\t\t\t<div class=\"elementor-widget-container\">\n\t\t\t\t\t\t\t<p>Nous pensons que les entreprises ont la responsabilit\u00e9 d&#8217;avoir un impact positif sur la plan\u00e8te tout en apportant de la valeur \u00e0 nos clients, \u00e0 nos employ\u00e9s et \u00e0 nos communaut\u00e9s. Notre approche int\u00e8gre la gestion de l&#8217;environnement, la responsabilit\u00e9 sociale et les pratiques innovantes pour construire un avenir plus durable. Qu&#8217;il s&#8217;agisse de r\u00e9duire notre empreinte carbone, de minimiser nos d\u00e9chets, d&#8217;adopter les \u00e9nergies renouvelables ou de promouvoir l&#8217;approvisionnement \u00e9thique, nous sommes d\u00e9termin\u00e9s \u00e0 mettre en \u0153uvre des solutions qui concilient la croissance et le bien-\u00eatre de notre plan\u00e8te. Ensemble, nous ne nous contentons pas d&#8217;imaginer un avenir durable, nous le cr\u00e9ons.   <\/p>\n\t\t\t\t\t\t<\/div>\n\t\t\t\t<\/div>\n\t\t\t\t\t\t<\/div>\r\n\t\t\t\t<\/div>\r\n\t\t\t\t\t\t\t\t<\/div>\r\n\t\t\t<\/section>\r\n\t\t\t\t\t<section class=\" elementor-section elementor-top-section elementor-element elementor-element-af7f9d1 elementor-section-boxed elementor-section-height-default elementor-section-height-default\" data-id=\"af7f9d1\" data-element_type=\"section\" data-settings=\"{&quot;background_background&quot;:&quot;classic&quot;}\">\r\n\t\t\t\t\t\t\t\t<div class=\"elementor-container elementor-column-gap-default\">\r\n\t\t\t\t\r\n\t\t\t\t\t\t\t\t<div class=\" elementor-column elementor-col-25 elementor-top-column elementor-element elementor-element-eb57fa7 elementor-invisible \" data-id=\"eb57fa7\" data-element_type=\"column\" data-settings=\"{&quot;background_background&quot;:&quot;classic&quot;,&quot;animation&quot;:&quot;fadeInLeft&quot;,&quot;animation_delay&quot;:400}\">\r\n\r\n\t\t\t\t\r\n\t\t\t\t<div class=\"elementor-widget-wrap elementor-element-populated\">\r\n\t\t\t\t\t\t\t\t\t\t\r\n\t\t\t\t\t\t<div class=\"elementor-element elementor-element-5e2ddaf elementor-widget elementor-widget-image\" data-id=\"5e2ddaf\" data-element_type=\"widget\" data-widget_type=\"image.default\">\n\t\t\t\t<div class=\"elementor-widget-container\">\n\t\t\t\t\t\t\t\t\t\t\t\t\t<img decoding=\"async\" src=\"https:\/\/joldijagroup.com\/wp-content\/uploads\/elementor\/thumbs\/footprint-qznp1o6k4u9h0qyw6hj1mcnxyjp8mmv94w71qy2sm4.png\" title=\"footprint\" alt=\"footprint\" loading=\"lazy\" \/>\t\t\t\t\t\t\t\t\t\t\t\t\t<\/div>\n\t\t\t\t<\/div>\n\t\t\t\t<div class=\"elementor-element elementor-element-9c0e431 elementor-widget elementor-widget-heading\" data-id=\"9c0e431\" data-element_type=\"widget\" data-widget_type=\"heading.default\">\n\t\t\t\t<div class=\"elementor-widget-container\">\n\t\t\t<h2 class=\"elementor-heading-title elementor-size-default\">Niveau d'empreinte carbone \u00e0 1,2<\/h2>\t\t<\/div>\n\t\t\t\t<\/div>\n\t\t\t\t<div class=\"elementor-element elementor-element-f8ed359 elementor-widget elementor-widget-text-editor\" data-id=\"f8ed359\" data-element_type=\"widget\" data-widget_type=\"text-editor.default\">\n\t\t\t\t<div class=\"elementor-widget-container\">\n\t\t\t\t\t\t\t<p>Nous mesurons et g\u00e9rons notre empreinte carbone, en r\u00e9duisant les \u00e9missions li\u00e9es aux op\u00e9rations et \u00e0 l&#8217;achat d&#8217;\u00e9nergie pour une empreinte durable.<\/p>\n\t\t\t\t\t\t<\/div>\n\t\t\t\t<\/div>\n\t\t\t\t\t\t<\/div>\r\n\t\t\t\t<\/div>\r\n\t\t\t\t\t\t\t\t\t<div class=\" elementor-column elementor-col-25 elementor-top-column elementor-element elementor-element-f7ebef7 elementor-invisible \" data-id=\"f7ebef7\" data-element_type=\"column\" data-settings=\"{&quot;background_background&quot;:&quot;classic&quot;,&quot;animation&quot;:&quot;fadeInLeft&quot;,&quot;animation_delay&quot;:300}\">\r\n\r\n\t\t\t\t\r\n\t\t\t\t<div class=\"elementor-widget-wrap elementor-element-populated\">\r\n\t\t\t\t\t\t\t\t\t\t\r\n\t\t\t\t\t\t<div class=\"elementor-element elementor-element-a768558 elementor-widget elementor-widget-image\" data-id=\"a768558\" data-element_type=\"widget\" data-widget_type=\"image.default\">\n\t\t\t\t<div class=\"elementor-widget-container\">\n\t\t\t\t\t\t\t\t\t\t\t\t\t<img decoding=\"async\" src=\"https:\/\/joldijagroup.com\/wp-content\/uploads\/elementor\/thumbs\/renewable-energy-icon-png-8-1-qznqf2l7bdvz6z7npu96nvw1vk7p5yzelehpqgtxlo.webp\" title=\"renewable-energy-icon-png-8 (1)\" alt=\"renewable-energy-icon-png-8 (1)\" loading=\"lazy\" \/>\t\t\t\t\t\t\t\t\t\t\t\t\t<\/div>\n\t\t\t\t<\/div>\n\t\t\t\t<div class=\"elementor-element elementor-element-c320dce elementor-widget elementor-widget-heading\" data-id=\"c320dce\" data-element_type=\"widget\" data-widget_type=\"heading.default\">\n\t\t\t\t<div class=\"elementor-widget-container\">\n\t\t\t<h2 class=\"elementor-heading-title elementor-size-default\">~70 % d'\u00e9nergie renouvelable<\/h2>\t\t<\/div>\n\t\t\t\t<\/div>\n\t\t\t\t<div class=\"elementor-element elementor-element-36d1b76 elementor-widget elementor-widget-text-editor\" data-id=\"36d1b76\" data-element_type=\"widget\" data-widget_type=\"text-editor.default\">\n\t\t\t\t<div class=\"elementor-widget-container\">\n\t\t\t\t\t\t\t<p>Nous donnons la priorit\u00e9 aux \u00e9nergies renouvelables, en nous approvisionnant en \u00e9nergie propre pour favoriser le d\u00e9veloppement durable et r\u00e9duire notre impact sur l&#8217;environnement.<\/p>\n\t\t\t\t\t\t<\/div>\n\t\t\t\t<\/div>\n\t\t\t\t\t\t<\/div>\r\n\t\t\t\t<\/div>\r\n\t\t\t\t\t\t\t\t\t<div class=\" elementor-column elementor-col-25 elementor-top-column elementor-element elementor-element-7ad2dac elementor-invisible \" data-id=\"7ad2dac\" data-element_type=\"column\" data-settings=\"{&quot;background_background&quot;:&quot;classic&quot;,&quot;animation&quot;:&quot;fadeInLeft&quot;,&quot;animation_delay&quot;:200}\">\r\n\r\n\t\t\t\t\r\n\t\t\t\t<div class=\"elementor-widget-wrap elementor-element-populated\">\r\n\t\t\t\t\t\t\t\t\t\t\r\n\t\t\t\t\t\t<div class=\"elementor-element elementor-element-a89afbc elementor-widget elementor-widget-image\" data-id=\"a89afbc\" data-element_type=\"widget\" data-widget_type=\"image.default\">\n\t\t\t\t<div class=\"elementor-widget-container\">\n\t\t\t\t\t\t\t\t\t\t\t\t\t<img decoding=\"async\" src=\"https:\/\/joldijagroup.com\/wp-content\/uploads\/elementor\/thumbs\/Untitled-design-7-e1736257589330-qznqs99p6pxs2225q1fs523tv58254buqnxx37a4bg.png\" title=\"Untitled design (7)\" alt=\"Untitled design (7)\" loading=\"lazy\" \/>\t\t\t\t\t\t\t\t\t\t\t\t\t<\/div>\n\t\t\t\t<\/div>\n\t\t\t\t<div class=\"elementor-element elementor-element-8526cd0 elementor-widget elementor-widget-heading\" data-id=\"8526cd0\" data-element_type=\"widget\" data-widget_type=\"heading.default\">\n\t\t\t\t<div class=\"elementor-widget-container\">\n\t\t\t<h2 class=\"elementor-heading-title elementor-size-default\">Ajustement de la fronti\u00e8re carbone  <\/h2>\t\t<\/div>\n\t\t\t\t<\/div>\n\t\t\t\t<div class=\"elementor-element elementor-element-c0179a6 elementor-widget elementor-widget-text-editor\" data-id=\"c0179a6\" data-element_type=\"widget\" data-widget_type=\"text-editor.default\">\n\t\t\t\t<div class=\"elementor-widget-container\">\n\t\t\t\t\t\t\t<p>Nous soutenons le m\u00e9canisme d&#8217;ajustement carbone aux fronti\u00e8res, qui promeut le commerce \u00e9quitable et la r\u00e9duction des \u00e9missions de carbone dans les cha\u00eenes d&#8217;approvisionnement.<\/p>\n\t\t\t\t\t\t<\/div>\n\t\t\t\t<\/div>\n\t\t\t\t\t\t<\/div>\r\n\t\t\t\t<\/div>\r\n\t\t\t\t\t\t\t\t\t<div class=\" elementor-column elementor-col-25 elementor-top-column elementor-element elementor-element-13d98c8 elementor-invisible \" data-id=\"13d98c8\" data-element_type=\"column\" data-settings=\"{&quot;background_background&quot;:&quot;classic&quot;,&quot;animation&quot;:&quot;fadeInLeft&quot;,&quot;animation_delay&quot;:100}\">\r\n\r\n\t\t\t\t\r\n\t\t\t\t<div class=\"elementor-widget-wrap elementor-element-populated\">\r\n\t\t\t\t\t\t\t\t\t\t\r\n\t\t\t\t\t\t<div class=\"elementor-element elementor-element-4a8316b elementor-widget elementor-widget-image\" data-id=\"4a8316b\" data-element_type=\"widget\" data-widget_type=\"image.default\">\n\t\t\t\t<div class=\"elementor-widget-container\">\n\t\t\t\t\t\t\t\t\t\t\t\t\t<img decoding=\"async\" src=\"https:\/\/joldijagroup.com\/wp-content\/uploads\/elementor\/thumbs\/Untitled-design-9-e1736257961446-qznr1yxnt38g0zy908kzwlvauhcloiw02qmjm4vo0s.png\" title=\"Untitled design (9)\" alt=\"Untitled design (9)\" loading=\"lazy\" \/>\t\t\t\t\t\t\t\t\t\t\t\t\t<\/div>\n\t\t\t\t<\/div>\n\t\t\t\t<div class=\"elementor-element elementor-element-cd829ce elementor-widget elementor-widget-heading\" data-id=\"cd829ce\" data-element_type=\"widget\" data-widget_type=\"heading.default\">\n\t\t\t\t<div class=\"elementor-widget-container\">\n\t\t\t<h2 class=\"elementor-heading-title elementor-size-default\">Conseil de bonne gestion foresti\u00e8re<\/h2>\t\t<\/div>\n\t\t\t\t<\/div>\n\t\t\t\t<div class=\"elementor-element elementor-element-f89fbfe elementor-widget elementor-widget-text-editor\" data-id=\"f89fbfe\" data-element_type=\"widget\" data-widget_type=\"text-editor.default\">\n\t\t\t\t<div class=\"elementor-widget-container\">\n\t\t\t\t\t\t\t<p>Nous soutenons le Forest Stewardship Council, qui promeut la gestion responsable des for\u00eats et les pratiques d&#8217;approvisionnement durable.<\/p>\n\t\t\t\t\t\t<\/div>\n\t\t\t\t<\/div>\n\t\t\t\t\t\t<\/div>\r\n\t\t\t\t<\/div>\r\n\t\t\t\t\t\t\t\t<\/div>\r\n\t\t\t<\/section>\r\n\t\t\t\t\t<section class=\" elementor-section elementor-top-section elementor-element elementor-element-c0893df elementor-section-boxed elementor-section-height-default elementor-section-height-default\" data-id=\"c0893df\" data-element_type=\"section\">\r\n\t\t\t\t\t\t\t\t<div class=\"elementor-container elementor-column-gap-default\">\r\n\t\t\t\t\r\n\t\t\t\t\t\t\t\t<div class=\" elementor-column elementor-col-100 elementor-top-column elementor-element elementor-element-ee6e64e \" data-id=\"ee6e64e\" data-element_type=\"column\">\r\n\r\n\t\t\t\t\r\n\t\t\t\t<div class=\"elementor-widget-wrap elementor-element-populated\">\r\n\t\t\t\t\t\t\t\t\t\t\r\n\t\t\t\t\t\t<div class=\"elementor-element elementor-element-801ef7d elementor-widget elementor-widget-spacer\" data-id=\"801ef7d\" data-element_type=\"widget\" data-widget_type=\"spacer.default\">\n\t\t\t\t<div class=\"elementor-widget-container\">\n\t\t\t\t\t<div class=\"elementor-spacer\">\n\t\t\t<div class=\"elementor-spacer-inner\"><\/div>\n\t\t<\/div>\n\t\t\t\t<\/div>\n\t\t\t\t<\/div>\n\t\t\t\t\t\t<\/div>\r\n\t\t\t\t<\/div>\r\n\t\t\t\t\t\t\t\t<\/div>\r\n\t\t\t<\/section>\r\n\t\t\t\t\t<section class=\" elementor-section elementor-top-section elementor-element elementor-element-5eab1cb elementor-section-boxed elementor-section-height-default elementor-section-height-default\" data-id=\"5eab1cb\" data-element_type=\"section\">\r\n\t\t\t\t\t\t\t\t<div class=\"elementor-container elementor-column-gap-default\">\r\n\t\t\t\t\r\n\t\t\t\t\t\t\t\t<div class=\" elementor-column elementor-col-100 elementor-top-column elementor-element elementor-element-5e91aaa \" data-id=\"5e91aaa\" data-element_type=\"column\">\r\n\r\n\t\t\t\t\r\n\t\t\t\t<div class=\"elementor-widget-wrap elementor-element-populated\">\r\n\t\t\t\t\t\t\t\t\t\t\r\n\t\t\t\t\t\t<div class=\"elementor-element elementor-element-9a7aec4 elementor-widget elementor-widget-heading\" data-id=\"9a7aec4\" data-element_type=\"widget\" data-widget_type=\"heading.default\">\n\t\t\t\t<div class=\"elementor-widget-container\">\n\t\t\t<h2 class=\"elementor-heading-title elementor-size-default\">Centrale solaire de 230 kW  <\/h2>\t\t<\/div>\n\t\t\t\t<\/div>\n\t\t\t\t<div class=\"elementor-element elementor-element-fc545d1 elementor-widget elementor-widget-text-editor\" data-id=\"fc545d1\" data-element_type=\"widget\" data-widget_type=\"text-editor.default\">\n\t\t\t\t<div class=\"elementor-widget-container\">\n\t\t\t\t\t\t\t<div class=\"flex-shrink-0 flex flex-col relative items-end\">\n<div>\n<div class=\"pt-0\">\n<div class=\"gizmo-bot-avatar flex h-8 w-8 items-center justify-center overflow-hidden rounded-full\">\n<div class=\"relative p-1 rounded-sm flex items-center justify-center bg-token-main-surface-primary text-token-text-primary h-8 w-8\"> <\/div>\n<\/div>\n<\/div>\n<\/div>\n<\/div>\n<div class=\"group\/conversation-turn relative flex w-full min-w-0 flex-col agent-turn\">\n<div class=\"flex-col gap-1 md:gap-3\">\n<div class=\"flex max-w-full flex-col flex-grow\">\n<div class=\"min-h-8 text-message flex w-full flex-col items-end gap-2 whitespace-normal break-words text-start [.text-message+&amp;]:mt-5\" dir=\"auto\" data-message-author-role=\"assistant\" data-message-id=\"09a05415-5fab-49fb-9bda-6fc42f7d290d\" data-message-model-slug=\"gpt-4o\">\n<div class=\"flex w-full flex-col gap-1 empty:hidden first:pt-[3px]\">\n<div class=\"markdown prose w-full break-words dark:prose-invert light\">\n<p>Tout en d\u00e9veloppant et en \u00e9largissant nos services et notre assortiment, nous restons profond\u00e9ment attach\u00e9s au d\u00e9veloppement durable &#8211; un aspect fondamental de nos activit\u00e9s. Cet engagement se traduit par des initiatives telles que l&#8217;investissement dans des solutions d&#8217;\u00e9nergie renouvelable, comme notre centrale solaire. En exploitant une \u00e9nergie propre et durable, nous r\u00e9duisons non seulement notre d\u00e9pendance \u00e0 l&#8217;\u00e9gard des combustibles fossiles, mais aussi de mani\u00e8re significative notre empreinte carbone, alignant ainsi notre croissance sur la sant\u00e9 et le bien-\u00eatre de la plan\u00e8te.  <\/p>\n<\/div>\n<\/div>\n<\/div>\n<\/div>\n<\/div>\n<\/div>\n\t\t\t\t\t\t<\/div>\n\t\t\t\t<\/div>\n\t\t\t\t\t\t<\/div>\r\n\t\t\t\t<\/div>\r\n\t\t\t\t\t\t\t\t<\/div>\r\n\t\t\t<\/section>\r\n\t\t\t\t\t<section class=\" elementor-section elementor-top-section elementor-element elementor-element-59b2bf3 elementor-section-full_width elementor-section-height-default elementor-section-height-default\" data-id=\"59b2bf3\" data-element_type=\"section\">\r\n\t\t\t\t\t\t\t\t<div class=\"elementor-container elementor-column-gap-default\">\r\n\t\t\t\t\r\n\t\t\t\t\t\t\t\t<div class=\" elementor-column elementor-col-100 elementor-top-column elementor-element elementor-element-f1c5d66 \" data-id=\"f1c5d66\" data-element_type=\"column\">\r\n\r\n\t\t\t\t\r\n\t\t\t\t<div class=\"elementor-widget-wrap elementor-element-populated\">\r\n\t\t\t\t\t\t\t\t\t\t\r\n\t\t\t\t\t\t<div class=\"elementor-element elementor-element-ab372f2 elementor-invisible elementor-widget elementor-widget-image\" data-id=\"ab372f2\" data-element_type=\"widget\" data-settings=\"{&quot;_animation&quot;:&quot;slideInUp&quot;}\" data-widget_type=\"image.default\">\n\t\t\t\t<div class=\"elementor-widget-container\">\n\t\t\t\t\t\t\t\t\t\t\t\t\t<img decoding=\"async\" src=\"https:\/\/joldijagroup.com\/wp-content\/uploads\/2025\/05\/Furniture_fittings_and_assembly_items_gkp_profiles_solar_components_sustainability_screws_bolts_fasteners_-JOLDIJAGROUP_j3-scaled.jpg\" title=\"Furniture_fittings_and_assembly_items_gkp_profiles_solar_components_sustainability_screws_bolts_fasteners_ JOLDIJAGROUP_j3\" alt=\"Fitting solutions for Furniture and Construction | Assembly items and Furniture fittings | Plasterboard Profiles | Solar Power Components | gkp profiles | Zig Zag spring | Table extensions | Sustainability and Growth | Quality | Industrial manufacturing | joldijagroup.com\" loading=\"lazy\" \/>\t\t\t\t\t\t\t\t\t\t\t\t\t<\/div>\n\t\t\t\t<\/div>\n\t\t\t\t\t\t<\/div>\r\n\t\t\t\t<\/div>\r\n\t\t\t\t\t\t\t\t<\/div>\r\n\t\t\t<\/section>\r\n\t\t\t\t\t<section class=\" elementor-section elementor-top-section elementor-element elementor-element-98af8c7 elementor-section-boxed elementor-section-height-default elementor-section-height-default\" data-id=\"98af8c7\" data-element_type=\"section\">\r\n\t\t\t\t\t\t\t\t<div class=\"elementor-container elementor-column-gap-default\">\r\n\t\t\t\t\r\n\t\t\t\t\t\t\t\t<div class=\" elementor-column elementor-col-100 elementor-top-column elementor-element elementor-element-f0691f7 \" data-id=\"f0691f7\" data-element_type=\"column\">\r\n\r\n\t\t\t\t\r\n\t\t\t\t<div class=\"elementor-widget-wrap elementor-element-populated\">\r\n\t\t\t\t\t\t\t\t\t\t\r\n\t\t\t\t\t\t<div class=\"elementor-element elementor-element-ed8a1d6 elementor-widget elementor-widget-spacer\" data-id=\"ed8a1d6\" data-element_type=\"widget\" data-widget_type=\"spacer.default\">\n\t\t\t\t<div class=\"elementor-widget-container\">\n\t\t\t\t\t<div class=\"elementor-spacer\">\n\t\t\t<div class=\"elementor-spacer-inner\"><\/div>\n\t\t<\/div>\n\t\t\t\t<\/div>\n\t\t\t\t<\/div>\n\t\t\t\t\t\t<\/div>\r\n\t\t\t\t<\/div>\r\n\t\t\t\t\t\t\t\t<\/div>\r\n\t\t\t<\/section>\r\n\t\t\t\t\t<section class=\" elementor-section elementor-top-section elementor-element elementor-element-fc3a10a elementor-section-boxed elementor-section-height-default elementor-section-height-default\" data-id=\"fc3a10a\" data-element_type=\"section\">\r\n\t\t\t\t\t\t\t\t<div class=\"elementor-container elementor-column-gap-default\">\r\n\t\t\t\t\r\n\t\t\t\t\t\t\t\t<div class=\" elementor-column elementor-col-50 elementor-top-column elementor-element elementor-element-711285f \" data-id=\"711285f\" data-element_type=\"column\">\r\n\r\n\t\t\t\t\r\n\t\t\t\t<div class=\"elementor-widget-wrap elementor-element-populated\">\r\n\t\t\t\t\t\t\t\t\t\t\r\n\t\t\t\t\t\t<div class=\"elementor-element elementor-element-1cb2f60 elementor-invisible elementor-widget elementor-widget-image\" data-id=\"1cb2f60\" data-element_type=\"widget\" data-settings=\"{&quot;_animation&quot;:&quot;fadeInLeft&quot;}\" data-widget_type=\"image.default\">\n\t\t\t\t<div class=\"elementor-widget-container\">\n\t\t\t\t\t\t\t\t\t\t\t\t\t<img decoding=\"async\" width=\"800\" height=\"533\" src=\"https:\/\/joldijagroup.com\/wp-content\/uploads\/2025\/08\/Packaging2-mazinta.jpg\" class=\"attachment-large size-large wp-image-20774\" alt=\"\" srcset=\"https:\/\/joldijagroup.com\/wp-content\/uploads\/2025\/08\/Packaging2-mazinta.jpg 800w, https:\/\/joldijagroup.com\/wp-content\/uploads\/2025\/08\/Packaging2-mazinta-768x512.jpg 768w\" sizes=\"(max-width: 800px) 100vw, 800px\" \/>\t\t\t\t\t\t\t\t\t\t\t\t\t<\/div>\n\t\t\t\t<\/div>\n\t\t\t\t\t\t<\/div>\r\n\t\t\t\t<\/div>\r\n\t\t\t\t\t\t\t\t\t<div class=\" elementor-column elementor-col-50 elementor-top-column elementor-element elementor-element-5e004dd \" data-id=\"5e004dd\" data-element_type=\"column\">\r\n\r\n\t\t\t\t\r\n\t\t\t\t<div class=\"elementor-widget-wrap elementor-element-populated\">\r\n\t\t\t\t\t\t\t\t\t\t\r\n\t\t\t\t\t\t<div class=\"elementor-element elementor-element-54ecfc0 elementor-widget elementor-widget-heading\" data-id=\"54ecfc0\" data-element_type=\"widget\" data-widget_type=\"heading.default\">\n\t\t\t\t<div class=\"elementor-widget-container\">\n\t\t\t<h2 class=\"elementor-heading-title elementor-size-default\">Pourquoi ce changement est-il important ?<\/h2>\t\t<\/div>\n\t\t\t\t<\/div>\n\t\t\t\t<div class=\"elementor-element elementor-element-e6cf10f elementor-widget elementor-widget-text-editor\" data-id=\"e6cf10f\" data-element_type=\"widget\" data-widget_type=\"text-editor.default\">\n\t\t\t\t<div class=\"elementor-widget-container\">\n\t\t\t\t\t\t\t<p>Les emballages en papier offrent une protection fiable \u00e0 nos produits, sont facilement recyclables, r\u00e9duisent l&#8217;impact sur l&#8217;environnement et refl\u00e8tent notre engagement \u00e0 offrir \u00e0 nos clients des choix plus durables.<\/p>\n<p>\u00c0 chaque \u00e9tape, le d\u00e9veloppement durable est de plus en plus int\u00e9gr\u00e9 dans tous les domaines d&#8217;activit\u00e9 de Joldija &#8211; de nos produits et services \u00e0 nos pratiques quotidiennes. Ensemble, nous pouvons avoir un impact positif sur notre plan\u00e8te.   <\/p>\n<p>Optez pour un emballage en papier et rejoignez-nous sur la voie d&#8217;un avenir plus vert !<\/p>\n\t\t\t\t\t\t<\/div>\n\t\t\t\t<\/div>\n\t\t\t\t\t\t<\/div>\r\n\t\t\t\t<\/div>\r\n\t\t\t\t\t\t\t\t<\/div>\r\n\t\t\t<\/section>\r\n\t\t\t\t\t<\/div>\n\t\t","protected":false},"excerpt":{"rendered":"<p>Durabilit\u00e9 L&#8217;accent que nous mettons sur le d\u00e9veloppement durable garantit une valeur durable gr\u00e2ce \u00e0 la responsabilit\u00e9 et \u00e0 la croissance. Nous pensons que les entreprises ont la responsabilit\u00e9 d&#8217;avoir un impact positif sur la plan\u00e8te tout en apportant de la valeur \u00e0 nos clients, \u00e0 nos employ\u00e9s et \u00e0 nos communaut\u00e9s. Notre approche int\u00e8gre [&hellip;]<\/p>\n","protected":false},"author":3,"featured_media":0,"parent":0,"menu_order":0,"comment_status":"closed","ping_status":"closed","template":"elementor_header_footer","meta":{"footnotes":""},"class_list":["post-22828","page","type-page","status-publish","hentry"],"aioseo_notices":[],"_links":{"self":[{"href":"https:\/\/joldijagroup.com\/fr\/wp-json\/wp\/v2\/pages\/22828","targetHints":{"allow":["GET"]}}],"collection":[{"href":"https:\/\/joldijagroup.com\/fr\/wp-json\/wp\/v2\/pages"}],"about":[{"href":"https:\/\/joldijagroup.com\/fr\/wp-json\/wp\/v2\/types\/page"}],"author":[{"embeddable":true,"href":"https:\/\/joldijagroup.com\/fr\/wp-json\/wp\/v2\/users\/3"}],"replies":[{"embeddable":true,"href":"https:\/\/joldijagroup.com\/fr\/wp-json\/wp\/v2\/comments?post=22828"}],"version-history":[{"count":1,"href":"https:\/\/joldijagroup.com\/fr\/wp-json\/wp\/v2\/pages\/22828\/revisions"}],"predecessor-version":[{"id":22839,"href":"https:\/\/joldijagroup.com\/fr\/wp-json\/wp\/v2\/pages\/22828\/revisions\/22839"}],"wp:attachment":[{"href":"https:\/\/joldijagroup.com\/fr\/wp-json\/wp\/v2\/media?parent=22828"}],"curies":[{"name":"wp","href":"https:\/\/api.w.org\/{rel}","templated":true}]}}