{"id":22589,"date":"2024-07-31T08:46:43","date_gmt":"2024-07-31T05:46:43","guid":{"rendered":"https:\/\/joldijagroup.com\/elements-dassemblage\/"},"modified":"2026-02-02T09:28:10","modified_gmt":"2026-02-02T07:28:10","slug":"elements-dassemblage","status":"publish","type":"page","link":"https:\/\/joldijagroup.com\/fr\/elements-dassemblage\/","title":{"rendered":"\u00c9l\u00e9ments d&#8217;assemblage"},"content":{"rendered":"\t\t<div data-elementor-type=\"wp-page\" data-elementor-id=\"22589\" class=\"elementor elementor-22589 elementor-12047\">\n\t\t\t\t\t\t<section class=\" elementor-section elementor-top-section elementor-element elementor-element-3a6bbec2 elementor-section-full_width elementor-section-height-min-height alpha-section-stretched elementor-section-height-default elementor-section-items-middle\" data-id=\"3a6bbec2\" data-element_type=\"section\">\r\n\t\t\t\t\t\t\t\t<div class=\"elementor-container elementor-column-gap-default\">\r\n\t\t\t\t\r\n\t\t\t\t\t\t\t\t<div class=\" elementor-column elementor-col-100 elementor-top-column elementor-element elementor-element-43055779 \" data-id=\"43055779\" data-element_type=\"column\">\r\n\r\n\t\t\t\t\r\n\t\t\t\t<div class=\"elementor-widget-wrap elementor-element-populated\">\r\n\t\t\t\t\t\t\t\t\t\t\r\n\t\t\t\t\t\t<div class=\"elementor-element elementor-element-4caf1d17 elementor-widget elementor-widget-udesign_widget_banner\" data-id=\"4caf1d17\" data-element_type=\"widget\" data-widget_type=\"udesign_widget_banner.default\">\r\n\t\t\t\t<div class=\"elementor-widget-container\">\n\t\t\t<div class=\"banner banner-fixed\">\t<figure class=\"banner-img\">\r\n\t\t<img fetchpriority=\"high\" decoding=\"async\" width=\"1500\" height=\"500\" src=\"https:\/\/joldijagroup.com\/wp-content\/uploads\/2024\/07\/Dizainas-be-pavadinimo-2024-07-31T092650.231.jpg\" class=\"attachment-full size-full\" alt=\"Fittings for furniture producers\" srcset=\"https:\/\/joldijagroup.com\/wp-content\/uploads\/2024\/07\/Dizainas-be-pavadinimo-2024-07-31T092650.231.jpg 1500w, https:\/\/joldijagroup.com\/wp-content\/uploads\/2024\/07\/Dizainas-be-pavadinimo-2024-07-31T092650.231-1024x341.jpg 1024w, https:\/\/joldijagroup.com\/wp-content\/uploads\/2024\/07\/Dizainas-be-pavadinimo-2024-07-31T092650.231-768x256.jpg 768w\" sizes=\"(max-width: 1500px) 100vw, 1500px\" \/>\t<\/figure>\r\n\t<div class=\"banner-content t-mc\"><h3 class=\"banner-item elementor-repeater-item-51d814a item-block text\">\u00c9l\u00e9ments d'assemblage<\/h3><p class=\"banner-item elementor-repeater-item-47d6081 item-block text\">Nous proposons une large gamme de vis, de boulons et d'\u00e9l\u00e9ments de fixation standard pour divers secteurs d'activit\u00e9.<\/p><\/div><\/div>\t\t<\/div>\n\t\t\t\t<\/div>\n\t\t\t\t\t\t<\/div>\r\n\t\t\t\t<\/div>\r\n\t\t\t\t\t\t\t\t<\/div>\r\n\t\t\t<\/section>\r\n\t\t\t\t\t<section class=\" elementor-section elementor-top-section elementor-element elementor-element-9deb4b3 elementor-section-height-min-height elementor-section-boxed elementor-section-height-default elementor-section-items-middle\" data-id=\"9deb4b3\" data-element_type=\"section\">\r\n\t\t\t\t\t\t\t\t<div class=\"elementor-container elementor-column-gap-default\">\r\n\t\t\t\t\r\n\t\t\t\t\t\t\t\t<div class=\" elementor-column elementor-col-100 elementor-top-column elementor-element elementor-element-a55c9b7 \" data-id=\"a55c9b7\" data-element_type=\"column\">\r\n\r\n\t\t\t\t\r\n\t\t\t\t<div class=\"elementor-widget-wrap\">\r\n\t\t\t\t\t\t\t\t\t\t\r\n\t\t\t\t\t\t\t\t<\/div>\r\n\t\t\t\t<\/div>\r\n\t\t\t\t\t\t\t\t<\/div>\r\n\t\t\t<\/section>\r\n\t\t\t\t\t<section class=\" elementor-section elementor-top-section elementor-element elementor-element-70cd1252 elementor-section-boxed elementor-section-height-default elementor-section-height-default\" data-id=\"70cd1252\" data-element_type=\"section\">\r\n\t\t\t\t\t\t\t\t<div class=\"elementor-container elementor-column-gap-default\">\r\n\t\t\t\t\r\n\t\t\t\t\t\t\t\t<div class=\" elementor-column elementor-col-100 elementor-top-column elementor-element elementor-element-11ae5001 \" data-id=\"11ae5001\" data-element_type=\"column\">\r\n\r\n\t\t\t\t\r\n\t\t\t\t<div class=\"elementor-widget-wrap elementor-element-populated\">\r\n\t\t\t\t\t\t\t\t\t\t\r\n\t\t\t\t\t\t<div class=\"elementor-element elementor-element-5e4d340f elementor-invisible elementor-widget elementor-widget-heading\" data-id=\"5e4d340f\" data-element_type=\"widget\" data-settings=\"{&quot;_animation&quot;:&quot;fadeInLeft&quot;}\" data-widget_type=\"heading.default\">\n\t\t\t\t<div class=\"elementor-widget-container\">\n\t\t\t<h2 class=\"elementor-heading-title elementor-size-default\">La bonne vis. Le bon boulon. Toujours \u00e0 port\u00e9e de main.  <\/h2>\t\t<\/div>\n\t\t\t\t<\/div>\n\t\t\t\t<div class=\"elementor-element elementor-element-2fcfab66 elementor-widget elementor-widget-text-editor\" data-id=\"2fcfab66\" data-element_type=\"widget\" data-widget_type=\"text-editor.default\">\n\t\t\t\t<div class=\"elementor-widget-container\">\n\t\t\t\t\t\t\t<p>Nous proposons une large s\u00e9lection de vis, boulons et attaches standard &#8211; pr\u00eats \u00e0 r\u00e9pondre aux exigences de diverses industries. De la fabrication de meubles \u00e0 la construction et au-del\u00e0, nos produits garantissent des connexions solides, fiables et de <a href=\"https:\/\/joldijagroup.com\/quality\/\">haute qualit\u00e9<\/a> auxquelles vous pouvez faire confiance tous les jours. <\/p>\n\t\t\t\t\t\t<\/div>\n\t\t\t\t<\/div>\n\t\t\t\t<div class=\"elementor-element elementor-element-c832a5a elementor-widget__width-initial elementor-widget elementor-widget-image\" data-id=\"c832a5a\" data-element_type=\"widget\" data-widget_type=\"image.default\">\n\t\t\t\t<div class=\"elementor-widget-container\">\n\t\t\t\t\t\t\t\t\t\t\t\t\t<img decoding=\"async\" width=\"2560\" height=\"1280\" src=\"https:\/\/joldijagroup.com\/wp-content\/uploads\/2025\/12\/100A5144-jpg-1-scaled.jpg\" class=\"attachment-full size-full wp-image-22168\" alt=\"\" srcset=\"https:\/\/joldijagroup.com\/wp-content\/uploads\/2025\/12\/100A5144-jpg-1-scaled.jpg 2560w, https:\/\/joldijagroup.com\/wp-content\/uploads\/2025\/12\/100A5144-jpg-1-1024x512.jpg 1024w, https:\/\/joldijagroup.com\/wp-content\/uploads\/2025\/12\/100A5144-jpg-1-768x384.jpg 768w, https:\/\/joldijagroup.com\/wp-content\/uploads\/2025\/12\/100A5144-jpg-1-1536x768.jpg 1536w, https:\/\/joldijagroup.com\/wp-content\/uploads\/2025\/12\/100A5144-jpg-1-2048x1024.jpg 2048w\" sizes=\"(max-width: 2560px) 100vw, 2560px\" \/>\t\t\t\t\t\t\t\t\t\t\t\t\t<\/div>\n\t\t\t\t<\/div>\n\t\t\t\t\t\t<\/div>\r\n\t\t\t\t<\/div>\r\n\t\t\t\t\t\t\t\t<\/div>\r\n\t\t\t<\/section>\r\n\t\t\t\t\t<section class=\" elementor-section elementor-top-section elementor-element elementor-element-911cd4a elementor-section-boxed elementor-section-height-default elementor-section-height-default elementor-invisible\" data-id=\"911cd4a\" data-element_type=\"section\" data-settings=\"{&quot;background_background&quot;:&quot;classic&quot;,&quot;animation&quot;:&quot;fadeInRight&quot;}\">\r\n\t\t\t\t\t\t\t\t<div class=\"elementor-container elementor-column-gap-default\">\r\n\t\t\t\t\r\n\t\t\t\t\t\t\t\t<div class=\" elementor-column elementor-col-100 elementor-top-column elementor-element elementor-element-c6a0d78 \" data-id=\"c6a0d78\" data-element_type=\"column\">\r\n\r\n\t\t\t\t\r\n\t\t\t\t<div class=\"elementor-widget-wrap elementor-element-populated\">\r\n\t\t\t\t\t\t\t\t\t\t\r\n\t\t\t\t\t\t<div class=\"elementor-element elementor-element-5317980 elementor-invisible elementor-widget elementor-widget-heading\" data-id=\"5317980\" data-element_type=\"widget\" data-settings=\"{&quot;_animation&quot;:&quot;fadeInLeft&quot;}\" data-widget_type=\"heading.default\">\n\t\t\t\t<div class=\"elementor-widget-container\">\n\t\t\t<h2 class=\"elementor-heading-title elementor-size-default\">Lorsque les solutions standard ne suffisent pas, nous cr\u00e9ons l'ajustement parfait.<\/h2>\t\t<\/div>\n\t\t\t\t<\/div>\n\t\t\t\t\t\t<\/div>\r\n\t\t\t\t<\/div>\r\n\t\t\t\t\t\t\t\t<\/div>\r\n\t\t\t<\/section>\r\n\t\t\t\t\t<section class=\" elementor-section elementor-top-section elementor-element elementor-element-1da5956 elementor-section-boxed elementor-section-height-default elementor-section-height-default\" data-id=\"1da5956\" data-element_type=\"section\">\r\n\t\t\t\t\t\t\t\t<div class=\"elementor-container elementor-column-gap-default\">\r\n\t\t\t\t\r\n\t\t\t\t\t\t\t\t<div class=\" elementor-column elementor-col-50 elementor-top-column elementor-element elementor-element-e46f2e9 \" data-id=\"e46f2e9\" data-element_type=\"column\">\r\n\r\n\t\t\t\t\r\n\t\t\t\t<div class=\"elementor-widget-wrap elementor-element-populated\">\r\n\t\t\t\t\t\t\t\t\t\t\r\n\t\t\t\t\t\t<div class=\"elementor-element elementor-element-e78274e elementor-widget elementor-widget-image\" data-id=\"e78274e\" data-element_type=\"widget\" data-widget_type=\"image.default\">\n\t\t\t\t<div class=\"elementor-widget-container\">\n\t\t\t\t\t\t\t\t\t\t\t\t\t<img decoding=\"async\" width=\"570\" height=\"400\" src=\"https:\/\/joldijagroup.com\/wp-content\/uploads\/2025\/05\/Furniture_fittings_and_assembly_items_screws_bolts_fasteners_caps_-JOLDIJAGROUP_j2-570x400.jpg\" class=\"attachment-alpha-thumb-custom-5 size-alpha-thumb-custom-5 wp-image-20135\" alt=\"\" srcset=\"https:\/\/joldijagroup.com\/wp-content\/uploads\/2025\/05\/Furniture_fittings_and_assembly_items_screws_bolts_fasteners_caps_-JOLDIJAGROUP_j2-570x400.jpg 570w, https:\/\/joldijagroup.com\/wp-content\/uploads\/2025\/05\/Furniture_fittings_and_assembly_items_screws_bolts_fasteners_caps_-JOLDIJAGROUP_j2-400x280.jpg 400w\" sizes=\"(max-width: 570px) 100vw, 570px\" \/>\t\t\t\t\t\t\t\t\t\t\t\t\t<\/div>\n\t\t\t\t<\/div>\n\t\t\t\t\t\t<\/div>\r\n\t\t\t\t<\/div>\r\n\t\t\t\t\t\t\t\t\t<div class=\" elementor-column elementor-col-50 elementor-top-column elementor-element elementor-element-fefa5cd \" data-id=\"fefa5cd\" data-element_type=\"column\">\r\n\r\n\t\t\t\t\r\n\t\t\t\t<div class=\"elementor-widget-wrap elementor-element-populated\">\r\n\t\t\t\t\t\t\t\t\t\t\r\n\t\t\t\t\t\t<div class=\"elementor-element elementor-element-f0c4eac elementor-widget elementor-widget-text-editor\" data-id=\"f0c4eac\" data-element_type=\"widget\" data-widget_type=\"text-editor.default\">\n\t\t\t\t<div class=\"elementor-widget-container\">\n\t\t\t\t\t\t\t<p>Certains projets exigent plus que des solutions standard. C&#8217;est l\u00e0 que nous excellons &#8211; en fournissant des composants de pr\u00e9cision, non standard, adapt\u00e9s \u00e0 vos besoins exacts. Qu&#8217;il s&#8217;agisse de fixations uniques ou d&#8217;inserts m\u00e9talliques complexes pour les processus de moulage de plastique, nous sommes votre partenaire pour r\u00e9soudre les probl\u00e8mes d&#8217;assemblage sur mesure.  <\/p>\n\t\t\t\t\t\t<\/div>\n\t\t\t\t<\/div>\n\t\t\t\t\t\t<\/div>\r\n\t\t\t\t<\/div>\r\n\t\t\t\t\t\t\t\t<\/div>\r\n\t\t\t<\/section>\r\n\t\t\t\t\t<\/div>\n\t\t","protected":false},"excerpt":{"rendered":"<p>\u00c9l\u00e9ments d&#8217;assemblage Nous proposons une large gamme de vis, de boulons et d&#8217;\u00e9l\u00e9ments de fixation standard pour divers secteurs d&#8217;activit\u00e9. La bonne vis. Le bon boulon. Toujours \u00e0 port\u00e9e de main. Nous proposons une large s\u00e9lection de vis, boulons et attaches standard &#8211; pr\u00eats \u00e0 r\u00e9pondre aux exigences de diverses industries. De la fabrication de [&hellip;]<\/p>\n","protected":false},"author":3,"featured_media":0,"parent":0,"menu_order":0,"comment_status":"closed","ping_status":"closed","template":"","meta":{"footnotes":""},"class_list":["post-22589","page","type-page","status-publish","hentry"],"aioseo_notices":[],"_links":{"self":[{"href":"https:\/\/joldijagroup.com\/fr\/wp-json\/wp\/v2\/pages\/22589","targetHints":{"allow":["GET"]}}],"collection":[{"href":"https:\/\/joldijagroup.com\/fr\/wp-json\/wp\/v2\/pages"}],"about":[{"href":"https:\/\/joldijagroup.com\/fr\/wp-json\/wp\/v2\/types\/page"}],"author":[{"embeddable":true,"href":"https:\/\/joldijagroup.com\/fr\/wp-json\/wp\/v2\/users\/3"}],"replies":[{"embeddable":true,"href":"https:\/\/joldijagroup.com\/fr\/wp-json\/wp\/v2\/comments?post=22589"}],"version-history":[{"count":1,"href":"https:\/\/joldijagroup.com\/fr\/wp-json\/wp\/v2\/pages\/22589\/revisions"}],"predecessor-version":[{"id":22603,"href":"https:\/\/joldijagroup.com\/fr\/wp-json\/wp\/v2\/pages\/22589\/revisions\/22603"}],"wp:attachment":[{"href":"https:\/\/joldijagroup.com\/fr\/wp-json\/wp\/v2\/media?parent=22589"}],"curies":[{"name":"wp","href":"https:\/\/api.w.org\/{rel}","templated":true}]}}