{"id":22907,"date":"2024-07-31T08:46:43","date_gmt":"2024-07-31T05:46:43","guid":{"rendered":"https:\/\/joldijagroup.com\/elementos-de-montaje\/"},"modified":"2026-02-02T13:25:34","modified_gmt":"2026-02-02T11:25:34","slug":"elementos-de-montaje","status":"publish","type":"page","link":"https:\/\/joldijagroup.com\/es\/elementos-de-montaje\/","title":{"rendered":"Elementos de montaje"},"content":{"rendered":"\t\t<div data-elementor-type=\"wp-page\" data-elementor-id=\"22907\" class=\"elementor elementor-22907 elementor-12047\">\n\t\t\t\t\t\t<section class=\" elementor-section elementor-top-section elementor-element elementor-element-3a6bbec2 elementor-section-full_width elementor-section-height-min-height alpha-section-stretched elementor-section-height-default elementor-section-items-middle\" data-id=\"3a6bbec2\" data-element_type=\"section\">\r\n\t\t\t\t\t\t\t\t<div class=\"elementor-container elementor-column-gap-default\">\r\n\t\t\t\t\r\n\t\t\t\t\t\t\t\t<div class=\" elementor-column elementor-col-100 elementor-top-column elementor-element elementor-element-43055779 \" data-id=\"43055779\" data-element_type=\"column\">\r\n\r\n\t\t\t\t\r\n\t\t\t\t<div class=\"elementor-widget-wrap elementor-element-populated\">\r\n\t\t\t\t\t\t\t\t\t\t\r\n\t\t\t\t\t\t<div class=\"elementor-element elementor-element-4caf1d17 elementor-widget elementor-widget-udesign_widget_banner\" data-id=\"4caf1d17\" data-element_type=\"widget\" data-widget_type=\"udesign_widget_banner.default\">\r\n\t\t\t\t<div class=\"elementor-widget-container\">\n\t\t\t<div class=\"banner banner-fixed\">\t<figure class=\"banner-img\">\r\n\t\t<img fetchpriority=\"high\" decoding=\"async\" width=\"1500\" height=\"500\" src=\"https:\/\/joldijagroup.com\/wp-content\/uploads\/2024\/07\/Dizainas-be-pavadinimo-2024-07-31T092650.231.jpg\" class=\"attachment-full size-full\" alt=\"Fittings for furniture producers\" srcset=\"https:\/\/joldijagroup.com\/wp-content\/uploads\/2024\/07\/Dizainas-be-pavadinimo-2024-07-31T092650.231.jpg 1500w, https:\/\/joldijagroup.com\/wp-content\/uploads\/2024\/07\/Dizainas-be-pavadinimo-2024-07-31T092650.231-1024x341.jpg 1024w, https:\/\/joldijagroup.com\/wp-content\/uploads\/2024\/07\/Dizainas-be-pavadinimo-2024-07-31T092650.231-768x256.jpg 768w\" sizes=\"(max-width: 1500px) 100vw, 1500px\" \/>\t<\/figure>\r\n\t<div class=\"banner-content t-mc\"><h3 class=\"banner-item elementor-repeater-item-51d814a item-block text\">Elementos de montaje<\/h3><p class=\"banner-item elementor-repeater-item-47d6081 item-block text\">Ofrecemos una amplia gama de tornillos, pernos y elementos de fijaci\u00f3n est\u00e1ndar para diversas industrias.<\/p><\/div><\/div>\t\t<\/div>\n\t\t\t\t<\/div>\n\t\t\t\t\t\t<\/div>\r\n\t\t\t\t<\/div>\r\n\t\t\t\t\t\t\t\t<\/div>\r\n\t\t\t<\/section>\r\n\t\t\t\t\t<section class=\" elementor-section elementor-top-section elementor-element elementor-element-9deb4b3 elementor-section-height-min-height elementor-section-boxed elementor-section-height-default elementor-section-items-middle\" data-id=\"9deb4b3\" data-element_type=\"section\">\r\n\t\t\t\t\t\t\t\t<div class=\"elementor-container elementor-column-gap-default\">\r\n\t\t\t\t\r\n\t\t\t\t\t\t\t\t<div class=\" elementor-column elementor-col-100 elementor-top-column elementor-element elementor-element-a55c9b7 \" data-id=\"a55c9b7\" data-element_type=\"column\">\r\n\r\n\t\t\t\t\r\n\t\t\t\t<div class=\"elementor-widget-wrap\">\r\n\t\t\t\t\t\t\t\t\t\t\r\n\t\t\t\t\t\t\t\t<\/div>\r\n\t\t\t\t<\/div>\r\n\t\t\t\t\t\t\t\t<\/div>\r\n\t\t\t<\/section>\r\n\t\t\t\t\t<section class=\" elementor-section elementor-top-section elementor-element elementor-element-70cd1252 elementor-section-boxed elementor-section-height-default elementor-section-height-default\" data-id=\"70cd1252\" data-element_type=\"section\">\r\n\t\t\t\t\t\t\t\t<div class=\"elementor-container elementor-column-gap-default\">\r\n\t\t\t\t\r\n\t\t\t\t\t\t\t\t<div class=\" elementor-column elementor-col-100 elementor-top-column elementor-element elementor-element-11ae5001 \" data-id=\"11ae5001\" data-element_type=\"column\">\r\n\r\n\t\t\t\t\r\n\t\t\t\t<div class=\"elementor-widget-wrap elementor-element-populated\">\r\n\t\t\t\t\t\t\t\t\t\t\r\n\t\t\t\t\t\t<div class=\"elementor-element elementor-element-5e4d340f elementor-invisible elementor-widget elementor-widget-heading\" data-id=\"5e4d340f\" data-element_type=\"widget\" data-settings=\"{&quot;_animation&quot;:&quot;fadeInLeft&quot;}\" data-widget_type=\"heading.default\">\n\t\t\t\t<div class=\"elementor-widget-container\">\n\t\t\t<h2 class=\"elementor-heading-title elementor-size-default\">El Tornillo Correcto. El Tornillo Correcto. Siempre a mano.  <\/h2>\t\t<\/div>\n\t\t\t\t<\/div>\n\t\t\t\t<div class=\"elementor-element elementor-element-2fcfab66 elementor-widget elementor-widget-text-editor\" data-id=\"2fcfab66\" data-element_type=\"widget\" data-widget_type=\"text-editor.default\">\n\t\t\t\t<div class=\"elementor-widget-container\">\n\t\t\t\t\t\t\t<p>Ofrecemos una amplia selecci\u00f3n de tornillos, pernos y elementos de fijaci\u00f3n est\u00e1ndar, listos para satisfacer las demandas de diversas industrias. Desde la fabricaci\u00f3n de muebles hasta la construcci\u00f3n y m\u00e1s all\u00e1, nuestros productos garantizan conexiones fuertes, fiables y <a href=\"https:\/\/joldijagroup.com\/quality\/\">de alta calidad<\/a> en las que puedes confiar cada d\u00eda. <\/p>\n\t\t\t\t\t\t<\/div>\n\t\t\t\t<\/div>\n\t\t\t\t<div class=\"elementor-element elementor-element-c832a5a elementor-widget__width-initial elementor-widget elementor-widget-image\" data-id=\"c832a5a\" data-element_type=\"widget\" data-widget_type=\"image.default\">\n\t\t\t\t<div class=\"elementor-widget-container\">\n\t\t\t\t\t\t\t\t\t\t\t\t\t<img decoding=\"async\" width=\"2560\" height=\"1280\" src=\"https:\/\/joldijagroup.com\/wp-content\/uploads\/2025\/12\/100A5144-jpg-1-scaled.jpg\" class=\"attachment-full size-full wp-image-22168\" alt=\"\" srcset=\"https:\/\/joldijagroup.com\/wp-content\/uploads\/2025\/12\/100A5144-jpg-1-scaled.jpg 2560w, https:\/\/joldijagroup.com\/wp-content\/uploads\/2025\/12\/100A5144-jpg-1-1024x512.jpg 1024w, https:\/\/joldijagroup.com\/wp-content\/uploads\/2025\/12\/100A5144-jpg-1-768x384.jpg 768w, https:\/\/joldijagroup.com\/wp-content\/uploads\/2025\/12\/100A5144-jpg-1-1536x768.jpg 1536w, https:\/\/joldijagroup.com\/wp-content\/uploads\/2025\/12\/100A5144-jpg-1-2048x1024.jpg 2048w\" sizes=\"(max-width: 2560px) 100vw, 2560px\" \/>\t\t\t\t\t\t\t\t\t\t\t\t\t<\/div>\n\t\t\t\t<\/div>\n\t\t\t\t\t\t<\/div>\r\n\t\t\t\t<\/div>\r\n\t\t\t\t\t\t\t\t<\/div>\r\n\t\t\t<\/section>\r\n\t\t\t\t\t<section class=\" elementor-section elementor-top-section elementor-element elementor-element-911cd4a elementor-section-boxed elementor-section-height-default elementor-section-height-default elementor-invisible\" data-id=\"911cd4a\" data-element_type=\"section\" data-settings=\"{&quot;background_background&quot;:&quot;classic&quot;,&quot;animation&quot;:&quot;fadeInRight&quot;}\">\r\n\t\t\t\t\t\t\t\t<div class=\"elementor-container elementor-column-gap-default\">\r\n\t\t\t\t\r\n\t\t\t\t\t\t\t\t<div class=\" elementor-column elementor-col-100 elementor-top-column elementor-element elementor-element-c6a0d78 \" data-id=\"c6a0d78\" data-element_type=\"column\">\r\n\r\n\t\t\t\t\r\n\t\t\t\t<div class=\"elementor-widget-wrap elementor-element-populated\">\r\n\t\t\t\t\t\t\t\t\t\t\r\n\t\t\t\t\t\t<div class=\"elementor-element elementor-element-5317980 elementor-invisible elementor-widget elementor-widget-heading\" data-id=\"5317980\" data-element_type=\"widget\" data-settings=\"{&quot;_animation&quot;:&quot;fadeInLeft&quot;}\" data-widget_type=\"heading.default\">\n\t\t\t\t<div class=\"elementor-widget-container\">\n\t\t\t<h2 class=\"elementor-heading-title elementor-size-default\">Cuando las soluciones est\u00e1ndar no bastan, creamos el ajuste perfecto.<\/h2>\t\t<\/div>\n\t\t\t\t<\/div>\n\t\t\t\t\t\t<\/div>\r\n\t\t\t\t<\/div>\r\n\t\t\t\t\t\t\t\t<\/div>\r\n\t\t\t<\/section>\r\n\t\t\t\t\t<section class=\" elementor-section elementor-top-section elementor-element elementor-element-1da5956 elementor-section-boxed elementor-section-height-default elementor-section-height-default\" data-id=\"1da5956\" data-element_type=\"section\">\r\n\t\t\t\t\t\t\t\t<div class=\"elementor-container elementor-column-gap-default\">\r\n\t\t\t\t\r\n\t\t\t\t\t\t\t\t<div class=\" elementor-column elementor-col-50 elementor-top-column elementor-element elementor-element-e46f2e9 \" data-id=\"e46f2e9\" data-element_type=\"column\">\r\n\r\n\t\t\t\t\r\n\t\t\t\t<div class=\"elementor-widget-wrap elementor-element-populated\">\r\n\t\t\t\t\t\t\t\t\t\t\r\n\t\t\t\t\t\t<div class=\"elementor-element elementor-element-e78274e elementor-widget elementor-widget-image\" data-id=\"e78274e\" data-element_type=\"widget\" data-widget_type=\"image.default\">\n\t\t\t\t<div class=\"elementor-widget-container\">\n\t\t\t\t\t\t\t\t\t\t\t\t\t<img decoding=\"async\" width=\"570\" height=\"400\" src=\"https:\/\/joldijagroup.com\/wp-content\/uploads\/2025\/05\/Furniture_fittings_and_assembly_items_screws_bolts_fasteners_caps_-JOLDIJAGROUP_j2-570x400.jpg\" class=\"attachment-alpha-thumb-custom-5 size-alpha-thumb-custom-5 wp-image-20135\" alt=\"\" srcset=\"https:\/\/joldijagroup.com\/wp-content\/uploads\/2025\/05\/Furniture_fittings_and_assembly_items_screws_bolts_fasteners_caps_-JOLDIJAGROUP_j2-570x400.jpg 570w, https:\/\/joldijagroup.com\/wp-content\/uploads\/2025\/05\/Furniture_fittings_and_assembly_items_screws_bolts_fasteners_caps_-JOLDIJAGROUP_j2-400x280.jpg 400w\" sizes=\"(max-width: 570px) 100vw, 570px\" \/>\t\t\t\t\t\t\t\t\t\t\t\t\t<\/div>\n\t\t\t\t<\/div>\n\t\t\t\t\t\t<\/div>\r\n\t\t\t\t<\/div>\r\n\t\t\t\t\t\t\t\t\t<div class=\" elementor-column elementor-col-50 elementor-top-column elementor-element elementor-element-fefa5cd \" data-id=\"fefa5cd\" data-element_type=\"column\">\r\n\r\n\t\t\t\t\r\n\t\t\t\t<div class=\"elementor-widget-wrap elementor-element-populated\">\r\n\t\t\t\t\t\t\t\t\t\t\r\n\t\t\t\t\t\t<div class=\"elementor-element elementor-element-f0c4eac elementor-widget elementor-widget-text-editor\" data-id=\"f0c4eac\" data-element_type=\"widget\" data-widget_type=\"text-editor.default\">\n\t\t\t\t<div class=\"elementor-widget-container\">\n\t\t\t\t\t\t\t<p>Algunos proyectos exigen algo m\u00e1s que soluciones est\u00e1ndar. Ah\u00ed es donde destacamos: proporcionando componentes de precisi\u00f3n no est\u00e1ndar adaptados a tus requisitos exactos. Desde fijaciones exclusivas hasta complejas inserciones met\u00e1licas para procesos de moldeo de pl\u00e1stico, somos tu socio para resolver los retos del montaje a medida.  <\/p>\n\t\t\t\t\t\t<\/div>\n\t\t\t\t<\/div>\n\t\t\t\t\t\t<\/div>\r\n\t\t\t\t<\/div>\r\n\t\t\t\t\t\t\t\t<\/div>\r\n\t\t\t<\/section>\r\n\t\t\t\t\t<\/div>\n\t\t","protected":false},"excerpt":{"rendered":"<p>Elementos de montaje Ofrecemos una amplia gama de tornillos, pernos y elementos de fijaci\u00f3n est\u00e1ndar para diversas industrias. El Tornillo Correcto. El Tornillo Correcto. Siempre a mano. Ofrecemos una amplia selecci\u00f3n de tornillos, pernos y elementos de fijaci\u00f3n est\u00e1ndar, listos para satisfacer las demandas de diversas industrias. Desde la fabricaci\u00f3n de muebles hasta la construcci\u00f3n [&hellip;]<\/p>\n","protected":false},"author":3,"featured_media":0,"parent":0,"menu_order":0,"comment_status":"closed","ping_status":"closed","template":"","meta":{"footnotes":""},"class_list":["post-22907","page","type-page","status-publish","hentry"],"aioseo_notices":[],"_links":{"self":[{"href":"https:\/\/joldijagroup.com\/es\/wp-json\/wp\/v2\/pages\/22907","targetHints":{"allow":["GET"]}}],"collection":[{"href":"https:\/\/joldijagroup.com\/es\/wp-json\/wp\/v2\/pages"}],"about":[{"href":"https:\/\/joldijagroup.com\/es\/wp-json\/wp\/v2\/types\/page"}],"author":[{"embeddable":true,"href":"https:\/\/joldijagroup.com\/es\/wp-json\/wp\/v2\/users\/3"}],"replies":[{"embeddable":true,"href":"https:\/\/joldijagroup.com\/es\/wp-json\/wp\/v2\/comments?post=22907"}],"version-history":[{"count":1,"href":"https:\/\/joldijagroup.com\/es\/wp-json\/wp\/v2\/pages\/22907\/revisions"}],"predecessor-version":[{"id":22921,"href":"https:\/\/joldijagroup.com\/es\/wp-json\/wp\/v2\/pages\/22907\/revisions\/22921"}],"wp:attachment":[{"href":"https:\/\/joldijagroup.com\/es\/wp-json\/wp\/v2\/media?parent=22907"}],"curies":[{"name":"wp","href":"https:\/\/api.w.org\/{rel}","templated":true}]}}