{"id":19136,"date":"2024-07-31T08:46:43","date_gmt":"2024-07-31T05:46:43","guid":{"rendered":"https:\/\/joldijagroup.com\/montage-artikel\/"},"modified":"2025-12-03T09:35:36","modified_gmt":"2025-12-03T07:35:36","slug":"montage-artikel","status":"publish","type":"page","link":"https:\/\/joldijagroup.com\/de\/montage-artikel\/","title":{"rendered":"Montage Artikel"},"content":{"rendered":"\t\t<div data-elementor-type=\"wp-page\" data-elementor-id=\"19136\" class=\"elementor elementor-19136 elementor-12047\">\n\t\t\t\t\t\t<section class=\" elementor-section elementor-top-section elementor-element elementor-element-3a6bbec2 elementor-section-full_width elementor-section-height-min-height alpha-section-stretched elementor-section-height-default elementor-section-items-middle\" data-id=\"3a6bbec2\" data-element_type=\"section\">\r\n\t\t\t\t\t\t\t\t<div class=\"elementor-container elementor-column-gap-default\">\r\n\t\t\t\t\r\n\t\t\t\t\t\t\t\t<div class=\" elementor-column elementor-col-100 elementor-top-column elementor-element elementor-element-43055779 \" data-id=\"43055779\" data-element_type=\"column\">\r\n\r\n\t\t\t\t\r\n\t\t\t\t<div class=\"elementor-widget-wrap elementor-element-populated\">\r\n\t\t\t\t\t\t\t\t\t\t\r\n\t\t\t\t\t\t<div class=\"elementor-element elementor-element-4caf1d17 elementor-widget elementor-widget-udesign_widget_banner\" data-id=\"4caf1d17\" data-element_type=\"widget\" data-widget_type=\"udesign_widget_banner.default\">\r\n\t\t\t\t<div class=\"elementor-widget-container\">\n\t\t\t<div class=\"banner banner-fixed\">\t<figure class=\"banner-img\">\r\n\t\t<img fetchpriority=\"high\" decoding=\"async\" width=\"1500\" height=\"500\" src=\"https:\/\/joldijagroup.com\/wp-content\/uploads\/2024\/07\/Dizainas-be-pavadinimo-2024-07-31T092650.231.jpg\" class=\"attachment-full size-full\" alt=\"Fittings for furniture producers\" srcset=\"https:\/\/joldijagroup.com\/wp-content\/uploads\/2024\/07\/Dizainas-be-pavadinimo-2024-07-31T092650.231.jpg 1500w, https:\/\/joldijagroup.com\/wp-content\/uploads\/2024\/07\/Dizainas-be-pavadinimo-2024-07-31T092650.231-1024x341.jpg 1024w, https:\/\/joldijagroup.com\/wp-content\/uploads\/2024\/07\/Dizainas-be-pavadinimo-2024-07-31T092650.231-768x256.jpg 768w\" sizes=\"(max-width: 1500px) 100vw, 1500px\" \/>\t<\/figure>\r\n\t<div class=\"banner-content t-mc\"><h3 class=\"banner-item elementor-repeater-item-51d814a item-block text\">Montage Artikel<\/h3><p class=\"banner-item elementor-repeater-item-47d6081 item-block text\">Wir bieten eine gro\u00dfe Auswahl an Standardschrauben, Bolzen und Befestigungselementen f\u00fcr verschiedene Branchen.<\/p><\/div><\/div>\t\t<\/div>\n\t\t\t\t<\/div>\n\t\t\t\t\t\t<\/div>\r\n\t\t\t\t<\/div>\r\n\t\t\t\t\t\t\t\t<\/div>\r\n\t\t\t<\/section>\r\n\t\t\t\t\t<section class=\" elementor-section elementor-top-section elementor-element elementor-element-9deb4b3 elementor-section-height-min-height elementor-section-boxed elementor-section-height-default elementor-section-items-middle\" data-id=\"9deb4b3\" data-element_type=\"section\">\r\n\t\t\t\t\t\t\t\t<div class=\"elementor-container elementor-column-gap-default\">\r\n\t\t\t\t\r\n\t\t\t\t\t\t\t\t<div class=\" elementor-column elementor-col-100 elementor-top-column elementor-element elementor-element-a55c9b7 \" data-id=\"a55c9b7\" data-element_type=\"column\">\r\n\r\n\t\t\t\t\r\n\t\t\t\t<div class=\"elementor-widget-wrap\">\r\n\t\t\t\t\t\t\t\t\t\t\r\n\t\t\t\t\t\t\t\t<\/div>\r\n\t\t\t\t<\/div>\r\n\t\t\t\t\t\t\t\t<\/div>\r\n\t\t\t<\/section>\r\n\t\t\t\t\t<section class=\" elementor-section elementor-top-section elementor-element elementor-element-70cd1252 elementor-section-boxed elementor-section-height-default elementor-section-height-default\" data-id=\"70cd1252\" data-element_type=\"section\">\r\n\t\t\t\t\t\t\t\t<div class=\"elementor-container elementor-column-gap-default\">\r\n\t\t\t\t\r\n\t\t\t\t\t\t\t\t<div class=\" elementor-column elementor-col-100 elementor-top-column elementor-element elementor-element-11ae5001 \" data-id=\"11ae5001\" data-element_type=\"column\">\r\n\r\n\t\t\t\t\r\n\t\t\t\t<div class=\"elementor-widget-wrap elementor-element-populated\">\r\n\t\t\t\t\t\t\t\t\t\t\r\n\t\t\t\t\t\t<div class=\"elementor-element elementor-element-5e4d340f elementor-invisible elementor-widget elementor-widget-heading\" data-id=\"5e4d340f\" data-element_type=\"widget\" data-settings=\"{&quot;_animation&quot;:&quot;fadeInLeft&quot;}\" data-widget_type=\"heading.default\">\n\t\t\t\t<div class=\"elementor-widget-container\">\n\t\t\t<h2 class=\"elementor-heading-title elementor-size-default\">Die richtige Schraube. Die richtige Schraube. Immer zur Hand.  <\/h2>\t\t<\/div>\n\t\t\t\t<\/div>\n\t\t\t\t<div class=\"elementor-element elementor-element-2fcfab66 elementor-widget elementor-widget-text-editor\" data-id=\"2fcfab66\" data-element_type=\"widget\" data-widget_type=\"text-editor.default\">\n\t\t\t\t<div class=\"elementor-widget-container\">\n\t\t\t\t\t\t\t<p>Wir bieten eine gro\u00dfe Auswahl an Standardschrauben, -bolzen und -befestigungselementen, die den Anforderungen verschiedener Branchen gerecht werden. Von der M\u00f6belherstellung bis zum Bauwesen und dar\u00fcber hinaus sorgen unsere Produkte f\u00fcr starke, zuverl\u00e4ssige Verbindungen, auf die Sie sich jeden Tag verlassen k\u00f6nnen. <\/p>\n\t\t\t\t\t\t<\/div>\n\t\t\t\t<\/div>\n\t\t\t\t<div class=\"elementor-element elementor-element-c832a5a elementor-widget__width-initial elementor-widget elementor-widget-image\" data-id=\"c832a5a\" data-element_type=\"widget\" data-widget_type=\"image.default\">\n\t\t\t\t<div class=\"elementor-widget-container\">\n\t\t\t\t\t\t\t\t\t\t\t\t\t<img decoding=\"async\" width=\"2560\" height=\"1280\" src=\"https:\/\/joldijagroup.com\/wp-content\/uploads\/2025\/12\/100A5144-jpg-1-scaled.jpg\" class=\"attachment-full size-full wp-image-22169\" alt=\"\" srcset=\"https:\/\/joldijagroup.com\/wp-content\/uploads\/2025\/12\/100A5144-jpg-1-scaled.jpg 2560w, https:\/\/joldijagroup.com\/wp-content\/uploads\/2025\/12\/100A5144-jpg-1-1024x512.jpg 1024w, https:\/\/joldijagroup.com\/wp-content\/uploads\/2025\/12\/100A5144-jpg-1-768x384.jpg 768w, https:\/\/joldijagroup.com\/wp-content\/uploads\/2025\/12\/100A5144-jpg-1-1536x768.jpg 1536w, https:\/\/joldijagroup.com\/wp-content\/uploads\/2025\/12\/100A5144-jpg-1-2048x1024.jpg 2048w\" sizes=\"(max-width: 2560px) 100vw, 2560px\" \/>\t\t\t\t\t\t\t\t\t\t\t\t\t<\/div>\n\t\t\t\t<\/div>\n\t\t\t\t\t\t<\/div>\r\n\t\t\t\t<\/div>\r\n\t\t\t\t\t\t\t\t<\/div>\r\n\t\t\t<\/section>\r\n\t\t\t\t\t<section class=\" elementor-section elementor-top-section elementor-element elementor-element-911cd4a elementor-section-boxed elementor-section-height-default elementor-section-height-default elementor-invisible\" data-id=\"911cd4a\" data-element_type=\"section\" data-settings=\"{&quot;background_background&quot;:&quot;classic&quot;,&quot;animation&quot;:&quot;fadeInRight&quot;}\">\r\n\t\t\t\t\t\t\t\t<div class=\"elementor-container elementor-column-gap-default\">\r\n\t\t\t\t\r\n\t\t\t\t\t\t\t\t<div class=\" elementor-column elementor-col-100 elementor-top-column elementor-element elementor-element-c6a0d78 \" data-id=\"c6a0d78\" data-element_type=\"column\">\r\n\r\n\t\t\t\t\r\n\t\t\t\t<div class=\"elementor-widget-wrap elementor-element-populated\">\r\n\t\t\t\t\t\t\t\t\t\t\r\n\t\t\t\t\t\t<div class=\"elementor-element elementor-element-5317980 elementor-invisible elementor-widget elementor-widget-heading\" data-id=\"5317980\" data-element_type=\"widget\" data-settings=\"{&quot;_animation&quot;:&quot;fadeInLeft&quot;}\" data-widget_type=\"heading.default\">\n\t\t\t\t<div class=\"elementor-widget-container\">\n\t\t\t<h2 class=\"elementor-heading-title elementor-size-default\">Wenn Standardl\u00f6sungen nicht ausreichen, schaffen wir die perfekte Passform.<\/h2>\t\t<\/div>\n\t\t\t\t<\/div>\n\t\t\t\t\t\t<\/div>\r\n\t\t\t\t<\/div>\r\n\t\t\t\t\t\t\t\t<\/div>\r\n\t\t\t<\/section>\r\n\t\t\t\t\t<section class=\" elementor-section elementor-top-section elementor-element elementor-element-1da5956 elementor-section-boxed elementor-section-height-default elementor-section-height-default\" data-id=\"1da5956\" data-element_type=\"section\">\r\n\t\t\t\t\t\t\t\t<div class=\"elementor-container elementor-column-gap-default\">\r\n\t\t\t\t\r\n\t\t\t\t\t\t\t\t<div class=\" elementor-column elementor-col-50 elementor-top-column elementor-element elementor-element-e46f2e9 \" data-id=\"e46f2e9\" data-element_type=\"column\">\r\n\r\n\t\t\t\t\r\n\t\t\t\t<div class=\"elementor-widget-wrap elementor-element-populated\">\r\n\t\t\t\t\t\t\t\t\t\t\r\n\t\t\t\t\t\t<div class=\"elementor-element elementor-element-e78274e elementor-widget elementor-widget-image\" data-id=\"e78274e\" data-element_type=\"widget\" data-widget_type=\"image.default\">\n\t\t\t\t<div class=\"elementor-widget-container\">\n\t\t\t\t\t\t\t\t\t\t\t\t\t<img decoding=\"async\" width=\"570\" height=\"400\" src=\"https:\/\/joldijagroup.com\/wp-content\/uploads\/2025\/05\/Assembly-items3-570x400.jpg\" class=\"attachment-alpha-thumb-custom-5 size-alpha-thumb-custom-5 wp-image-19112\" alt=\"\" srcset=\"https:\/\/joldijagroup.com\/wp-content\/uploads\/2025\/05\/Assembly-items3-570x400.jpg 570w, https:\/\/joldijagroup.com\/wp-content\/uploads\/2025\/05\/Assembly-items3-400x280.jpg 400w\" sizes=\"(max-width: 570px) 100vw, 570px\" \/>\t\t\t\t\t\t\t\t\t\t\t\t\t<\/div>\n\t\t\t\t<\/div>\n\t\t\t\t\t\t<\/div>\r\n\t\t\t\t<\/div>\r\n\t\t\t\t\t\t\t\t\t<div class=\" elementor-column elementor-col-50 elementor-top-column elementor-element elementor-element-fefa5cd \" data-id=\"fefa5cd\" data-element_type=\"column\">\r\n\r\n\t\t\t\t\r\n\t\t\t\t<div class=\"elementor-widget-wrap elementor-element-populated\">\r\n\t\t\t\t\t\t\t\t\t\t\r\n\t\t\t\t\t\t<div class=\"elementor-element elementor-element-f0c4eac elementor-widget elementor-widget-text-editor\" data-id=\"f0c4eac\" data-element_type=\"widget\" data-widget_type=\"text-editor.default\">\n\t\t\t\t<div class=\"elementor-widget-container\">\n\t\t\t\t\t\t\t<p>Manche Projekte erfordern mehr als nur L\u00f6sungen von der Stange. Das ist der Punkt, an dem wir uns besonders hervortun &#8211; wir liefern pr\u00e4zisionsgefertigte, nicht standardisierte Komponenten, die genau auf Ihre Anforderungen zugeschnitten sind. Von einzigartigen Befestigungselementen bis hin zu komplexen Metalleins\u00e4tzen f\u00fcr Kunststoffspritzgussverfahren sind wir Ihr Partner bei der L\u00f6sung kundenspezifischer Montageprobleme.  <br data-start=\"1167\" data-end=\"1170\"><\/p>\n\t\t\t\t\t\t<\/div>\n\t\t\t\t<\/div>\n\t\t\t\t\t\t<\/div>\r\n\t\t\t\t<\/div>\r\n\t\t\t\t\t\t\t\t<\/div>\r\n\t\t\t<\/section>\r\n\t\t\t\t\t<\/div>\n\t\t","protected":false},"excerpt":{"rendered":"<p>Montage Artikel Wir bieten eine gro\u00dfe Auswahl an Standardschrauben, Bolzen und Befestigungselementen f\u00fcr verschiedene Branchen. Die richtige Schraube. Die richtige Schraube. Immer zur Hand. Wir bieten eine gro\u00dfe Auswahl an Standardschrauben, -bolzen und -befestigungselementen, die den Anforderungen verschiedener Branchen gerecht werden. Von der M\u00f6belherstellung bis zum Bauwesen und dar\u00fcber hinaus sorgen unsere Produkte f\u00fcr starke, [&hellip;]<\/p>\n","protected":false},"author":3,"featured_media":0,"parent":0,"menu_order":0,"comment_status":"closed","ping_status":"closed","template":"","meta":{"footnotes":""},"class_list":["post-19136","page","type-page","status-publish","hentry"],"aioseo_notices":[],"_links":{"self":[{"href":"https:\/\/joldijagroup.com\/de\/wp-json\/wp\/v2\/pages\/19136","targetHints":{"allow":["GET"]}}],"collection":[{"href":"https:\/\/joldijagroup.com\/de\/wp-json\/wp\/v2\/pages"}],"about":[{"href":"https:\/\/joldijagroup.com\/de\/wp-json\/wp\/v2\/types\/page"}],"author":[{"embeddable":true,"href":"https:\/\/joldijagroup.com\/de\/wp-json\/wp\/v2\/users\/3"}],"replies":[{"embeddable":true,"href":"https:\/\/joldijagroup.com\/de\/wp-json\/wp\/v2\/comments?post=19136"}],"version-history":[{"count":4,"href":"https:\/\/joldijagroup.com\/de\/wp-json\/wp\/v2\/pages\/19136\/revisions"}],"predecessor-version":[{"id":22182,"href":"https:\/\/joldijagroup.com\/de\/wp-json\/wp\/v2\/pages\/19136\/revisions\/22182"}],"wp:attachment":[{"href":"https:\/\/joldijagroup.com\/de\/wp-json\/wp\/v2\/media?parent=19136"}],"curies":[{"name":"wp","href":"https:\/\/api.w.org\/{rel}","templated":true}]}}