{"id":14608,"date":"2024-08-12T15:53:33","date_gmt":"2024-08-12T12:53:33","guid":{"rendered":"https:\/\/joldijagroup.com\/kontaktieren-sie-uns\/"},"modified":"2026-02-20T11:13:56","modified_gmt":"2026-02-20T09:13:56","slug":"kontaktieren-sie-uns","status":"publish","type":"page","link":"https:\/\/joldijagroup.com\/de\/kontaktieren-sie-uns\/","title":{"rendered":"Kontaktieren Sie uns"},"content":{"rendered":"\t\t<div data-elementor-type=\"wp-page\" data-elementor-id=\"14608\" class=\"elementor elementor-14608 elementor-12499\">\n\t\t\t\t\t\t<section class=\" elementor-section elementor-top-section elementor-element elementor-element-7449cb1 elementor-section-boxed elementor-section-height-default elementor-section-height-default\" data-id=\"7449cb1\" data-element_type=\"section\">\r\n\t\t\t\t\t\t\t\t<div class=\"elementor-container elementor-column-gap-default\">\r\n\t\t\t\t\r\n\t\t\t\t\t\t\t\t<div class=\" elementor-column elementor-col-100 elementor-top-column elementor-element elementor-element-0d46954 \" data-id=\"0d46954\" data-element_type=\"column\">\r\n\r\n\t\t\t\t\r\n\t\t\t\t<div class=\"elementor-widget-wrap elementor-element-populated\">\r\n\t\t\t\t\t\t\t\t\t\t\r\n\t\t\t\t\t\t<div class=\"elementor-element elementor-element-49b0970 elementor-invisible elementor-widget elementor-widget-text-editor\" data-id=\"49b0970\" data-element_type=\"widget\" data-settings=\"{&quot;_animation&quot;:&quot;fadeInLeft&quot;}\" data-widget_type=\"text-editor.default\">\n\t\t\t\t<div class=\"elementor-widget-container\">\n\t\t\t\t\t\t\t<h3><strong>WIR SIND DANKBAR F\u00dcR DIE M\u00d6GLICHKEIT, MIT INSPIRIERENDEN MENSCHEN AN SO VIELEN AUSSERGEW\u00d6HNLICHEN PROJEKTEN ZU ARBEITEN<\/strong><\/h3>\n\t\t\t\t\t\t<\/div>\n\t\t\t\t<\/div>\n\t\t\t\t\t\t<\/div>\r\n\t\t\t\t<\/div>\r\n\t\t\t\t\t\t\t\t<\/div>\r\n\t\t\t<\/section>\r\n\t\t\t\t\t<section class=\" elementor-section elementor-top-section elementor-element elementor-element-dd6d7dd elementor-section-boxed elementor-section-height-default elementor-section-height-default\" data-id=\"dd6d7dd\" data-element_type=\"section\">\r\n\t\t\t\t\t\t\t\t<div class=\"elementor-container elementor-column-gap-default\">\r\n\t\t\t\t\r\n\t\t\t\t\t\t\t\t<div class=\" elementor-column elementor-col-100 elementor-top-column elementor-element elementor-element-6b9a66d \" data-id=\"6b9a66d\" data-element_type=\"column\">\r\n\r\n\t\t\t\t\r\n\t\t\t\t<div class=\"elementor-widget-wrap elementor-element-populated\">\r\n\t\t\t\t\t\t\t\t\t\t\r\n\t\t\t\t\t\t<div class=\"elementor-element elementor-element-ad63f83 elementor-widget elementor-widget-text-editor\" data-id=\"ad63f83\" data-element_type=\"widget\" data-widget_type=\"text-editor.default\">\n\t\t\t\t<div class=\"elementor-widget-container\">\n\t\t\t\t\t\t\t<p>Wir arbeiten w\u00e4hrend der gesamten Entwicklung und Herstellung mit Partnern zusammen und sind am gesamten Produktlebenszyklus beteiligt, von der Idee bis zur Markteinf\u00fchrung. Wir liefern ein breites Spektrum an innovativen L\u00f6sungen mit einem durchg\u00e4ngigen Ansatz von der Entwicklung neuer Produkte bis hin zur Produktion in gro\u00dfem Ma\u00dfstab. Wir tauchen tiefer in das ein, was Sie brauchen. Wir besprechen Optionen, Zeitpl\u00e4ne, Projektmanagement und Budgets.<\/p>\n\t\t\t\t\t\t<\/div>\n\t\t\t\t<\/div>\n\t\t\t\t\t\t<\/div>\r\n\t\t\t\t<\/div>\r\n\t\t\t\t\t\t\t\t<\/div>\r\n\t\t\t<\/section>\r\n\t\t\t\t\t<section class=\" elementor-section elementor-top-section elementor-element elementor-element-ad1e2b1 elementor-section-boxed elementor-section-height-default elementor-section-height-default\" data-id=\"ad1e2b1\" data-element_type=\"section\">\r\n\t\t\t\t\t\t\t\t<div class=\"elementor-container elementor-column-gap-default\">\r\n\t\t\t\t\r\n\t\t\t\t\t\t\t\t<div class=\" elementor-column elementor-col-100 elementor-top-column elementor-element elementor-element-a100a06 \" data-id=\"a100a06\" data-element_type=\"column\">\r\n\r\n\t\t\t\t\r\n\t\t\t\t<div class=\"elementor-widget-wrap elementor-element-populated\">\r\n\t\t\t\t\t\t\t\t\t\t\r\n\t\t\t\t\t\t<div class=\"elementor-element elementor-element-9b323b2 elementor-widget elementor-widget-text-editor\" data-id=\"9b323b2\" data-element_type=\"widget\" data-widget_type=\"text-editor.default\">\n\t\t\t\t<div class=\"elementor-widget-container\">\n\t\t\t\t\t\t\t<h4><strong>ARBEITEN SIE MIT UNS ZUSAMMEN, UM IHRE PRODUKTENTWICKLUNG ZU OPTIMIEREN, ZU ERWEITERN UND ZU SKALIEREN<\/strong><strong>! LASSEN SIE UNS DAR\u00dcBER SPRECHEN, WAS DIE JOLDIJA GRUPPE F\u00dcR IHR UNTERNEHMEN TUN KANN.<\/strong><\/h4>\n\t\t\t\t\t\t<\/div>\n\t\t\t\t<\/div>\n\t\t\t\t\t\t<\/div>\r\n\t\t\t\t<\/div>\r\n\t\t\t\t\t\t\t\t<\/div>\r\n\t\t\t<\/section>\r\n\t\t\t\t\t<div class=\" elementor-section elementor-top-section elementor-element elementor-element-450bd86 elementor-section-content-middle mt-1 mb-10 pb-10 alpha-section-stretched elementor-section-boxed elementor-section-height-default elementor-section-height-default\" data-id=\"450bd86\" data-element_type=\"section\" data-settings=\"{&quot;background_background&quot;:&quot;classic&quot;}\">\r\n\t\t\t\t\t\t\t\t<div class=\"elementor-container elementor-column-gap-default\">\r\n\t\t\t\t\r\n\t\t\t\t\t\t\t\t<div class=\" elementor-column elementor-col-50 elementor-top-column elementor-element elementor-element-6380f88 cs21-contact-info mb-1 \" data-id=\"6380f88\" data-element_type=\"column\">\r\n\r\n\t\t\t\t\r\n\t\t\t\t<div class=\"elementor-widget-wrap elementor-element-populated\">\r\n\t\t\t\t\t\t\t\t\t\t\r\n\t\t\t\t\t\t<div class=\"elementor-element elementor-element-bd26abb mb-4 cs21-icon-box address elementor-invisible elementor-widget elementor-widget-udesign_widget_iconbox\" data-id=\"bd26abb\" data-element_type=\"widget\" data-settings=\"{&quot;_animation&quot;:&quot;fadeIn&quot;,&quot;_animation_delay&quot;:600}\" data-widget_type=\"udesign_widget_iconbox.default\">\n\t\t\t\t<div class=\"elementor-widget-container\">\n\t\t\t<div class=\"icon-box icon-box-side position-left icon-stacked icon-box-icon-shadow shape-circle\"><div class=\"icon-box-feature\"><i class=\"  a-icon-map-marker\"><\/i><\/div><div class=\"icon-box-content\"><h3 class=\"icon-box-title\">Adresse<\/h3><p class=\"icon-box-desc\">Tikslo str. 10, Bezirk Kaunas, Litauen\n<br>  LT-54311<\/p><\/div><\/div>\t\t<\/div>\n\t\t\t\t<\/div>\n\t\t\t\t<div class=\"elementor-element elementor-element-5b99cdc mb-4 cs21-icon-box address elementor-invisible elementor-widget elementor-widget-udesign_widget_iconbox\" data-id=\"5b99cdc\" data-element_type=\"widget\" data-settings=\"{&quot;_animation&quot;:&quot;fadeIn&quot;,&quot;_animation_delay&quot;:800}\" data-widget_type=\"udesign_widget_iconbox.default\">\n\t\t\t\t<div class=\"elementor-widget-container\">\n\t\t\t<div class=\"icon-box icon-box-side position-left icon-stacked icon-box-icon-shadow shape-circle\"><div class=\"icon-box-feature\"><i class=\"  u-icon-phone4\"><\/i><\/div><div class=\"icon-box-content\"><h3 class=\"icon-box-title\">Telefon<\/h3><p class=\"icon-box-desc\"><a href=\"tel:+370617 14 607\">(+370) 617 14 607<\/a><\/p><\/div><\/div>\t\t<\/div>\n\t\t\t\t<\/div>\n\t\t\t\t<div class=\"elementor-element elementor-element-7c74973 mb-4 cs-icon-box address elementor-invisible elementor-widget elementor-widget-udesign_widget_iconbox\" data-id=\"7c74973\" data-element_type=\"widget\" data-settings=\"{&quot;_animation&quot;:&quot;fadeIn&quot;,&quot;_animation_delay&quot;:1000}\" data-widget_type=\"udesign_widget_iconbox.default\">\n\t\t\t\t<div class=\"elementor-widget-container\">\n\t\t\t<div class=\"icon-box icon-box-side position-left icon-stacked icon-box-icon-shadow shape-circle\"><div class=\"icon-box-feature\"><i class=\"  u-icon-envelop3\"><\/i><\/div><div class=\"icon-box-content\"><h3 class=\"icon-box-title\">E-Mail<\/h3><p class=\"icon-box-desc\"><a href=\"mailto:sales@joldijagroup.com\" aria-label=\"Mail to\">sales@joldijagroup.com<\/a><\/p><\/div><\/div>\t\t<\/div>\n\t\t\t\t<\/div>\n\t\t\t\t\t\t<\/div>\r\n\t\t\t\t<\/div>\r\n\t\t\t\t\t\t\t\t\t<div class=\" elementor-column elementor-col-50 elementor-top-column elementor-element elementor-element-4bc43c0 mb-1 \" data-id=\"4bc43c0\" data-element_type=\"column\" data-settings=\"{&quot;background_background&quot;:&quot;classic&quot;}\">\r\n\r\n\t\t\t\t\r\n\t\t\t\t<div class=\"elementor-widget-wrap elementor-element-populated\">\r\n\t\t\t\t\t\t\t\t\t\t\r\n\t\t\t\t\t\t<section class=\" elementor-section elementor-inner-section elementor-element elementor-element-3caa136 cs21-contact-form elementor-section-boxed elementor-section-height-default elementor-section-height-default elementor-invisible\" data-id=\"3caa136\" data-element_type=\"section\" data-settings=\"{&quot;background_background&quot;:&quot;classic&quot;,&quot;animation&quot;:&quot;fadeInRightShorter&quot;,&quot;animation_delay&quot;:1400}\">\r\n\t\t\t\t\t\t\t\t<div class=\"elementor-container elementor-column-gap-no\">\r\n\t\t\t\t\r\n\t\t\t\t\t\t\t\t<div class=\" elementor-column elementor-col-100 elementor-inner-column elementor-element elementor-element-7270b41 \" data-id=\"7270b41\" data-element_type=\"column\">\r\n\r\n\t\t\t\t\r\n\t\t\t\t<div class=\"elementor-widget-wrap elementor-element-populated\">\r\n\t\t\t\t\t\t\t\t\t\t\r\n\t\t\t\t\t\t<div class=\"elementor-element elementor-element-f990e5f elementor-widget elementor-widget-wpforms\" data-id=\"f990e5f\" data-element_type=\"widget\" data-widget_type=\"wpforms.default\">\n\t\t\t\t<div class=\"elementor-widget-container\">\n\t\t\t<div class=\"wpforms-container wpforms-container-full wpforms-error-fixed\" id=\"wpforms-13794\"><form id=\"wpforms-form-13794\" class=\"wpforms-validate wpforms-form wpforms-ajax-form\" data-formid=\"13794\" method=\"post\" enctype=\"multipart\/form-data\" action=\"\/de\/wp-json\/wp\/v2\/pages\/14608\" data-token=\"7ba45b18480cd13da6c12a0afed805cc\" data-token-time=\"1777127556\"><noscript class=\"wpforms-error-noscript\">Bitte aktiviere JavaScript in deinem Browser, um dieses Formular fertigzustellen.<\/noscript><div class=\"wpforms-field-container\"><div id=\"wpforms-13794-field_1-container\" class=\"wpforms-field wpforms-field-name\" data-field-id=\"1\"><label class=\"wpforms-field-label wpforms-label-hide\" for=\"wpforms-13794-field_1\">Name <span class=\"wpforms-required-label\">*<\/span><\/label><input type=\"text\" id=\"wpforms-13794-field_1\" class=\"wpforms-field-large wpforms-field-required\" name=\"wpforms[fields][1]\" placeholder=\"Your Name\" required><\/div><div id=\"wpforms-13794-field_2-container\" class=\"wpforms-field wpforms-field-email\" data-field-id=\"2\"><label class=\"wpforms-field-label wpforms-label-hide\" for=\"wpforms-13794-field_2\">Email <span class=\"wpforms-required-label\">*<\/span><\/label><input type=\"email\" id=\"wpforms-13794-field_2\" class=\"wpforms-field-large wpforms-field-required\" name=\"wpforms[fields][2]\" placeholder=\"E-mail Address\" spellcheck=\"false\" required><\/div><div id=\"wpforms-13794-field_3-container\" class=\"wpforms-field wpforms-field-textarea\" data-field-id=\"3\"><label class=\"wpforms-field-label wpforms-label-hide\" for=\"wpforms-13794-field_3\">Paragraph Text<\/label><textarea id=\"wpforms-13794-field_3\" class=\"wpforms-field-medium\" name=\"wpforms[fields][3]\" placeholder=\"Your Message\" ><\/textarea><\/div><\/div><!-- .wpforms-field-container --><div class=\"wpforms-recaptcha-container wpforms-is-recaptcha wpforms-is-recaptcha-type-v2\" ><div class=\"g-recaptcha\" data-sitekey=\"6Lf-DmksAAAAAD5bxeq-f_YRJtNHCDQ8NRKYuI2x\"><\/div><input type=\"text\" name=\"g-recaptcha-hidden\" class=\"wpforms-recaptcha-hidden\" style=\"position:absolute!important;clip:rect(0,0,0,0)!important;height:1px!important;width:1px!important;border:0!important;overflow:hidden!important;padding:0!important;margin:0!important;\" data-rule-recaptcha=\"1\"><\/div><div class=\"wpforms-submit-container\" ><input type=\"hidden\" name=\"wpforms[id]\" value=\"13794\"><input type=\"hidden\" name=\"page_title\" value=\"\"><input type=\"hidden\" name=\"page_url\" value=\"https:\/\/joldijagroup.com\/de\/wp-json\/wp\/v2\/pages\/14608\"><input type=\"hidden\" name=\"url_referer\" value=\"\"><button type=\"submit\" name=\"wpforms[submit]\" id=\"wpforms-submit-13794\" class=\"wpforms-submit wpforms-submit-icon\" data-alt-text=\"Sending...\" data-submit-text=\"Submit\" aria-live=\"assertive\" value=\"wpforms-submit\">Submit<\/button><img decoding=\"async\" src=\"https:\/\/joldijagroup.com\/wp-content\/plugins\/wpforms\/assets\/images\/submit-spin.svg\" class=\"wpforms-submit-spinner\" style=\"display: none;\" width=\"26\" height=\"26\" alt=\"Wird geladen\"><\/div><\/form><\/div>  <!-- .wpforms-container -->\t\t<\/div>\n\t\t\t\t<\/div>\n\t\t\t\t\t\t<\/div>\r\n\t\t\t\t<\/div>\r\n\t\t\t\t\t\t\t\t<\/div>\r\n\t\t\t<\/section>\r\n\t\t\t\t\t\t\t<\/div>\r\n\t\t\t\t<\/div>\r\n\t\t\t\t\t\t\t\t<\/div>\r\n\t\t\t<\/div>\r\n\t\t\t\t\t<div class=\" elementor-section elementor-top-section elementor-element elementor-element-842debc elementor-section-full_width alpha-section-stretched elementor-section-height-default elementor-section-height-default\" data-id=\"842debc\" data-element_type=\"section\">\r\n\t\t\t\t\t\t\t\t<div class=\"elementor-container elementor-column-gap-no\">\r\n\t\t\t\t\r\n\t\t\t\t\t\t\t\t<div class=\" elementor-column elementor-col-100 elementor-top-column elementor-element elementor-element-3341364 \" data-id=\"3341364\" data-element_type=\"column\">\r\n\r\n\t\t\t\t\r\n\t\t\t\t<div class=\"elementor-widget-wrap elementor-element-populated\">\r\n\t\t\t\t\t\t\t\t\t\t\r\n\t\t\t\t\t\t<div class=\"elementor-element elementor-element-55a56eb elementor-invisible elementor-widget elementor-widget-google_maps\" data-id=\"55a56eb\" data-element_type=\"widget\" data-settings=\"{&quot;_animation&quot;:&quot;fadeIn&quot;}\" data-widget_type=\"google_maps.default\">\n\t\t\t\t<div class=\"elementor-widget-container\">\n\t\t\t\t\t<div class=\"elementor-custom-embed\">\n\t\t\t<iframe loading=\"lazy\"\n\t\t\t\t\tsrc=\"https:\/\/maps.google.com\/maps?q=joldija&#038;t=m&#038;z=4&#038;output=embed&#038;iwloc=near\"\n\t\t\t\t\ttitle=\"joldija\"\n\t\t\t\t\taria-label=\"joldija\"\n\t\t\t><\/iframe>\n\t\t<\/div>\n\t\t\t\t<\/div>\n\t\t\t\t<\/div>\n\t\t\t\t\t\t<\/div>\r\n\t\t\t\t<\/div>\r\n\t\t\t\t\t\t\t\t<\/div>\r\n\t\t\t<\/div>\r\n\t\t\t\t\t<\/div>\n\t\t","protected":false},"excerpt":{"rendered":"<p>WIR SIND DANKBAR F\u00dcR DIE M\u00d6GLICHKEIT, MIT INSPIRIERENDEN MENSCHEN AN SO VIELEN AUSSERGEW\u00d6HNLICHEN PROJEKTEN ZU ARBEITEN Wir arbeiten w\u00e4hrend der gesamten Entwicklung und Herstellung mit Partnern zusammen und sind am gesamten Produktlebenszyklus beteiligt, von der Idee bis zur Markteinf\u00fchrung. Wir liefern ein breites Spektrum an innovativen L\u00f6sungen mit einem durchg\u00e4ngigen Ansatz von der Entwicklung neuer [&hellip;]<\/p>\n","protected":false},"author":3,"featured_media":0,"parent":0,"menu_order":0,"comment_status":"closed","ping_status":"closed","template":"","meta":{"footnotes":""},"class_list":["post-14608","page","type-page","status-publish","hentry"],"aioseo_notices":[],"_links":{"self":[{"href":"https:\/\/joldijagroup.com\/de\/wp-json\/wp\/v2\/pages\/14608","targetHints":{"allow":["GET"]}}],"collection":[{"href":"https:\/\/joldijagroup.com\/de\/wp-json\/wp\/v2\/pages"}],"about":[{"href":"https:\/\/joldijagroup.com\/de\/wp-json\/wp\/v2\/types\/page"}],"author":[{"embeddable":true,"href":"https:\/\/joldijagroup.com\/de\/wp-json\/wp\/v2\/users\/3"}],"replies":[{"embeddable":true,"href":"https:\/\/joldijagroup.com\/de\/wp-json\/wp\/v2\/comments?post=14608"}],"version-history":[{"count":13,"href":"https:\/\/joldijagroup.com\/de\/wp-json\/wp\/v2\/pages\/14608\/revisions"}],"predecessor-version":[{"id":23340,"href":"https:\/\/joldijagroup.com\/de\/wp-json\/wp\/v2\/pages\/14608\/revisions\/23340"}],"wp:attachment":[{"href":"https:\/\/joldijagroup.com\/de\/wp-json\/wp\/v2\/media?parent=14608"}],"curies":[{"name":"wp","href":"https:\/\/api.w.org\/{rel}","templated":true}]}}