{"id":14400,"date":"2024-08-19T16:21:58","date_gmt":"2024-08-19T13:21:58","guid":{"rendered":"https:\/\/joldijagroup.com\/nachhaltigkeit\/"},"modified":"2025-09-23T10:58:31","modified_gmt":"2025-09-23T07:58:31","slug":"nachhaltigkeit","status":"publish","type":"page","link":"https:\/\/joldijagroup.com\/de\/nachhaltigkeit\/","title":{"rendered":"Nachhaltigkeit"},"content":{"rendered":"\t\t<div data-elementor-type=\"wp-page\" data-elementor-id=\"14400\" class=\"elementor elementor-14400 elementor-12571\">\n\t\t\t\t\t\t<section class=\" elementor-section elementor-top-section elementor-element elementor-element-d0f034 elementor-section-full_width elementor-section-height-min-height alpha-section-stretched elementor-section-height-default elementor-section-items-middle\" data-id=\"d0f034\" data-element_type=\"section\">\r\n\t\t\t\t\t\t\t\t<div class=\"elementor-container elementor-column-gap-default\">\r\n\t\t\t\t\r\n\t\t\t\t\t\t\t\t<div class=\" elementor-column elementor-col-100 elementor-top-column elementor-element elementor-element-7edb8733 \" data-id=\"7edb8733\" data-element_type=\"column\">\r\n\r\n\t\t\t\t\r\n\t\t\t\t<div class=\"elementor-widget-wrap elementor-element-populated\">\r\n\t\t\t\t\t\t\t\t\t\t\r\n\t\t\t\t\t\t<div class=\"elementor-element elementor-element-c64c4e2 elementor-invisible elementor-widget elementor-widget-udesign_widget_banner\" data-id=\"c64c4e2\" data-element_type=\"widget\" data-settings=\"{&quot;_animation&quot;:&quot;fadeIn&quot;}\" data-widget_type=\"udesign_widget_banner.default\">\r\n\t\t\t\t<div class=\"elementor-widget-container\">\n\t\t\t<div class=\"banner banner-fixed\">\t<figure class=\"banner-img\">\r\n\t\t<img fetchpriority=\"high\" decoding=\"async\" width=\"1500\" height=\"500\" src=\"https:\/\/joldijagroup.com\/wp-content\/uploads\/2025\/01\/Untitled-design-5.png\" class=\"attachment-full size-full\" alt=\"Sustainability and growth Joldijagroup\" srcset=\"https:\/\/joldijagroup.com\/wp-content\/uploads\/2025\/01\/Untitled-design-5.png 1500w, https:\/\/joldijagroup.com\/wp-content\/uploads\/2025\/01\/Untitled-design-5-1024x341.png 1024w, https:\/\/joldijagroup.com\/wp-content\/uploads\/2025\/01\/Untitled-design-5-768x256.png 768w\" sizes=\"(max-width: 1500px) 100vw, 1500px\" \/>\t<\/figure>\r\n\t<div class=\"banner-content t-mc\"><div class=\"banner-item elementor-repeater-item-51d814a item-block\"  data-floating={\"type\":\"skr_fade_in\",\"m_track_dir\":\"\",\"m_track_speed\":0.5,\"scroll_size\":\"50\",\"scroll_stop\":\"center\"}><div class=\"floating-wrapper layer-wrapper elementor-repeater-item-51d814a-wrapper\" data-plugin='skrollr' data-options='{\"data-bottom-top\":\"transform: translate(0, 0); opacity: 0;\",\"data-center\":\"transform: translate(0%, 0%); opacity: 1;\"}' ><h3 class=\"text\">Nachhaltigkeit<\/h3><\/div><\/div><p class=\"banner-item elementor-repeater-item-47d6081 item-block text\">Unser Fokus auf Nachhaltigkeit sichert dauerhafte Werte durch Verantwortung und Wachstum<\/p><\/div><\/div>\t\t<\/div>\n\t\t\t\t<\/div>\n\t\t\t\t\t\t<\/div>\r\n\t\t\t\t<\/div>\r\n\t\t\t\t\t\t\t\t<\/div>\r\n\t\t\t<\/section>\r\n\t\t\t\t\t<section class=\" elementor-section elementor-top-section elementor-element elementor-element-7d55239 elementor-section-boxed elementor-section-height-default elementor-section-height-default\" data-id=\"7d55239\" data-element_type=\"section\">\r\n\t\t\t\t\t\t\t\t<div class=\"elementor-container elementor-column-gap-default\">\r\n\t\t\t\t\r\n\t\t\t\t\t\t\t\t<div class=\" elementor-column elementor-col-100 elementor-top-column elementor-element elementor-element-58e5503 \" data-id=\"58e5503\" data-element_type=\"column\">\r\n\r\n\t\t\t\t\r\n\t\t\t\t<div class=\"elementor-widget-wrap elementor-element-populated\">\r\n\t\t\t\t\t\t\t\t\t\t\r\n\t\t\t\t\t\t<div class=\"elementor-element elementor-element-c8429b7 elementor-widget elementor-widget-text-editor\" data-id=\"c8429b7\" data-element_type=\"widget\" data-widget_type=\"text-editor.default\">\n\t\t\t\t<div class=\"elementor-widget-container\">\n\t\t\t\t\t\t\t<p>Wir glauben, dass Unternehmen die Verantwortung haben, einen positiven Einfluss auf den Planeten zu nehmen und gleichzeitig einen Mehrwert f\u00fcr unsere Kunden, Mitarbeiter und Gemeinden zu schaffen. Unser Ansatz integriert \u00f6kologisches Verantwortungsbewusstsein, soziale Verantwortung und innovative Praktiken, um eine nachhaltigere Zukunft zu schaffen. Von der Reduzierung unseres CO2-Fu\u00dfabdrucks und der Minimierung des Abfallaufkommens bis hin zum Einsatz erneuerbarer Energien und der F\u00f6rderung ethischer Beschaffung &#8211; wir setzen uns f\u00fcr L\u00f6sungen ein, die ein Gleichgewicht zwischen Wachstum und dem Wohlergehen unseres Planeten herstellen. Gemeinsam stellen wir uns nicht nur eine nachhaltige Zukunft vor &#8211; wir schaffen sie.   <\/p>\n\t\t\t\t\t\t<\/div>\n\t\t\t\t<\/div>\n\t\t\t\t\t\t<\/div>\r\n\t\t\t\t<\/div>\r\n\t\t\t\t\t\t\t\t<\/div>\r\n\t\t\t<\/section>\r\n\t\t\t\t\t<section class=\" elementor-section elementor-top-section elementor-element elementor-element-af7f9d1 elementor-section-boxed elementor-section-height-default elementor-section-height-default\" data-id=\"af7f9d1\" data-element_type=\"section\" data-settings=\"{&quot;background_background&quot;:&quot;classic&quot;}\">\r\n\t\t\t\t\t\t\t\t<div class=\"elementor-container elementor-column-gap-default\">\r\n\t\t\t\t\r\n\t\t\t\t\t\t\t\t<div class=\" elementor-column elementor-col-25 elementor-top-column elementor-element elementor-element-eb57fa7 elementor-invisible \" data-id=\"eb57fa7\" data-element_type=\"column\" data-settings=\"{&quot;background_background&quot;:&quot;classic&quot;,&quot;animation&quot;:&quot;fadeInLeft&quot;,&quot;animation_delay&quot;:400}\">\r\n\r\n\t\t\t\t\r\n\t\t\t\t<div class=\"elementor-widget-wrap elementor-element-populated\">\r\n\t\t\t\t\t\t\t\t\t\t\r\n\t\t\t\t\t\t<div class=\"elementor-element elementor-element-5e2ddaf elementor-widget elementor-widget-image\" data-id=\"5e2ddaf\" data-element_type=\"widget\" data-widget_type=\"image.default\">\n\t\t\t\t<div class=\"elementor-widget-container\">\n\t\t\t\t\t\t\t\t\t\t\t\t\t<img decoding=\"async\" src=\"https:\/\/joldijagroup.com\/wp-content\/uploads\/elementor\/thumbs\/footprint-qznp1o6k4u9h0qyw6hj1mcnxyjp8mmv94w71qy2sm4.png\" title=\"footprint\" alt=\"footprint\" loading=\"lazy\" \/>\t\t\t\t\t\t\t\t\t\t\t\t\t<\/div>\n\t\t\t\t<\/div>\n\t\t\t\t<div class=\"elementor-element elementor-element-9c0e431 elementor-widget elementor-widget-heading\" data-id=\"9c0e431\" data-element_type=\"widget\" data-widget_type=\"heading.default\">\n\t\t\t\t<div class=\"elementor-widget-container\">\n\t\t\t<h2 class=\"elementor-heading-title elementor-size-default\">Kohlenstoff-Fu\u00dfabdruck bei 1,2<\/h2>\t\t<\/div>\n\t\t\t\t<\/div>\n\t\t\t\t<div class=\"elementor-element elementor-element-f8ed359 elementor-widget elementor-widget-text-editor\" data-id=\"f8ed359\" data-element_type=\"widget\" data-widget_type=\"text-editor.default\">\n\t\t\t\t<div class=\"elementor-widget-container\">\n\t\t\t\t\t\t\t<p>Wir messen und verwalten unseren CO2-Fu\u00dfabdruck und reduzieren die Emissionen aus dem Betrieb und der eingekauften Energie, um einen nachhaltigen Fu\u00dfabdruck zu erhalten.<\/p>\n\t\t\t\t\t\t<\/div>\n\t\t\t\t<\/div>\n\t\t\t\t\t\t<\/div>\r\n\t\t\t\t<\/div>\r\n\t\t\t\t\t\t\t\t\t<div class=\" elementor-column elementor-col-25 elementor-top-column elementor-element elementor-element-f7ebef7 elementor-invisible \" data-id=\"f7ebef7\" data-element_type=\"column\" data-settings=\"{&quot;background_background&quot;:&quot;classic&quot;,&quot;animation&quot;:&quot;fadeInLeft&quot;,&quot;animation_delay&quot;:300}\">\r\n\r\n\t\t\t\t\r\n\t\t\t\t<div class=\"elementor-widget-wrap elementor-element-populated\">\r\n\t\t\t\t\t\t\t\t\t\t\r\n\t\t\t\t\t\t<div class=\"elementor-element elementor-element-a768558 elementor-widget elementor-widget-image\" data-id=\"a768558\" data-element_type=\"widget\" data-widget_type=\"image.default\">\n\t\t\t\t<div class=\"elementor-widget-container\">\n\t\t\t\t\t\t\t\t\t\t\t\t\t<img decoding=\"async\" src=\"https:\/\/joldijagroup.com\/wp-content\/uploads\/elementor\/thumbs\/renewable-energy-icon-png-8-1-qznqf2l7bdvz6z7npu96nvw1vk7p5yzelehpqgtxlo.webp\" title=\"renewable-energy-icon-png-8 (1)\" alt=\"renewable-energy-icon-png-8 (1)\" loading=\"lazy\" \/>\t\t\t\t\t\t\t\t\t\t\t\t\t<\/div>\n\t\t\t\t<\/div>\n\t\t\t\t<div class=\"elementor-element elementor-element-c320dce elementor-widget elementor-widget-heading\" data-id=\"c320dce\" data-element_type=\"widget\" data-widget_type=\"heading.default\">\n\t\t\t\t<div class=\"elementor-widget-container\">\n\t\t\t<h2 class=\"elementor-heading-title elementor-size-default\">~70% Erneuerbare Energie<\/h2>\t\t<\/div>\n\t\t\t\t<\/div>\n\t\t\t\t<div class=\"elementor-element elementor-element-36d1b76 elementor-widget elementor-widget-text-editor\" data-id=\"36d1b76\" data-element_type=\"widget\" data-widget_type=\"text-editor.default\">\n\t\t\t\t<div class=\"elementor-widget-container\">\n\t\t\t\t\t\t\t<p>Wir setzen auf erneuerbare Energien und beziehen sauberen Strom, um die Nachhaltigkeit zu f\u00f6rdern und unsere Auswirkungen auf die Umwelt zu reduzieren.<\/p>\n\t\t\t\t\t\t<\/div>\n\t\t\t\t<\/div>\n\t\t\t\t\t\t<\/div>\r\n\t\t\t\t<\/div>\r\n\t\t\t\t\t\t\t\t\t<div class=\" elementor-column elementor-col-25 elementor-top-column elementor-element elementor-element-7ad2dac elementor-invisible \" data-id=\"7ad2dac\" data-element_type=\"column\" data-settings=\"{&quot;background_background&quot;:&quot;classic&quot;,&quot;animation&quot;:&quot;fadeInLeft&quot;,&quot;animation_delay&quot;:200}\">\r\n\r\n\t\t\t\t\r\n\t\t\t\t<div class=\"elementor-widget-wrap elementor-element-populated\">\r\n\t\t\t\t\t\t\t\t\t\t\r\n\t\t\t\t\t\t<div class=\"elementor-element elementor-element-a89afbc elementor-widget elementor-widget-image\" data-id=\"a89afbc\" data-element_type=\"widget\" data-widget_type=\"image.default\">\n\t\t\t\t<div class=\"elementor-widget-container\">\n\t\t\t\t\t\t\t\t\t\t\t\t\t<img decoding=\"async\" src=\"https:\/\/joldijagroup.com\/wp-content\/uploads\/elementor\/thumbs\/Untitled-design-7-e1736257589330-qznqs99p6pxs2225q1fs523tv58254buqnxx37a4bg.png\" title=\"Untitled design (7)\" alt=\"Untitled design (7)\" loading=\"lazy\" \/>\t\t\t\t\t\t\t\t\t\t\t\t\t<\/div>\n\t\t\t\t<\/div>\n\t\t\t\t<div class=\"elementor-element elementor-element-8526cd0 elementor-widget elementor-widget-heading\" data-id=\"8526cd0\" data-element_type=\"widget\" data-widget_type=\"heading.default\">\n\t\t\t\t<div class=\"elementor-widget-container\">\n\t\t\t<h2 class=\"elementor-heading-title elementor-size-default\">Kohlenstoff-Grenzanpassung  <\/h2>\t\t<\/div>\n\t\t\t\t<\/div>\n\t\t\t\t<div class=\"elementor-element elementor-element-c0179a6 elementor-widget elementor-widget-text-editor\" data-id=\"c0179a6\" data-element_type=\"widget\" data-widget_type=\"text-editor.default\">\n\t\t\t\t<div class=\"elementor-widget-container\">\n\t\t\t\t\t\t\t<p>Wir unterst\u00fctzen den Carbon Border Adjustment Mechanism, der den fairen Handel f\u00f6rdert und die Kohlenstoffemissionen in den Lieferketten reduziert.<\/p>\n\t\t\t\t\t\t<\/div>\n\t\t\t\t<\/div>\n\t\t\t\t\t\t<\/div>\r\n\t\t\t\t<\/div>\r\n\t\t\t\t\t\t\t\t\t<div class=\" elementor-column elementor-col-25 elementor-top-column elementor-element elementor-element-13d98c8 elementor-invisible \" data-id=\"13d98c8\" data-element_type=\"column\" data-settings=\"{&quot;background_background&quot;:&quot;classic&quot;,&quot;animation&quot;:&quot;fadeInLeft&quot;,&quot;animation_delay&quot;:100}\">\r\n\r\n\t\t\t\t\r\n\t\t\t\t<div class=\"elementor-widget-wrap elementor-element-populated\">\r\n\t\t\t\t\t\t\t\t\t\t\r\n\t\t\t\t\t\t<div class=\"elementor-element elementor-element-4a8316b elementor-widget elementor-widget-image\" data-id=\"4a8316b\" data-element_type=\"widget\" data-widget_type=\"image.default\">\n\t\t\t\t<div class=\"elementor-widget-container\">\n\t\t\t\t\t\t\t\t\t\t\t\t\t<img decoding=\"async\" src=\"https:\/\/joldijagroup.com\/wp-content\/uploads\/elementor\/thumbs\/Untitled-design-9-e1736257961446-qznr1yxnt38g0zy908kzwlvauhcloiw02qmjm4vo0s.png\" title=\"Untitled design (9)\" alt=\"Untitled design (9)\" loading=\"lazy\" \/>\t\t\t\t\t\t\t\t\t\t\t\t\t<\/div>\n\t\t\t\t<\/div>\n\t\t\t\t<div class=\"elementor-element elementor-element-cd829ce elementor-widget elementor-widget-heading\" data-id=\"cd829ce\" data-element_type=\"widget\" data-widget_type=\"heading.default\">\n\t\t\t\t<div class=\"elementor-widget-container\">\n\t\t\t<h2 class=\"elementor-heading-title elementor-size-default\">Forest Stewardship Council<\/h2>\t\t<\/div>\n\t\t\t\t<\/div>\n\t\t\t\t<div class=\"elementor-element elementor-element-f89fbfe elementor-widget elementor-widget-text-editor\" data-id=\"f89fbfe\" data-element_type=\"widget\" data-widget_type=\"text-editor.default\">\n\t\t\t\t<div class=\"elementor-widget-container\">\n\t\t\t\t\t\t\t<p>Wir unterst\u00fctzen den Forest Stewardship Council, der eine verantwortungsvolle Waldbewirtschaftung und nachhaltige Beschaffungspraktiken f\u00f6rdert.<\/p>\n\t\t\t\t\t\t<\/div>\n\t\t\t\t<\/div>\n\t\t\t\t\t\t<\/div>\r\n\t\t\t\t<\/div>\r\n\t\t\t\t\t\t\t\t<\/div>\r\n\t\t\t<\/section>\r\n\t\t\t\t\t<section class=\" elementor-section elementor-top-section elementor-element elementor-element-c0893df elementor-section-boxed elementor-section-height-default elementor-section-height-default\" data-id=\"c0893df\" data-element_type=\"section\">\r\n\t\t\t\t\t\t\t\t<div class=\"elementor-container elementor-column-gap-default\">\r\n\t\t\t\t\r\n\t\t\t\t\t\t\t\t<div class=\" elementor-column elementor-col-100 elementor-top-column elementor-element elementor-element-ee6e64e \" data-id=\"ee6e64e\" data-element_type=\"column\">\r\n\r\n\t\t\t\t\r\n\t\t\t\t<div class=\"elementor-widget-wrap elementor-element-populated\">\r\n\t\t\t\t\t\t\t\t\t\t\r\n\t\t\t\t\t\t<div class=\"elementor-element elementor-element-801ef7d elementor-widget elementor-widget-spacer\" data-id=\"801ef7d\" data-element_type=\"widget\" data-widget_type=\"spacer.default\">\n\t\t\t\t<div class=\"elementor-widget-container\">\n\t\t\t\t\t<div class=\"elementor-spacer\">\n\t\t\t<div class=\"elementor-spacer-inner\"><\/div>\n\t\t<\/div>\n\t\t\t\t<\/div>\n\t\t\t\t<\/div>\n\t\t\t\t\t\t<\/div>\r\n\t\t\t\t<\/div>\r\n\t\t\t\t\t\t\t\t<\/div>\r\n\t\t\t<\/section>\r\n\t\t\t\t\t<section class=\" elementor-section elementor-top-section elementor-element elementor-element-5eab1cb elementor-section-boxed elementor-section-height-default elementor-section-height-default\" data-id=\"5eab1cb\" data-element_type=\"section\">\r\n\t\t\t\t\t\t\t\t<div class=\"elementor-container elementor-column-gap-default\">\r\n\t\t\t\t\r\n\t\t\t\t\t\t\t\t<div class=\" elementor-column elementor-col-100 elementor-top-column elementor-element elementor-element-5e91aaa \" data-id=\"5e91aaa\" data-element_type=\"column\">\r\n\r\n\t\t\t\t\r\n\t\t\t\t<div class=\"elementor-widget-wrap elementor-element-populated\">\r\n\t\t\t\t\t\t\t\t\t\t\r\n\t\t\t\t\t\t<div class=\"elementor-element elementor-element-9a7aec4 elementor-widget elementor-widget-heading\" data-id=\"9a7aec4\" data-element_type=\"widget\" data-widget_type=\"heading.default\">\n\t\t\t\t<div class=\"elementor-widget-container\">\n\t\t\t<h2 class=\"elementor-heading-title elementor-size-default\">230 kW Solarkraftwerk  <\/h2>\t\t<\/div>\n\t\t\t\t<\/div>\n\t\t\t\t<div class=\"elementor-element elementor-element-fc545d1 elementor-widget elementor-widget-text-editor\" data-id=\"fc545d1\" data-element_type=\"widget\" data-widget_type=\"text-editor.default\">\n\t\t\t\t<div class=\"elementor-widget-container\">\n\t\t\t\t\t\t\t<div class=\"flex-shrink-0 flex flex-col relative items-end\"><div><div class=\"pt-0\"><div class=\"gizmo-bot-avatar flex h-8 w-8 items-center justify-center overflow-hidden rounded-full\"><div class=\"relative p-1 rounded-sm flex items-center justify-center bg-token-main-surface-primary text-token-text-primary h-8 w-8\">\u00a0<\/div><\/div><\/div><\/div><\/div><div class=\"group\/conversation-turn relative flex w-full min-w-0 flex-col agent-turn\"><div class=\"flex-col gap-1 md:gap-3\"><div class=\"flex max-w-full flex-col flex-grow\"><div class=\"min-h-8 text-message flex w-full flex-col items-end gap-2 whitespace-normal break-words text-start [.text-message+&amp;]:mt-5\" dir=\"auto\" data-message-author-role=\"assistant\" data-message-id=\"09a05415-5fab-49fb-9bda-6fc42f7d290d\" data-message-model-slug=\"gpt-4o\"><div class=\"flex w-full flex-col gap-1 empty:hidden first:pt-[3px]\"><div class=\"markdown prose w-full break-words dark:prose-invert light\"><p>W\u00e4hrend wir wachsen und unsere Dienstleistungen und unser Sortiment erweitern, bleiben wir der Nachhaltigkeit verpflichtet &#8211; ein grundlegender Aspekt unserer T\u00e4tigkeit. Dieses Engagement treibt Initiativen wie die Investition in erneuerbare Energiel\u00f6sungen an, zum Beispiel unser Solarkraftwerk. Durch die Nutzung sauberer, nachhaltiger Energie reduzieren wir nicht nur unsere Abh\u00e4ngigkeit von fossilen Brennstoffen, sondern auch unseren CO2-Fu\u00dfabdruck, indem wir unser Wachstum mit der Gesundheit und dem Wohlergehen des Planeten in Einklang bringen.<\/p><\/div><\/div><\/div><\/div><\/div><\/div>\t\t\t\t\t\t<\/div>\n\t\t\t\t<\/div>\n\t\t\t\t\t\t<\/div>\r\n\t\t\t\t<\/div>\r\n\t\t\t\t\t\t\t\t<\/div>\r\n\t\t\t<\/section>\r\n\t\t\t\t\t<section class=\" elementor-section elementor-top-section elementor-element elementor-element-59b2bf3 elementor-section-full_width elementor-section-height-default elementor-section-height-default\" data-id=\"59b2bf3\" data-element_type=\"section\">\r\n\t\t\t\t\t\t\t\t<div class=\"elementor-container elementor-column-gap-default\">\r\n\t\t\t\t\r\n\t\t\t\t\t\t\t\t<div class=\" elementor-column elementor-col-100 elementor-top-column elementor-element elementor-element-f1c5d66 \" data-id=\"f1c5d66\" data-element_type=\"column\">\r\n\r\n\t\t\t\t\r\n\t\t\t\t<div class=\"elementor-widget-wrap elementor-element-populated\">\r\n\t\t\t\t\t\t\t\t\t\t\r\n\t\t\t\t\t\t<div class=\"elementor-element elementor-element-ab372f2 elementor-invisible elementor-widget elementor-widget-image\" data-id=\"ab372f2\" data-element_type=\"widget\" data-settings=\"{&quot;_animation&quot;:&quot;slideInUp&quot;}\" data-widget_type=\"image.default\">\n\t\t\t\t<div class=\"elementor-widget-container\">\n\t\t\t\t\t\t\t\t\t\t\t\t\t<img decoding=\"async\" src=\"https:\/\/joldijagroup.com\/wp-content\/uploads\/2024\/08\/Dizainas-be-pavadinimo-2024-08-01T143210.560.jpg\" title=\"Dizainas be pavadinimo &#8211; 2024-08-01T143210.560\" alt=\"Dizainas be pavadinimo - 2024-08-01T143210.560\" loading=\"lazy\" \/>\t\t\t\t\t\t\t\t\t\t\t\t\t<\/div>\n\t\t\t\t<\/div>\n\t\t\t\t\t\t<\/div>\r\n\t\t\t\t<\/div>\r\n\t\t\t\t\t\t\t\t<\/div>\r\n\t\t\t<\/section>\r\n\t\t\t\t\t<section class=\" elementor-section elementor-top-section elementor-element elementor-element-98af8c7 elementor-section-boxed elementor-section-height-default elementor-section-height-default\" data-id=\"98af8c7\" data-element_type=\"section\">\r\n\t\t\t\t\t\t\t\t<div class=\"elementor-container elementor-column-gap-default\">\r\n\t\t\t\t\r\n\t\t\t\t\t\t\t\t<div class=\" elementor-column elementor-col-100 elementor-top-column elementor-element elementor-element-f0691f7 \" data-id=\"f0691f7\" data-element_type=\"column\">\r\n\r\n\t\t\t\t\r\n\t\t\t\t<div class=\"elementor-widget-wrap elementor-element-populated\">\r\n\t\t\t\t\t\t\t\t\t\t\r\n\t\t\t\t\t\t<div class=\"elementor-element elementor-element-ed8a1d6 elementor-widget elementor-widget-spacer\" data-id=\"ed8a1d6\" data-element_type=\"widget\" data-widget_type=\"spacer.default\">\n\t\t\t\t<div class=\"elementor-widget-container\">\n\t\t\t\t\t<div class=\"elementor-spacer\">\n\t\t\t<div class=\"elementor-spacer-inner\"><\/div>\n\t\t<\/div>\n\t\t\t\t<\/div>\n\t\t\t\t<\/div>\n\t\t\t\t\t\t<\/div>\r\n\t\t\t\t<\/div>\r\n\t\t\t\t\t\t\t\t<\/div>\r\n\t\t\t<\/section>\r\n\t\t\t\t\t<section class=\" elementor-section elementor-top-section elementor-element elementor-element-fc3a10a elementor-section-boxed elementor-section-height-default elementor-section-height-default\" data-id=\"fc3a10a\" data-element_type=\"section\">\r\n\t\t\t\t\t\t\t\t<div class=\"elementor-container elementor-column-gap-default\">\r\n\t\t\t\t\r\n\t\t\t\t\t\t\t\t<div class=\" elementor-column elementor-col-50 elementor-top-column elementor-element elementor-element-711285f \" data-id=\"711285f\" data-element_type=\"column\">\r\n\r\n\t\t\t\t\r\n\t\t\t\t<div class=\"elementor-widget-wrap elementor-element-populated\">\r\n\t\t\t\t\t\t\t\t\t\t\r\n\t\t\t\t\t\t<div class=\"elementor-element elementor-element-1cb2f60 elementor-invisible elementor-widget elementor-widget-image\" data-id=\"1cb2f60\" data-element_type=\"widget\" data-settings=\"{&quot;_animation&quot;:&quot;fadeInLeft&quot;}\" data-widget_type=\"image.default\">\n\t\t\t\t<div class=\"elementor-widget-container\">\n\t\t\t\t\t\t\t\t\t\t\t\t\t<img decoding=\"async\" width=\"800\" height=\"533\" src=\"https:\/\/joldijagroup.com\/wp-content\/uploads\/2025\/08\/Packaging2-mazinta.jpg\" class=\"attachment-large size-large wp-image-20775\" alt=\"\" srcset=\"https:\/\/joldijagroup.com\/wp-content\/uploads\/2025\/08\/Packaging2-mazinta.jpg 800w, https:\/\/joldijagroup.com\/wp-content\/uploads\/2025\/08\/Packaging2-mazinta-768x512.jpg 768w\" sizes=\"(max-width: 800px) 100vw, 800px\" \/>\t\t\t\t\t\t\t\t\t\t\t\t\t<\/div>\n\t\t\t\t<\/div>\n\t\t\t\t\t\t<\/div>\r\n\t\t\t\t<\/div>\r\n\t\t\t\t\t\t\t\t\t<div class=\" elementor-column elementor-col-50 elementor-top-column elementor-element elementor-element-5e004dd \" data-id=\"5e004dd\" data-element_type=\"column\">\r\n\r\n\t\t\t\t\r\n\t\t\t\t<div class=\"elementor-widget-wrap elementor-element-populated\">\r\n\t\t\t\t\t\t\t\t\t\t\r\n\t\t\t\t\t\t<div class=\"elementor-element elementor-element-54ecfc0 elementor-widget elementor-widget-heading\" data-id=\"54ecfc0\" data-element_type=\"widget\" data-widget_type=\"heading.default\">\n\t\t\t\t<div class=\"elementor-widget-container\">\n\t\t\t<h2 class=\"elementor-heading-title elementor-size-default\">Warum ist diese \u00c4nderung wichtig?<\/h2>\t\t<\/div>\n\t\t\t\t<\/div>\n\t\t\t\t<div class=\"elementor-element elementor-element-e6cf10f elementor-widget elementor-widget-text-editor\" data-id=\"e6cf10f\" data-element_type=\"widget\" data-widget_type=\"text-editor.default\">\n\t\t\t\t<div class=\"elementor-widget-container\">\n\t\t\t\t\t\t\t<p>Papierverpackungen bieten zuverl\u00e4ssigen Schutz f\u00fcr unsere Produkte, sind leicht recycelbar, reduzieren die Umweltbelastung und spiegeln unser Engagement wider, unseren Kunden eine nachhaltigere Auswahl zu bieten.<\/p>\n<p>Mit jedem Schritt, den wir machen, wird die Nachhaltigkeit st\u00e4rker in alle Bereiche von Joldija integriert &#8211; von unseren Produkten und Dienstleistungen bis hin zu unseren t\u00e4glichen Arbeitsabl\u00e4ufen. Gemeinsam k\u00f6nnen wir einen positiven Einfluss auf unseren Planeten aus\u00fcben.   <\/p>\n<p>Entscheiden Sie sich f\u00fcr Papierverpackungen und begleiten Sie uns auf unserem Weg in eine gr\u00fcnere Zukunft!<\/p>\n\t\t\t\t\t\t<\/div>\n\t\t\t\t<\/div>\n\t\t\t\t\t\t<\/div>\r\n\t\t\t\t<\/div>\r\n\t\t\t\t\t\t\t\t<\/div>\r\n\t\t\t<\/section>\r\n\t\t\t\t\t<\/div>\n\t\t","protected":false},"excerpt":{"rendered":"<p>Nachhaltigkeit Unser Fokus auf Nachhaltigkeit sichert dauerhafte Werte durch Verantwortung und Wachstum Wir glauben, dass Unternehmen die Verantwortung haben, einen positiven Einfluss auf den Planeten zu nehmen und gleichzeitig einen Mehrwert f\u00fcr unsere Kunden, Mitarbeiter und Gemeinden zu schaffen. Unser Ansatz integriert \u00f6kologisches Verantwortungsbewusstsein, soziale Verantwortung und innovative Praktiken, um eine nachhaltigere Zukunft zu schaffen. [&hellip;]<\/p>\n","protected":false},"author":3,"featured_media":0,"parent":0,"menu_order":0,"comment_status":"closed","ping_status":"closed","template":"elementor_header_footer","meta":{"footnotes":""},"class_list":["post-14400","page","type-page","status-publish","hentry"],"aioseo_notices":[],"_links":{"self":[{"href":"https:\/\/joldijagroup.com\/de\/wp-json\/wp\/v2\/pages\/14400","targetHints":{"allow":["GET"]}}],"collection":[{"href":"https:\/\/joldijagroup.com\/de\/wp-json\/wp\/v2\/pages"}],"about":[{"href":"https:\/\/joldijagroup.com\/de\/wp-json\/wp\/v2\/types\/page"}],"author":[{"embeddable":true,"href":"https:\/\/joldijagroup.com\/de\/wp-json\/wp\/v2\/users\/3"}],"replies":[{"embeddable":true,"href":"https:\/\/joldijagroup.com\/de\/wp-json\/wp\/v2\/comments?post=14400"}],"version-history":[{"count":17,"href":"https:\/\/joldijagroup.com\/de\/wp-json\/wp\/v2\/pages\/14400\/revisions"}],"predecessor-version":[{"id":21052,"href":"https:\/\/joldijagroup.com\/de\/wp-json\/wp\/v2\/pages\/14400\/revisions\/21052"}],"wp:attachment":[{"href":"https:\/\/joldijagroup.com\/de\/wp-json\/wp\/v2\/media?parent=14400"}],"curies":[{"name":"wp","href":"https:\/\/api.w.org\/{rel}","templated":true}]}}